{"id":432,"date":"2021-02-18T14:13:47","date_gmt":"2021-02-18T11:13:47","guid":{"rendered":"https:\/\/pioyun.com.tr\/?page_id=432"},"modified":"2021-03-09T00:36:51","modified_gmt":"2021-03-08T21:36:51","slug":"hareketli-airsoft-poligon","status":"publish","type":"page","link":"https:\/\/pioyun.com.tr\/en\/hareketli-airsoft-poligon\/","title":{"rendered":"Movable Airsoft Polygon"},"content":{"rendered":"\n<div class=\"wp-block-themeisle-blocks-advanced-columns has-2-columns has-desktop-equal-layout has-tablet-equal-layout has-mobile-collapsedRows-layout has-default-gap has-vertical-unset\" id=\"wp-block-themeisle-blocks-advanced-columns-5b6ca0b8\"><div class=\"wp-block-themeisle-blocks-advanced-columns-overlay\"><\/div><div class=\"innerblocks-wrap\">\n<div class=\"wp-block-themeisle-blocks-advanced-column\" id=\"wp-block-themeisle-blocks-advanced-column-981e42a5\">\n<div id=\"wp-block-themeisle-blocks-slider-853c1769\" class=\"wp-block-themeisle-blocks-slider glide\" data-per-view=\"1\" data-gap=\"0\" data-peek=\"0\" data-autoplay=\"false\" data-height=\"700px\" data-hide-arrows=\"false\"><div class=\"glide__track\" data-glide-el=\"track\"><div class=\"glide__slides\"><div class=\"wp-block-themeisle-blocks-slider-item-wrapper glide__slide\" tabindex=\"0\"><figure><img decoding=\"async\" class=\"wp-block-themeisle-blocks-slider-item\" src=\"https:\/\/pioyun.com.tr\/wp-content\/uploads\/2021\/02\/poligon2.jpg\" alt=\"\" title=\"\" data-id=\"245\"\/><\/figure><\/div><div class=\"wp-block-themeisle-blocks-slider-item-wrapper glide__slide\" tabindex=\"0\"><figure><img decoding=\"async\" class=\"wp-block-themeisle-blocks-slider-item\" src=\"https:\/\/pioyun.com.tr\/wp-content\/uploads\/2021\/02\/poligon1.jpg\" alt=\"\" title=\"\" data-id=\"244\"\/><\/figure><\/div><\/div><div class=\"glide__bullets\" data-glide-el=\"controls[nav]\"><button class=\"glide__bullet\" data-glide-dir=\"=0\"><\/button><button class=\"glide__bullet\" data-glide-dir=\"=1\"><\/button><\/div><\/div><\/div>\n<\/div>\n\n\n\n<div class=\"wp-block-themeisle-blocks-advanced-column\" id=\"wp-block-themeisle-blocks-advanced-column-f5bb88ed\">\n<p style=\"font-size:24px\"><strong>Hareketli Airsoft Poligon<\/strong><\/p>\n\n\n\n<p>Hedefler seni bekliyor! Ve sen \u015fimdi olmak istedi\u011fin yerde, olmak istedi\u011fin sava\u015f\u00e7\u0131s\u0131n!<\/p>\n\n\n\n<p>Ne kadar usta oldu\u011fun \u00f6nemli de\u011fil yeter ki bu heyecan\u0131 denemek iste!.. Ustalardan daha usta olabilirsin! Ger\u00e7e\u011fe en yak\u0131n tasar\u0131m ve kurulum i\u00e7in&nbsp;<strong>P\u0130 Oyun<\/strong>&nbsp;var. Sizlere heyecan\u0131n\u0131zda ve benzersiz deneyiminizde e\u015flik edecek.<\/p>\n\n\n\n<p><strong>20 g\u00fcn i\u00e7erisinde \u00fcretilip teslim edilmektedir.<\/strong><\/p>\n\n\n\n<p>3D g\u00f6rseller, \u0131\u015f\u0131kland\u0131rma, ses sistemi ve ger\u00e7e\u011fe en yak\u0131n silahlarla bir Texsas kasabas\u0131nda kovboy olmaya veya gelenleri a\u011f\u0131rlamaya var m\u0131s\u0131n\u0131z?<\/p>\n\n\n\n<p>Hedefler k\u0131r\u0131lmaz plexiglasstan imal edilmi\u015ftir. I\u015f\u0131kl\u0131 12 adet hedef vard\u0131r ve hedeflerden d\u00f6rt tanesine hareket kabiliyeti verilmi\u015ftir. Darbe alan hedefler \u00fcst\u00fcndeki sensor ve motor yard\u0131m\u0131 ile devrilir ve \u00e7\u0131\u011fl\u0131k atar. B\u00fct\u00fcn bu eylemleri elektronik tabelada puanlama olarak g\u00f6rebilirsiniz. Vurulan hedefler 5sn. i\u00e7inde randomize olarak tekrar oyuna haz\u0131r olur. Silahlar poligon sistemine uygun olarak i\u00e7lerine yerle\u015ftirilen ciple 15 at\u0131\u015fa kilitlenmi\u015ftir. Ger\u00e7e\u011fe ve ya\u015f seviyesine en uygun airsoft silahlar kullan\u0131l\u0131r. Silahlar\u0131m\u0131z KryTac marka olup bire bir replikad\u0131r.<\/p>\n\n\n\n<p>Silahlar fiyata dahil de\u011fildir !<\/p>\n\n\n\n<div class=\"wp-block-buttons is-layout-flex wp-block-buttons-is-layout-flex\">\n<div class=\"wp-block-button\"><a class=\"wp-block-button__link\" href=\"https:\/\/pioyun.com.tr\/shipping-form\/\">sipari\u015f formu<\/a><\/div>\n<\/div>\n<\/div>\n<\/div><\/div>\n\n\n\n<figure class=\"wp-block-embed is-type-video is-provider-youtube wp-block-embed-youtube wp-embed-aspect-4-3 wp-has-aspect-ratio\"><div class=\"wp-block-embed__wrapper\">\n<div class=\"nv-iframe-embed\"><iframe loading=\"lazy\" title=\"Movable Airsoft Polygon\" width=\"1200\" height=\"900\" src=\"https:\/\/www.youtube.com\/embed\/iaIXExzOTXE?feature=oembed\" frameborder=\"0\" allow=\"accelerometer; autoplay; clipboard-write; encrypted-media; gyroscope; picture-in-picture\" allowfullscreen><\/iframe><\/div>\n<\/div><\/figure>\n","protected":false},"excerpt":{"rendered":"","protected":false},"author":1,"featured_media":0,"parent":0,"menu_order":0,"comment_status":"closed","ping_status":"closed","template":"","meta":{"neve_meta_sidebar":"full-width","neve_meta_container":"","neve_meta_enable_content_width":"on","neve_meta_content_width":100,"neve_meta_title_alignment":"","neve_meta_author_avatar":"","neve_post_elements_order":"","neve_meta_disable_header":"","neve_meta_disable_footer":"","neve_meta_disable_title":"on","_themeisle_gutenberg_block_has_review":false,"footnotes":""},"yoast_head":"<!-- This site is optimized with the Yoast SEO plugin v24.5 - https:\/\/yoast.com\/wordpress\/plugins\/seo\/ -->\n<title>Hareketli Airsoft Poligon - Pi Oyun ve Otomat Makinalar\u0131<\/title>\n<meta name=\"robots\" content=\"index, follow, max-snippet:-1, max-image-preview:large, max-video-preview:-1\" \/>\n<link rel=\"canonical\" href=\"https:\/\/pioyun.com.tr\/en\/hareketli-airsoft-poligon\/\" \/>\n<meta property=\"og:locale\" content=\"en_US\" \/>\n<meta property=\"og:type\" content=\"article\" \/>\n<meta property=\"og:title\" content=\"Hareketli Airsoft Poligon - Pi Oyun ve Otomat Makinalar\u0131\" \/>\n<meta property=\"og:url\" content=\"https:\/\/pioyun.com.tr\/en\/hareketli-airsoft-poligon\/\" \/>\n<meta property=\"og:site_name\" content=\"Pi Oyun ve Otomat Makinalar\u0131\" \/>\n<meta property=\"article:modified_time\" content=\"2021-03-08T21:36:51+00:00\" \/>\n<meta property=\"og:image\" content=\"https:\/\/pioyun.com.tr\/wp-content\/uploads\/2021\/02\/poligon2.jpg\" \/>\n<meta name=\"twitter:card\" content=\"summary_large_image\" \/>\n<meta name=\"twitter:label1\" content=\"Est. reading time\" \/>\n\t<meta name=\"twitter:data1\" content=\"2 minutes\" \/>\n<script type=\"application\/ld+json\" class=\"yoast-schema-graph\">{\"@context\":\"https:\/\/schema.org\",\"@graph\":[{\"@type\":\"WebPage\",\"@id\":\"https:\/\/pioyun.com.tr\/hareketli-airsoft-poligon\/\",\"url\":\"https:\/\/pioyun.com.tr\/hareketli-airsoft-poligon\/\",\"name\":\"Hareketli Airsoft Poligon - Pi Oyun ve Otomat Makinalar\u0131\",\"isPartOf\":{\"@id\":\"https:\/\/pioyun.com.tr\/#website\"},\"primaryImageOfPage\":{\"@id\":\"https:\/\/pioyun.com.tr\/hareketli-airsoft-poligon\/#primaryimage\"},\"image\":{\"@id\":\"https:\/\/pioyun.com.tr\/hareketli-airsoft-poligon\/#primaryimage\"},\"thumbnailUrl\":\"https:\/\/pioyun.com.tr\/wp-content\/uploads\/2021\/02\/poligon2.jpg\",\"datePublished\":\"2021-02-18T11:13:47+00:00\",\"dateModified\":\"2021-03-08T21:36:51+00:00\",\"breadcrumb\":{\"@id\":\"https:\/\/pioyun.com.tr\/hareketli-airsoft-poligon\/#breadcrumb\"},\"inLanguage\":\"en-US\",\"potentialAction\":[{\"@type\":\"ReadAction\",\"target\":[\"https:\/\/pioyun.com.tr\/hareketli-airsoft-poligon\/\"]}]},{\"@type\":\"ImageObject\",\"inLanguage\":\"en-US\",\"@id\":\"https:\/\/pioyun.com.tr\/hareketli-airsoft-poligon\/#primaryimage\",\"url\":\"https:\/\/pioyun.com.tr\/wp-content\/uploads\/2021\/02\/poligon2.jpg\",\"contentUrl\":\"https:\/\/pioyun.com.tr\/wp-content\/uploads\/2021\/02\/poligon2.jpg\"},{\"@type\":\"BreadcrumbList\",\"@id\":\"https:\/\/pioyun.com.tr\/hareketli-airsoft-poligon\/#breadcrumb\",\"itemListElement\":[{\"@type\":\"ListItem\",\"position\":1,\"name\":\"Anasayfa\",\"item\":\"https:\/\/pioyun.com.tr\/\"},{\"@type\":\"ListItem\",\"position\":2,\"name\":\"Hareketli Airsoft Poligon\"}]},{\"@type\":\"WebSite\",\"@id\":\"https:\/\/pioyun.com.tr\/#website\",\"url\":\"https:\/\/pioyun.com.tr\/\",\"name\":\"Pi Oyun ve Otomat Makinalar\u0131\",\"description\":\"\",\"publisher\":{\"@id\":\"https:\/\/pioyun.com.tr\/#organization\"},\"potentialAction\":[{\"@type\":\"SearchAction\",\"target\":{\"@type\":\"EntryPoint\",\"urlTemplate\":\"https:\/\/pioyun.com.tr\/?s={search_term_string}\"},\"query-input\":{\"@type\":\"PropertyValueSpecification\",\"valueRequired\":true,\"valueName\":\"search_term_string\"}}],\"inLanguage\":\"en-US\"},{\"@type\":\"Organization\",\"@id\":\"https:\/\/pioyun.com.tr\/#organization\",\"name\":\"Pi Oyun ve Otomat Makinalar\u0131\",\"url\":\"https:\/\/pioyun.com.tr\/\",\"logo\":{\"@type\":\"ImageObject\",\"inLanguage\":\"en-US\",\"@id\":\"https:\/\/pioyun.com.tr\/#\/schema\/logo\/image\/\",\"url\":\"https:\/\/pioyun.com.tr\/wp-content\/uploads\/2021\/02\/pi-oyun-logo-youtube.png\",\"contentUrl\":\"https:\/\/pioyun.com.tr\/wp-content\/uploads\/2021\/02\/pi-oyun-logo-youtube.png\",\"width\":200,\"height\":201,\"caption\":\"Pi Oyun ve Otomat Makinalar\u0131\"},\"image\":{\"@id\":\"https:\/\/pioyun.com.tr\/#\/schema\/logo\/image\/\"},\"sameAs\":[\"https:\/\/www.instagram.com\/pioyun.com.tr\/\",\"https:\/\/www.youtube.com\/channel\/UCQiLtCDVegxIoJKS8mnVRKw\"]}]}<\/script>\n<!-- \/ Yoast SEO plugin. -->","yoast_head_json":{"title":"Hareketli Airsoft Poligon - Pi Oyun ve Otomat Makinalar\u0131","robots":{"index":"index","follow":"follow","max-snippet":"max-snippet:-1","max-image-preview":"max-image-preview:large","max-video-preview":"max-video-preview:-1"},"canonical":"https:\/\/pioyun.com.tr\/en\/hareketli-airsoft-poligon\/","og_locale":"en_US","og_type":"article","og_title":"Hareketli Airsoft Poligon - Pi Oyun ve Otomat Makinalar\u0131","og_url":"https:\/\/pioyun.com.tr\/en\/hareketli-airsoft-poligon\/","og_site_name":"Pi Oyun ve Otomat Makinalar\u0131","article_modified_time":"2021-03-08T21:36:51+00:00","og_image":[{"url":"https:\/\/pioyun.com.tr\/wp-content\/uploads\/2021\/02\/poligon2.jpg","type":"","width":"","height":""}],"twitter_card":"summary_large_image","twitter_misc":{"Est. reading time":"2 minutes"},"schema":{"@context":"https:\/\/schema.org","@graph":[{"@type":"WebPage","@id":"https:\/\/pioyun.com.tr\/hareketli-airsoft-poligon\/","url":"https:\/\/pioyun.com.tr\/hareketli-airsoft-poligon\/","name":"Hareketli Airsoft Poligon - Pi Oyun ve Otomat Makinalar\u0131","isPartOf":{"@id":"https:\/\/pioyun.com.tr\/#website"},"primaryImageOfPage":{"@id":"https:\/\/pioyun.com.tr\/hareketli-airsoft-poligon\/#primaryimage"},"image":{"@id":"https:\/\/pioyun.com.tr\/hareketli-airsoft-poligon\/#primaryimage"},"thumbnailUrl":"https:\/\/pioyun.com.tr\/wp-content\/uploads\/2021\/02\/poligon2.jpg","datePublished":"2021-02-18T11:13:47+00:00","dateModified":"2021-03-08T21:36:51+00:00","breadcrumb":{"@id":"https:\/\/pioyun.com.tr\/hareketli-airsoft-poligon\/#breadcrumb"},"inLanguage":"en-US","potentialAction":[{"@type":"ReadAction","target":["https:\/\/pioyun.com.tr\/hareketli-airsoft-poligon\/"]}]},{"@type":"ImageObject","inLanguage":"en-US","@id":"https:\/\/pioyun.com.tr\/hareketli-airsoft-poligon\/#primaryimage","url":"https:\/\/pioyun.com.tr\/wp-content\/uploads\/2021\/02\/poligon2.jpg","contentUrl":"https:\/\/pioyun.com.tr\/wp-content\/uploads\/2021\/02\/poligon2.jpg"},{"@type":"BreadcrumbList","@id":"https:\/\/pioyun.com.tr\/hareketli-airsoft-poligon\/#breadcrumb","itemListElement":[{"@type":"ListItem","position":1,"name":"Anasayfa","item":"https:\/\/pioyun.com.tr\/"},{"@type":"ListItem","position":2,"name":"Hareketli Airsoft Poligon"}]},{"@type":"WebSite","@id":"https:\/\/pioyun.com.tr\/#website","url":"https:\/\/pioyun.com.tr\/","name":"Pi Game and Vending Machines","description":"","publisher":{"@id":"https:\/\/pioyun.com.tr\/#organization"},"potentialAction":[{"@type":"SearchAction","target":{"@type":"EntryPoint","urlTemplate":"https:\/\/pioyun.com.tr\/?s={search_term_string}"},"query-input":{"@type":"PropertyValueSpecification","valueRequired":true,"valueName":"search_term_string"}}],"inLanguage":"en-US"},{"@type":"Organization","@id":"https:\/\/pioyun.com.tr\/#organization","name":"Pi Game and Vending Machines","url":"https:\/\/pioyun.com.tr\/","logo":{"@type":"ImageObject","inLanguage":"en-US","@id":"https:\/\/pioyun.com.tr\/#\/schema\/logo\/image\/","url":"https:\/\/pioyun.com.tr\/wp-content\/uploads\/2021\/02\/pi-oyun-logo-youtube.png","contentUrl":"https:\/\/pioyun.com.tr\/wp-content\/uploads\/2021\/02\/pi-oyun-logo-youtube.png","width":200,"height":201,"caption":"Pi Oyun ve Otomat Makinalar\u0131"},"image":{"@id":"https:\/\/pioyun.com.tr\/#\/schema\/logo\/image\/"},"sameAs":["https:\/\/www.instagram.com\/pioyun.com.tr\/","https:\/\/www.youtube.com\/channel\/UCQiLtCDVegxIoJKS8mnVRKw"]}]}},"_links":{"self":[{"href":"https:\/\/pioyun.com.tr\/en\/wp-json\/wp\/v2\/pages\/432"}],"collection":[{"href":"https:\/\/pioyun.com.tr\/en\/wp-json\/wp\/v2\/pages"}],"about":[{"href":"https:\/\/pioyun.com.tr\/en\/wp-json\/wp\/v2\/types\/page"}],"author":[{"embeddable":true,"href":"https:\/\/pioyun.com.tr\/en\/wp-json\/wp\/v2\/users\/1"}],"replies":[{"embeddable":true,"href":"https:\/\/pioyun.com.tr\/en\/wp-json\/wp\/v2\/comments?post=432"}],"version-history":[{"count":4,"href":"https:\/\/pioyun.com.tr\/en\/wp-json\/wp\/v2\/pages\/432\/revisions"}],"predecessor-version":[{"id":503,"href":"https:\/\/pioyun.com.tr\/en\/wp-json\/wp\/v2\/pages\/432\/revisions\/503"}],"wp:attachment":[{"href":"https:\/\/pioyun.com.tr\/en\/wp-json\/wp\/v2\/media?parent=432"}],"curies":[{"name":"wp","href":"https:\/\/api.w.org\/{rel}","templated":true}]}}