{"id":430,"date":"2021-02-18T14:11:26","date_gmt":"2021-02-18T11:11:26","guid":{"rendered":"https:\/\/pioyun.com.tr\/?page_id=430"},"modified":"2021-02-18T14:11:26","modified_gmt":"2021-02-18T11:11:26","slug":"elektronik-dart","status":"publish","type":"page","link":"https:\/\/pioyun.com.tr\/en\/elektronik-dart\/","title":{"rendered":"Electronic Darts"},"content":{"rendered":"\n<div class=\"wp-block-themeisle-blocks-advanced-columns has-2-columns has-desktop-equal-layout has-tablet-equal-layout has-mobile-collapsedRows-layout has-default-gap has-vertical-unset\" id=\"wp-block-themeisle-blocks-advanced-columns-5b6ca0b8\"><div class=\"wp-block-themeisle-blocks-advanced-columns-overlay\"><\/div><div class=\"innerblocks-wrap\">\n<div class=\"wp-block-themeisle-blocks-advanced-column\" id=\"wp-block-themeisle-blocks-advanced-column-981e42a5\">\n<div id=\"wp-block-themeisle-blocks-slider-853c1769\" class=\"wp-block-themeisle-blocks-slider glide\" data-per-view=\"1\" data-gap=\"0\" data-peek=\"0\" data-autoplay=\"false\" data-height=\"700px\" data-hide-arrows=\"false\"><div class=\"glide__track\" data-glide-el=\"track\"><div class=\"glide__slides\"><div class=\"wp-block-themeisle-blocks-slider-item-wrapper glide__slide\" tabindex=\"0\"><figure><img decoding=\"async\" class=\"wp-block-themeisle-blocks-slider-item\" src=\"https:\/\/pioyun.com.tr\/wp-content\/uploads\/2021\/02\/dart1.jpg\" alt=\"\" title=\"\" data-id=\"248\"\/><\/figure><\/div><div class=\"wp-block-themeisle-blocks-slider-item-wrapper glide__slide\" tabindex=\"0\"><figure><img decoding=\"async\" class=\"wp-block-themeisle-blocks-slider-item\" src=\"https:\/\/pioyun.com.tr\/wp-content\/uploads\/2021\/02\/dart2.jpg\" alt=\"\" title=\"\" data-id=\"249\"\/><\/figure><\/div><\/div><div class=\"glide__bullets\" data-glide-el=\"controls[nav]\"><button class=\"glide__bullet\" data-glide-dir=\"=0\"><\/button><button class=\"glide__bullet\" data-glide-dir=\"=1\"><\/button><\/div><\/div><\/div>\n<\/div>\n\n\n\n<div class=\"wp-block-themeisle-blocks-advanced-column\" id=\"wp-block-themeisle-blocks-advanced-column-f5bb88ed\">\n<p style=\"font-size:24px\"><strong>Elektronik Dart<\/strong><\/p>\n\n\n\n<p>D\u00fcnya Dart Federasyonu standartlar\u0131na g\u00f6re tasarlanm\u0131\u015ft\u0131r.<\/p>\n\n\n\n<p><strong>10 g\u00fcn i\u00e7erisinde \u00fcretilip teslim edilmektedir.<\/strong><\/p>\n\n\n\n<p>D\u00fcnya Dart Federasyonu standartlar\u0131na g\u00f6re dart tahtas\u0131n\u0131n merkezi (bullseye) yerden 173 cm yukar\u0131da olmal\u0131, dart tahtas\u0131ndan at\u0131\u015f \u00e7izgisine olan \u201cyatay\u201d mesafe 237 cm olmal\u0131d\u0131r. Bu standartta uygun olarak kullan\u0131c\u0131lar\u0131n at\u0131\u015f yapaca\u011f\u0131 mesafe lazer ile yere \u00e7izilmi\u015ftir. Dart malzemesi olarak Pi Oyun standartlar\u0131na uygun en kaliteli high gloss MDF kullan\u0131lm\u0131\u015ft\u0131r.<\/p>\n\n\n\n<p>At\u0131\u015f sisteminin kimde oldu\u011fu ve puanlama sistemi 32\u00d716 cm LED tabelada g\u00f6r\u00fcn\u00fcr. Oyun modunu ve ka\u00e7 ki\u015fi oynanaca\u011f\u0131n\u0131 oyuncular, elektronik panel \u00fcst\u00fcnden belirler.<\/p>\n\n\n\n<div class=\"wp-block-buttons is-layout-flex wp-block-buttons-is-layout-flex\">\n<div class=\"wp-block-button\"><a class=\"wp-block-button__link\" href=\"https:\/\/pioyun.com.tr\/shipping-form\/\">sipari\u015f formu<\/a><\/div>\n<\/div>\n<\/div>\n<\/div><\/div>\n\n\n\n<p><\/p>\n","protected":false},"excerpt":{"rendered":"","protected":false},"author":1,"featured_media":0,"parent":0,"menu_order":0,"comment_status":"closed","ping_status":"closed","template":"","meta":{"neve_meta_sidebar":"full-width","neve_meta_container":"","neve_meta_enable_content_width":"on","neve_meta_content_width":100,"neve_meta_title_alignment":"","neve_meta_author_avatar":"","neve_post_elements_order":"","neve_meta_disable_header":"","neve_meta_disable_footer":"","neve_meta_disable_title":"on","_themeisle_gutenberg_block_has_review":false,"footnotes":""},"class_list":["post-430","page","type-page","status-publish","hentry"],"yoast_head":"<!-- This site is optimized with the Yoast SEO plugin v27.4 - https:\/\/yoast.com\/product\/yoast-seo-wordpress\/ -->\n<title>Elektronik Dart - Pi Oyun ve Otomat Makinalar\u0131<\/title>\n<meta name=\"robots\" content=\"index, follow, max-snippet:-1, max-image-preview:large, max-video-preview:-1\" \/>\n<link rel=\"canonical\" href=\"https:\/\/pioyun.com.tr\/en\/elektronik-dart\/\" \/>\n<meta property=\"og:locale\" content=\"en_US\" \/>\n<meta property=\"og:type\" content=\"article\" \/>\n<meta property=\"og:title\" content=\"Elektronik Dart - Pi Oyun ve Otomat Makinalar\u0131\" \/>\n<meta property=\"og:url\" content=\"https:\/\/pioyun.com.tr\/en\/elektronik-dart\/\" \/>\n<meta property=\"og:site_name\" content=\"Pi Oyun ve Otomat Makinalar\u0131\" \/>\n<meta property=\"og:image\" content=\"https:\/\/pioyun.com.tr\/wp-content\/uploads\/2021\/02\/dart1.jpg\" \/>\n<meta name=\"twitter:card\" content=\"summary_large_image\" \/>\n<meta name=\"twitter:label1\" content=\"Est. reading time\" \/>\n\t<meta name=\"twitter:data1\" content=\"1 minute\" \/>\n<script type=\"application\/ld+json\" class=\"yoast-schema-graph\">{\"@context\":\"https:\\\/\\\/schema.org\",\"@graph\":[{\"@type\":\"WebPage\",\"@id\":\"https:\\\/\\\/pioyun.com.tr\\\/elektronik-dart\\\/\",\"url\":\"https:\\\/\\\/pioyun.com.tr\\\/elektronik-dart\\\/\",\"name\":\"Elektronik Dart - Pi Oyun ve Otomat Makinalar\u0131\",\"isPartOf\":{\"@id\":\"https:\\\/\\\/pioyun.com.tr\\\/#website\"},\"primaryImageOfPage\":{\"@id\":\"https:\\\/\\\/pioyun.com.tr\\\/elektronik-dart\\\/#primaryimage\"},\"image\":{\"@id\":\"https:\\\/\\\/pioyun.com.tr\\\/elektronik-dart\\\/#primaryimage\"},\"thumbnailUrl\":\"https:\\\/\\\/pioyun.com.tr\\\/wp-content\\\/uploads\\\/2021\\\/02\\\/dart1.jpg\",\"datePublished\":\"2021-02-18T11:11:26+00:00\",\"breadcrumb\":{\"@id\":\"https:\\\/\\\/pioyun.com.tr\\\/elektronik-dart\\\/#breadcrumb\"},\"inLanguage\":\"en-US\",\"potentialAction\":[{\"@type\":\"ReadAction\",\"target\":[\"https:\\\/\\\/pioyun.com.tr\\\/elektronik-dart\\\/\"]}]},{\"@type\":\"ImageObject\",\"inLanguage\":\"en-US\",\"@id\":\"https:\\\/\\\/pioyun.com.tr\\\/elektronik-dart\\\/#primaryimage\",\"url\":\"https:\\\/\\\/pioyun.com.tr\\\/wp-content\\\/uploads\\\/2021\\\/02\\\/dart1.jpg\",\"contentUrl\":\"https:\\\/\\\/pioyun.com.tr\\\/wp-content\\\/uploads\\\/2021\\\/02\\\/dart1.jpg\"},{\"@type\":\"BreadcrumbList\",\"@id\":\"https:\\\/\\\/pioyun.com.tr\\\/elektronik-dart\\\/#breadcrumb\",\"itemListElement\":[{\"@type\":\"ListItem\",\"position\":1,\"name\":\"Anasayfa\",\"item\":\"https:\\\/\\\/pioyun.com.tr\\\/\"},{\"@type\":\"ListItem\",\"position\":2,\"name\":\"Elektronik Dart\"}]},{\"@type\":\"WebSite\",\"@id\":\"https:\\\/\\\/pioyun.com.tr\\\/#website\",\"url\":\"https:\\\/\\\/pioyun.com.tr\\\/\",\"name\":\"Pi Oyun ve Otomat Makinalar\u0131\",\"description\":\"\",\"publisher\":{\"@id\":\"https:\\\/\\\/pioyun.com.tr\\\/#organization\"},\"potentialAction\":[{\"@type\":\"SearchAction\",\"target\":{\"@type\":\"EntryPoint\",\"urlTemplate\":\"https:\\\/\\\/pioyun.com.tr\\\/?s={search_term_string}\"},\"query-input\":{\"@type\":\"PropertyValueSpecification\",\"valueRequired\":true,\"valueName\":\"search_term_string\"}}],\"inLanguage\":\"en-US\"},{\"@type\":\"Organization\",\"@id\":\"https:\\\/\\\/pioyun.com.tr\\\/#organization\",\"name\":\"Pi Oyun ve Otomat Makinalar\u0131\",\"url\":\"https:\\\/\\\/pioyun.com.tr\\\/\",\"logo\":{\"@type\":\"ImageObject\",\"inLanguage\":\"en-US\",\"@id\":\"https:\\\/\\\/pioyun.com.tr\\\/#\\\/schema\\\/logo\\\/image\\\/\",\"url\":\"https:\\\/\\\/pioyun.com.tr\\\/wp-content\\\/uploads\\\/2021\\\/02\\\/pi-oyun-logo-youtube.png\",\"contentUrl\":\"https:\\\/\\\/pioyun.com.tr\\\/wp-content\\\/uploads\\\/2021\\\/02\\\/pi-oyun-logo-youtube.png\",\"width\":200,\"height\":201,\"caption\":\"Pi Oyun ve Otomat Makinalar\u0131\"},\"image\":{\"@id\":\"https:\\\/\\\/pioyun.com.tr\\\/#\\\/schema\\\/logo\\\/image\\\/\"},\"sameAs\":[\"https:\\\/\\\/www.instagram.com\\\/pioyun.com.tr\\\/\",\"https:\\\/\\\/www.youtube.com\\\/channel\\\/UCQiLtCDVegxIoJKS8mnVRKw\"]}]}<\/script>\n<!-- \/ Yoast SEO plugin. -->","yoast_head_json":{"title":"Elektronik Dart - Pi Oyun ve Otomat Makinalar\u0131","robots":{"index":"index","follow":"follow","max-snippet":"max-snippet:-1","max-image-preview":"max-image-preview:large","max-video-preview":"max-video-preview:-1"},"canonical":"https:\/\/pioyun.com.tr\/en\/elektronik-dart\/","og_locale":"en_US","og_type":"article","og_title":"Elektronik Dart - Pi Oyun ve Otomat Makinalar\u0131","og_url":"https:\/\/pioyun.com.tr\/en\/elektronik-dart\/","og_site_name":"Pi Oyun ve Otomat Makinalar\u0131","og_image":[{"url":"https:\/\/pioyun.com.tr\/wp-content\/uploads\/2021\/02\/dart1.jpg","type":"","width":"","height":""}],"twitter_card":"summary_large_image","twitter_misc":{"Est. reading time":"1 minute"},"schema":{"@context":"https:\/\/schema.org","@graph":[{"@type":"WebPage","@id":"https:\/\/pioyun.com.tr\/elektronik-dart\/","url":"https:\/\/pioyun.com.tr\/elektronik-dart\/","name":"Elektronik Dart - Pi Oyun ve Otomat Makinalar\u0131","isPartOf":{"@id":"https:\/\/pioyun.com.tr\/#website"},"primaryImageOfPage":{"@id":"https:\/\/pioyun.com.tr\/elektronik-dart\/#primaryimage"},"image":{"@id":"https:\/\/pioyun.com.tr\/elektronik-dart\/#primaryimage"},"thumbnailUrl":"https:\/\/pioyun.com.tr\/wp-content\/uploads\/2021\/02\/dart1.jpg","datePublished":"2021-02-18T11:11:26+00:00","breadcrumb":{"@id":"https:\/\/pioyun.com.tr\/elektronik-dart\/#breadcrumb"},"inLanguage":"en-US","potentialAction":[{"@type":"ReadAction","target":["https:\/\/pioyun.com.tr\/elektronik-dart\/"]}]},{"@type":"ImageObject","inLanguage":"en-US","@id":"https:\/\/pioyun.com.tr\/elektronik-dart\/#primaryimage","url":"https:\/\/pioyun.com.tr\/wp-content\/uploads\/2021\/02\/dart1.jpg","contentUrl":"https:\/\/pioyun.com.tr\/wp-content\/uploads\/2021\/02\/dart1.jpg"},{"@type":"BreadcrumbList","@id":"https:\/\/pioyun.com.tr\/elektronik-dart\/#breadcrumb","itemListElement":[{"@type":"ListItem","position":1,"name":"Anasayfa","item":"https:\/\/pioyun.com.tr\/"},{"@type":"ListItem","position":2,"name":"Elektronik Dart"}]},{"@type":"WebSite","@id":"https:\/\/pioyun.com.tr\/#website","url":"https:\/\/pioyun.com.tr\/","name":"Pi Game and Vending Machines","description":"","publisher":{"@id":"https:\/\/pioyun.com.tr\/#organization"},"potentialAction":[{"@type":"SearchAction","target":{"@type":"EntryPoint","urlTemplate":"https:\/\/pioyun.com.tr\/?s={search_term_string}"},"query-input":{"@type":"PropertyValueSpecification","valueRequired":true,"valueName":"search_term_string"}}],"inLanguage":"en-US"},{"@type":"Organization","@id":"https:\/\/pioyun.com.tr\/#organization","name":"Pi Game and Vending Machines","url":"https:\/\/pioyun.com.tr\/","logo":{"@type":"ImageObject","inLanguage":"en-US","@id":"https:\/\/pioyun.com.tr\/#\/schema\/logo\/image\/","url":"https:\/\/pioyun.com.tr\/wp-content\/uploads\/2021\/02\/pi-oyun-logo-youtube.png","contentUrl":"https:\/\/pioyun.com.tr\/wp-content\/uploads\/2021\/02\/pi-oyun-logo-youtube.png","width":200,"height":201,"caption":"Pi Oyun ve Otomat Makinalar\u0131"},"image":{"@id":"https:\/\/pioyun.com.tr\/#\/schema\/logo\/image\/"},"sameAs":["https:\/\/www.instagram.com\/pioyun.com.tr\/","https:\/\/www.youtube.com\/channel\/UCQiLtCDVegxIoJKS8mnVRKw"]}]}},"_links":{"self":[{"href":"https:\/\/pioyun.com.tr\/en\/wp-json\/wp\/v2\/pages\/430","targetHints":{"allow":["GET"]}}],"collection":[{"href":"https:\/\/pioyun.com.tr\/en\/wp-json\/wp\/v2\/pages"}],"about":[{"href":"https:\/\/pioyun.com.tr\/en\/wp-json\/wp\/v2\/types\/page"}],"author":[{"embeddable":true,"href":"https:\/\/pioyun.com.tr\/en\/wp-json\/wp\/v2\/users\/1"}],"replies":[{"embeddable":true,"href":"https:\/\/pioyun.com.tr\/en\/wp-json\/wp\/v2\/comments?post=430"}],"version-history":[{"count":1,"href":"https:\/\/pioyun.com.tr\/en\/wp-json\/wp\/v2\/pages\/430\/revisions"}],"predecessor-version":[{"id":431,"href":"https:\/\/pioyun.com.tr\/en\/wp-json\/wp\/v2\/pages\/430\/revisions\/431"}],"wp:attachment":[{"href":"https:\/\/pioyun.com.tr\/en\/wp-json\/wp\/v2\/media?parent=430"}],"curies":[{"name":"wp","href":"https:\/\/api.w.org\/{rel}","templated":true}]}}