{"id":426,"date":"2021-02-18T14:06:54","date_gmt":"2021-02-18T11:06:54","guid":{"rendered":"https:\/\/pioyun.com.tr\/?page_id=426"},"modified":"2021-03-13T13:06:04","modified_gmt":"2021-03-13T10:06:04","slug":"yaparsin-askim","status":"publish","type":"page","link":"https:\/\/pioyun.com.tr\/en\/yaparsin-askim\/","title":{"rendered":"You Can Do It, My Love"},"content":{"rendered":"\n<div class=\"wp-block-themeisle-blocks-advanced-columns has-2-columns has-desktop-equal-layout has-tablet-equal-layout has-mobile-collapsedRows-layout has-default-gap has-vertical-unset\" id=\"wp-block-themeisle-blocks-advanced-columns-5b6ca0b8\"><div class=\"wp-block-themeisle-blocks-advanced-columns-overlay\"><\/div><div class=\"innerblocks-wrap\">\n<div class=\"wp-block-themeisle-blocks-advanced-column\" id=\"wp-block-themeisle-blocks-advanced-column-981e42a5\">\n<div id=\"wp-block-themeisle-blocks-slider-853c1769\" class=\"wp-block-themeisle-blocks-slider glide\" data-per-view=\"1\" data-gap=\"0\" data-peek=\"0\" data-autoplay=\"false\" data-height=\"700px\" data-hide-arrows=\"false\"><div class=\"glide__track\" data-glide-el=\"track\"><div class=\"glide__slides\"><div class=\"wp-block-themeisle-blocks-slider-item-wrapper glide__slide\" tabindex=\"0\"><figure><img decoding=\"async\" class=\"wp-block-themeisle-blocks-slider-item\" src=\"https:\/\/pioyun.com.tr\/wp-content\/uploads\/2021\/03\/1-1.jpg\" alt=\"\" title=\"\" data-id=\"514\"\/><\/figure><\/div><div class=\"wp-block-themeisle-blocks-slider-item-wrapper glide__slide\" tabindex=\"0\"><figure><img decoding=\"async\" class=\"wp-block-themeisle-blocks-slider-item\" src=\"https:\/\/pioyun.com.tr\/wp-content\/uploads\/2021\/02\/yaparsinaskim.jpg\" alt=\"\" title=\"\" data-id=\"240\"\/><\/figure><\/div><div class=\"wp-block-themeisle-blocks-slider-item-wrapper glide__slide\" tabindex=\"0\"><figure><img decoding=\"async\" class=\"wp-block-themeisle-blocks-slider-item\" src=\"https:\/\/pioyun.com.tr\/wp-content\/uploads\/2021\/03\/2-1.jpg\" alt=\"\" title=\"\" data-id=\"515\"\/><\/figure><\/div><div class=\"wp-block-themeisle-blocks-slider-item-wrapper glide__slide\" tabindex=\"0\"><figure><img decoding=\"async\" class=\"wp-block-themeisle-blocks-slider-item\" src=\"https:\/\/pioyun.com.tr\/wp-content\/uploads\/2021\/03\/3-1.jpg\" alt=\"\" title=\"\" data-id=\"516\"\/><\/figure><\/div><\/div><div class=\"glide__bullets\" data-glide-el=\"controls[nav]\"><button class=\"glide__bullet\" data-glide-dir=\"=0\"><\/button><button class=\"glide__bullet\" data-glide-dir=\"=1\"><\/button><button class=\"glide__bullet\" data-glide-dir=\"=2\"><\/button><button class=\"glide__bullet\" data-glide-dir=\"=3\"><\/button><\/div><\/div><\/div>\n<\/div>\n\n\n\n<div class=\"wp-block-themeisle-blocks-advanced-column\" id=\"wp-block-themeisle-blocks-advanced-column-f5bb88ed\">\n<p style=\"font-size:24px\"><strong>Yapars\u0131n A\u015fk\u0131m<\/strong><\/p>\n\n\n\n<p>Biraz cesaret biraz motive ama en \u00e7ok h\u0131z\u0131n, kuvvetin ve dengenin orant\u0131l\u0131 kullan\u0131m\u0131. \u0130\u015fin zor ama \u201cYapars\u0131n A\u015fk\u0131m!\u201d<\/p>\n\n\n\n<p>Yine Karnaval klasiklerinden olan \u201cLucky Ball\u201d oyunu sizin i\u00e7in d\u00fcnyada en son trend<\/p>\n\n\n\n<p><strong>20 g\u00fcn i\u00e7erisinde \u00fcretilip teslim edilmektedir.<\/strong><\/p>\n\n\n\n<p>Ticket redemption oyun sistemine d\u00f6n\u00fc\u015ft\u00fcr\u00fcld\u00fc. Nostaljik heyecanlara haz\u0131r m\u0131s\u0131n\u0131z?<\/p>\n\n\n\n<p>Bir jetona iki at\u0131\u015f hakk\u0131, 2\/1 bir bilet, 2\/2 be\u015f bilet! Oyunda ama\u00e7 topu ittirip ilk rampay\u0131 ge\u00e7ip arka \u00e7ukurda durdurabilmek. 2\/1 skoru yeterince zor!.. 2\/2 skoru \u00e7ok zor!.. Makinemizde skorlara verilen bilet say\u0131s\u0131n\u0131 ayarlayabilirsiniz. Makinenin tamam\u0131 profil karkas \u00fczerine al\u00fcminyum kompozit malzemeden olu\u015fturuldu. WS 2811 piksel LED\u2019ler ile \u0131\u015f\u0131kland\u0131r\u0131ld\u0131. Krom nikel borular kullan\u0131ld\u0131.<\/p>\n\n\n\n<p>Estetik ve kalitenin en \u00fcst d\u00fczeyde bulu\u015ftu\u011fu \u201cYapars\u0131n A\u015fk\u0131m\u201d oyun makinesi siz k\u0131ymetli sekt\u00f6r arkada\u015flar\u0131m\u0131z\u0131n en de\u011ferli varl\u0131\u011f\u0131 olacak! M\u00fc\u015fterilerinize bu memnuniyeti ya\u015fatmaktan onur duyacaks\u0131n\u0131z.<\/p>\n\n\n\n<div class=\"wp-block-buttons is-layout-flex wp-block-buttons-is-layout-flex\">\n<div class=\"wp-block-button\"><a class=\"wp-block-button__link\" href=\"https:\/\/pioyun.com.tr\/shipping-form\/\">sipari\u015f formu<\/a><\/div>\n<\/div>\n<\/div>\n<\/div><\/div>\n\n\n\n<figure class=\"wp-block-embed is-type-video is-provider-youtube wp-block-embed-youtube wp-embed-aspect-4-3 wp-has-aspect-ratio\"><div class=\"wp-block-embed__wrapper\">\n<div class=\"nv-iframe-embed\"><iframe loading=\"lazy\" title=\"Yaparsin A\u015fk\u0131m\" width=\"1200\" height=\"900\" src=\"https:\/\/www.youtube.com\/embed\/70qqs2UGWI8?feature=oembed\" frameborder=\"0\" allow=\"accelerometer; autoplay; clipboard-write; encrypted-media; gyroscope; picture-in-picture\" allowfullscreen><\/iframe><\/div>\n<\/div><\/figure>\n\n\n\n<p><\/p>\n\n\n\n<figure class=\"wp-block-embed is-type-video is-provider-youtube wp-block-embed-youtube wp-embed-aspect-16-9 wp-has-aspect-ratio\"><div class=\"wp-block-embed__wrapper\">\n<div class=\"nv-iframe-embed\"><iframe loading=\"lazy\" title=\"You can do it, my love\" width=\"1200\" height=\"675\" src=\"https:\/\/www.youtube.com\/embed\/7GvujLkLdq4?feature=oembed\" frameborder=\"0\" allow=\"accelerometer; autoplay; clipboard-write; encrypted-media; gyroscope; picture-in-picture\" allowfullscreen><\/iframe><\/div>\n<\/div><\/figure>\n\n\n\n<p><\/p>\n","protected":false},"excerpt":{"rendered":"","protected":false},"author":1,"featured_media":0,"parent":0,"menu_order":0,"comment_status":"closed","ping_status":"closed","template":"","meta":{"neve_meta_sidebar":"full-width","neve_meta_container":"","neve_meta_enable_content_width":"on","neve_meta_content_width":100,"neve_meta_title_alignment":"","neve_meta_author_avatar":"","neve_post_elements_order":"","neve_meta_disable_header":"","neve_meta_disable_footer":"","neve_meta_disable_title":"on","_themeisle_gutenberg_block_has_review":false,"footnotes":""},"yoast_head":"<!-- This site is optimized with the Yoast SEO plugin v24.5 - https:\/\/yoast.com\/wordpress\/plugins\/seo\/ -->\n<title>Yapars\u0131n A\u015fk\u0131m - Pi Oyun ve Otomat Makinalar\u0131<\/title>\n<meta name=\"robots\" content=\"index, follow, max-snippet:-1, max-image-preview:large, max-video-preview:-1\" \/>\n<link rel=\"canonical\" href=\"https:\/\/pioyun.com.tr\/en\/yaparsin-askim\/\" \/>\n<meta property=\"og:locale\" content=\"en_US\" \/>\n<meta property=\"og:type\" content=\"article\" \/>\n<meta property=\"og:title\" content=\"Yapars\u0131n A\u015fk\u0131m - Pi Oyun ve Otomat Makinalar\u0131\" \/>\n<meta property=\"og:url\" content=\"https:\/\/pioyun.com.tr\/en\/yaparsin-askim\/\" \/>\n<meta property=\"og:site_name\" content=\"Pi Oyun ve Otomat Makinalar\u0131\" \/>\n<meta property=\"article:modified_time\" content=\"2021-03-13T10:06:04+00:00\" \/>\n<meta property=\"og:image\" content=\"https:\/\/pioyun.com.tr\/wp-content\/uploads\/2021\/03\/1-1.jpg\" \/>\n<meta name=\"twitter:card\" content=\"summary_large_image\" \/>\n<meta name=\"twitter:label1\" content=\"Est. reading time\" \/>\n\t<meta name=\"twitter:data1\" content=\"2 minutes\" \/>\n<script type=\"application\/ld+json\" class=\"yoast-schema-graph\">{\"@context\":\"https:\/\/schema.org\",\"@graph\":[{\"@type\":\"WebPage\",\"@id\":\"https:\/\/pioyun.com.tr\/yaparsin-askim\/\",\"url\":\"https:\/\/pioyun.com.tr\/yaparsin-askim\/\",\"name\":\"Yapars\u0131n A\u015fk\u0131m - Pi Oyun ve Otomat Makinalar\u0131\",\"isPartOf\":{\"@id\":\"https:\/\/pioyun.com.tr\/#website\"},\"primaryImageOfPage\":{\"@id\":\"https:\/\/pioyun.com.tr\/yaparsin-askim\/#primaryimage\"},\"image\":{\"@id\":\"https:\/\/pioyun.com.tr\/yaparsin-askim\/#primaryimage\"},\"thumbnailUrl\":\"https:\/\/pioyun.com.tr\/wp-content\/uploads\/2021\/03\/1-1.jpg\",\"datePublished\":\"2021-02-18T11:06:54+00:00\",\"dateModified\":\"2021-03-13T10:06:04+00:00\",\"breadcrumb\":{\"@id\":\"https:\/\/pioyun.com.tr\/yaparsin-askim\/#breadcrumb\"},\"inLanguage\":\"en-US\",\"potentialAction\":[{\"@type\":\"ReadAction\",\"target\":[\"https:\/\/pioyun.com.tr\/yaparsin-askim\/\"]}]},{\"@type\":\"ImageObject\",\"inLanguage\":\"en-US\",\"@id\":\"https:\/\/pioyun.com.tr\/yaparsin-askim\/#primaryimage\",\"url\":\"https:\/\/pioyun.com.tr\/wp-content\/uploads\/2021\/03\/1-1.jpg\",\"contentUrl\":\"https:\/\/pioyun.com.tr\/wp-content\/uploads\/2021\/03\/1-1.jpg\"},{\"@type\":\"BreadcrumbList\",\"@id\":\"https:\/\/pioyun.com.tr\/yaparsin-askim\/#breadcrumb\",\"itemListElement\":[{\"@type\":\"ListItem\",\"position\":1,\"name\":\"Anasayfa\",\"item\":\"https:\/\/pioyun.com.tr\/\"},{\"@type\":\"ListItem\",\"position\":2,\"name\":\"Yapars\u0131n A\u015fk\u0131m\"}]},{\"@type\":\"WebSite\",\"@id\":\"https:\/\/pioyun.com.tr\/#website\",\"url\":\"https:\/\/pioyun.com.tr\/\",\"name\":\"Pi Oyun ve Otomat Makinalar\u0131\",\"description\":\"\",\"publisher\":{\"@id\":\"https:\/\/pioyun.com.tr\/#organization\"},\"potentialAction\":[{\"@type\":\"SearchAction\",\"target\":{\"@type\":\"EntryPoint\",\"urlTemplate\":\"https:\/\/pioyun.com.tr\/?s={search_term_string}\"},\"query-input\":{\"@type\":\"PropertyValueSpecification\",\"valueRequired\":true,\"valueName\":\"search_term_string\"}}],\"inLanguage\":\"en-US\"},{\"@type\":\"Organization\",\"@id\":\"https:\/\/pioyun.com.tr\/#organization\",\"name\":\"Pi Oyun ve Otomat Makinalar\u0131\",\"url\":\"https:\/\/pioyun.com.tr\/\",\"logo\":{\"@type\":\"ImageObject\",\"inLanguage\":\"en-US\",\"@id\":\"https:\/\/pioyun.com.tr\/#\/schema\/logo\/image\/\",\"url\":\"https:\/\/pioyun.com.tr\/wp-content\/uploads\/2021\/02\/pi-oyun-logo-youtube.png\",\"contentUrl\":\"https:\/\/pioyun.com.tr\/wp-content\/uploads\/2021\/02\/pi-oyun-logo-youtube.png\",\"width\":200,\"height\":201,\"caption\":\"Pi Oyun ve Otomat Makinalar\u0131\"},\"image\":{\"@id\":\"https:\/\/pioyun.com.tr\/#\/schema\/logo\/image\/\"},\"sameAs\":[\"https:\/\/www.instagram.com\/pioyun.com.tr\/\",\"https:\/\/www.youtube.com\/channel\/UCQiLtCDVegxIoJKS8mnVRKw\"]}]}<\/script>\n<!-- \/ Yoast SEO plugin. -->","yoast_head_json":{"title":"Yapars\u0131n A\u015fk\u0131m - Pi Oyun ve Otomat Makinalar\u0131","robots":{"index":"index","follow":"follow","max-snippet":"max-snippet:-1","max-image-preview":"max-image-preview:large","max-video-preview":"max-video-preview:-1"},"canonical":"https:\/\/pioyun.com.tr\/en\/yaparsin-askim\/","og_locale":"en_US","og_type":"article","og_title":"Yapars\u0131n A\u015fk\u0131m - Pi Oyun ve Otomat Makinalar\u0131","og_url":"https:\/\/pioyun.com.tr\/en\/yaparsin-askim\/","og_site_name":"Pi Oyun ve Otomat Makinalar\u0131","article_modified_time":"2021-03-13T10:06:04+00:00","og_image":[{"url":"https:\/\/pioyun.com.tr\/wp-content\/uploads\/2021\/03\/1-1.jpg","type":"","width":"","height":""}],"twitter_card":"summary_large_image","twitter_misc":{"Est. reading time":"2 minutes"},"schema":{"@context":"https:\/\/schema.org","@graph":[{"@type":"WebPage","@id":"https:\/\/pioyun.com.tr\/yaparsin-askim\/","url":"https:\/\/pioyun.com.tr\/yaparsin-askim\/","name":"Yapars\u0131n A\u015fk\u0131m - Pi Oyun ve Otomat Makinalar\u0131","isPartOf":{"@id":"https:\/\/pioyun.com.tr\/#website"},"primaryImageOfPage":{"@id":"https:\/\/pioyun.com.tr\/yaparsin-askim\/#primaryimage"},"image":{"@id":"https:\/\/pioyun.com.tr\/yaparsin-askim\/#primaryimage"},"thumbnailUrl":"https:\/\/pioyun.com.tr\/wp-content\/uploads\/2021\/03\/1-1.jpg","datePublished":"2021-02-18T11:06:54+00:00","dateModified":"2021-03-13T10:06:04+00:00","breadcrumb":{"@id":"https:\/\/pioyun.com.tr\/yaparsin-askim\/#breadcrumb"},"inLanguage":"en-US","potentialAction":[{"@type":"ReadAction","target":["https:\/\/pioyun.com.tr\/yaparsin-askim\/"]}]},{"@type":"ImageObject","inLanguage":"en-US","@id":"https:\/\/pioyun.com.tr\/yaparsin-askim\/#primaryimage","url":"https:\/\/pioyun.com.tr\/wp-content\/uploads\/2021\/03\/1-1.jpg","contentUrl":"https:\/\/pioyun.com.tr\/wp-content\/uploads\/2021\/03\/1-1.jpg"},{"@type":"BreadcrumbList","@id":"https:\/\/pioyun.com.tr\/yaparsin-askim\/#breadcrumb","itemListElement":[{"@type":"ListItem","position":1,"name":"Anasayfa","item":"https:\/\/pioyun.com.tr\/"},{"@type":"ListItem","position":2,"name":"Yapars\u0131n A\u015fk\u0131m"}]},{"@type":"WebSite","@id":"https:\/\/pioyun.com.tr\/#website","url":"https:\/\/pioyun.com.tr\/","name":"Pi Game and Vending Machines","description":"","publisher":{"@id":"https:\/\/pioyun.com.tr\/#organization"},"potentialAction":[{"@type":"SearchAction","target":{"@type":"EntryPoint","urlTemplate":"https:\/\/pioyun.com.tr\/?s={search_term_string}"},"query-input":{"@type":"PropertyValueSpecification","valueRequired":true,"valueName":"search_term_string"}}],"inLanguage":"en-US"},{"@type":"Organization","@id":"https:\/\/pioyun.com.tr\/#organization","name":"Pi Game and Vending Machines","url":"https:\/\/pioyun.com.tr\/","logo":{"@type":"ImageObject","inLanguage":"en-US","@id":"https:\/\/pioyun.com.tr\/#\/schema\/logo\/image\/","url":"https:\/\/pioyun.com.tr\/wp-content\/uploads\/2021\/02\/pi-oyun-logo-youtube.png","contentUrl":"https:\/\/pioyun.com.tr\/wp-content\/uploads\/2021\/02\/pi-oyun-logo-youtube.png","width":200,"height":201,"caption":"Pi Oyun ve Otomat Makinalar\u0131"},"image":{"@id":"https:\/\/pioyun.com.tr\/#\/schema\/logo\/image\/"},"sameAs":["https:\/\/www.instagram.com\/pioyun.com.tr\/","https:\/\/www.youtube.com\/channel\/UCQiLtCDVegxIoJKS8mnVRKw"]}]}},"_links":{"self":[{"href":"https:\/\/pioyun.com.tr\/en\/wp-json\/wp\/v2\/pages\/426"}],"collection":[{"href":"https:\/\/pioyun.com.tr\/en\/wp-json\/wp\/v2\/pages"}],"about":[{"href":"https:\/\/pioyun.com.tr\/en\/wp-json\/wp\/v2\/types\/page"}],"author":[{"embeddable":true,"href":"https:\/\/pioyun.com.tr\/en\/wp-json\/wp\/v2\/users\/1"}],"replies":[{"embeddable":true,"href":"https:\/\/pioyun.com.tr\/en\/wp-json\/wp\/v2\/comments?post=426"}],"version-history":[{"count":4,"href":"https:\/\/pioyun.com.tr\/en\/wp-json\/wp\/v2\/pages\/426\/revisions"}],"predecessor-version":[{"id":517,"href":"https:\/\/pioyun.com.tr\/en\/wp-json\/wp\/v2\/pages\/426\/revisions\/517"}],"wp:attachment":[{"href":"https:\/\/pioyun.com.tr\/en\/wp-json\/wp\/v2\/media?parent=426"}],"curies":[{"name":"wp","href":"https:\/\/api.w.org\/{rel}","templated":true}]}}