{"id":420,"date":"2021-02-18T13:59:28","date_gmt":"2021-02-18T10:59:28","guid":{"rendered":"https:\/\/pioyun.com.tr\/?page_id=420"},"modified":"2021-03-09T00:39:41","modified_gmt":"2021-03-08T21:39:41","slug":"veni-vidi-vici","status":"publish","type":"page","link":"https:\/\/pioyun.com.tr\/en\/veni-vidi-vici\/","title":{"rendered":"Veni Vidi Vici"},"content":{"rendered":"\n<div class=\"wp-block-themeisle-blocks-advanced-columns has-2-columns has-desktop-equal-layout has-tablet-equal-layout has-mobile-collapsedRows-layout has-default-gap has-vertical-unset\" id=\"wp-block-themeisle-blocks-advanced-columns-5b6ca0b8\"><div class=\"wp-block-themeisle-blocks-advanced-columns-overlay\"><\/div><div class=\"innerblocks-wrap\">\n<div class=\"wp-block-themeisle-blocks-advanced-column\" id=\"wp-block-themeisle-blocks-advanced-column-981e42a5\">\n<div id=\"wp-block-themeisle-blocks-slider-853c1769\" class=\"wp-block-themeisle-blocks-slider glide\" data-per-view=\"1\" data-gap=\"0\" data-peek=\"0\" data-autoplay=\"false\" data-height=\"700px\" data-hide-arrows=\"false\"><div class=\"glide__track\" data-glide-el=\"track\"><div class=\"glide__slides\"><div class=\"wp-block-themeisle-blocks-slider-item-wrapper glide__slide\" tabindex=\"0\"><figure><img decoding=\"async\" class=\"wp-block-themeisle-blocks-slider-item\" src=\"https:\/\/pioyun.com.tr\/wp-content\/uploads\/2021\/01\/venividivici.jpg\" alt=\"\" title=\"\" data-id=\"187\"\/><\/figure><\/div><div class=\"wp-block-themeisle-blocks-slider-item-wrapper glide__slide\" tabindex=\"0\"><figure><img decoding=\"async\" class=\"wp-block-themeisle-blocks-slider-item\" src=\"https:\/\/pioyun.com.tr\/wp-content\/uploads\/2021\/02\/venividivici2.jpg\" alt=\"\" title=\"\" data-id=\"238\"\/><\/figure><\/div><\/div><div class=\"glide__bullets\" data-glide-el=\"controls[nav]\"><button class=\"glide__bullet\" data-glide-dir=\"=0\"><\/button><button class=\"glide__bullet\" data-glide-dir=\"=1\"><\/button><\/div><\/div><\/div>\n<\/div>\n\n\n\n<div class=\"wp-block-themeisle-blocks-advanced-column\" id=\"wp-block-themeisle-blocks-advanced-column-f5bb88ed\">\n<p style=\"font-size:24px\"><strong>Veni Vidi Vici<\/strong><\/p>\n\n\n\n<p>Ger\u00e7ek bir heyecan deneyimi ve ferahlatan lezzet!..<\/p>\n\n\n\n<p>En h\u0131zl\u0131 jeton toplama makinesi!.. Sadece 2 saniyede jeton kasan\u0131zda!..<\/p>\n\n\n\n<p><strong>20 g\u00fcn i\u00e7erisinde \u00fcretilip teslim edilmektedir.<\/strong><\/p>\n\n\n\n<p><strong>P\u0130 Oyun<\/strong>, tam bir jeton canavar\u0131 olan \u0130talyan tasar\u0131m\u0131 bu makineyi sizler i\u00e7in \u00fcretti. Jeton att\u0131\u011f\u0131n\u0131zda jetonunuz sa\u011f sola y\u00f6n veren mekanizmadan ge\u00e7erek e\u011fimli (UV bask\u0131l\u0131) cam y\u00fczeye d\u00fc\u015fer, yolun sonunda minik \u015fi\u015felerden birine \u00e7arparsa biletiniz haz\u0131r ve ferahlatan lezzet sizinle!..<\/p>\n\n\n\n<p>UV bask\u0131l\u0131 cam\u0131n alt y\u00fczeyinde y\u00fcz adet reklamc\u0131 LED\u2019i kullan\u0131lm\u0131\u015f b\u00f6ylece camdan bir sanat eseri yarat\u0131lm\u0131\u015ft\u0131r. Zevkle oynayaca\u011f\u0131n\u0131z bu makine hem g\u00f6zlerinize hem g\u00f6nl\u00fcn\u00fcze hitap edecek!..<\/p>\n\n\n\n<div class=\"wp-block-buttons is-layout-flex wp-block-buttons-is-layout-flex\">\n<div class=\"wp-block-button\"><a class=\"wp-block-button__link\" href=\"https:\/\/pioyun.com.tr\/shipping-form\/\">sipari\u015f formu<\/a><\/div>\n<\/div>\n<\/div>\n<\/div><\/div>\n\n\n\n<figure class=\"wp-block-embed is-type-video is-provider-youtube wp-block-embed-youtube wp-embed-aspect-16-9 wp-has-aspect-ratio\"><div class=\"wp-block-embed__wrapper\">\n<div class=\"nv-iframe-embed\"><iframe loading=\"lazy\" title=\"Veni Vidi Vici\" width=\"1200\" height=\"675\" src=\"https:\/\/www.youtube.com\/embed\/sZqIm635oGk?feature=oembed\" frameborder=\"0\" allow=\"accelerometer; autoplay; clipboard-write; encrypted-media; gyroscope; picture-in-picture\" allowfullscreen><\/iframe><\/div>\n<\/div><\/figure>\n","protected":false},"excerpt":{"rendered":"","protected":false},"author":1,"featured_media":0,"parent":0,"menu_order":0,"comment_status":"closed","ping_status":"closed","template":"","meta":{"neve_meta_sidebar":"full-width","neve_meta_container":"","neve_meta_enable_content_width":"on","neve_meta_content_width":100,"neve_meta_title_alignment":"","neve_meta_author_avatar":"","neve_post_elements_order":"","neve_meta_disable_header":"","neve_meta_disable_footer":"","neve_meta_disable_title":"on","_themeisle_gutenberg_block_has_review":false,"footnotes":""},"yoast_head":"<!-- This site is optimized with the Yoast SEO plugin v24.5 - https:\/\/yoast.com\/wordpress\/plugins\/seo\/ -->\n<title>Veni Vidi Vici - Pi Oyun ve Otomat Makinalar\u0131<\/title>\n<meta name=\"robots\" content=\"index, follow, max-snippet:-1, max-image-preview:large, max-video-preview:-1\" \/>\n<link rel=\"canonical\" href=\"https:\/\/pioyun.com.tr\/en\/veni-vidi-vici\/\" \/>\n<meta property=\"og:locale\" content=\"en_US\" \/>\n<meta property=\"og:type\" content=\"article\" \/>\n<meta property=\"og:title\" content=\"Veni Vidi Vici - Pi Oyun ve Otomat Makinalar\u0131\" \/>\n<meta property=\"og:url\" content=\"https:\/\/pioyun.com.tr\/en\/veni-vidi-vici\/\" \/>\n<meta property=\"og:site_name\" content=\"Pi Oyun ve Otomat Makinalar\u0131\" \/>\n<meta property=\"article:modified_time\" content=\"2021-03-08T21:39:41+00:00\" \/>\n<meta property=\"og:image\" content=\"https:\/\/pioyun.com.tr\/wp-content\/uploads\/2021\/01\/venividivici.jpg\" \/>\n<meta name=\"twitter:card\" content=\"summary_large_image\" \/>\n<meta name=\"twitter:label1\" content=\"Est. reading time\" \/>\n\t<meta name=\"twitter:data1\" content=\"1 minute\" \/>\n<script type=\"application\/ld+json\" class=\"yoast-schema-graph\">{\"@context\":\"https:\/\/schema.org\",\"@graph\":[{\"@type\":\"WebPage\",\"@id\":\"https:\/\/pioyun.com.tr\/veni-vidi-vici\/\",\"url\":\"https:\/\/pioyun.com.tr\/veni-vidi-vici\/\",\"name\":\"Veni Vidi Vici - Pi Oyun ve Otomat Makinalar\u0131\",\"isPartOf\":{\"@id\":\"https:\/\/pioyun.com.tr\/#website\"},\"primaryImageOfPage\":{\"@id\":\"https:\/\/pioyun.com.tr\/veni-vidi-vici\/#primaryimage\"},\"image\":{\"@id\":\"https:\/\/pioyun.com.tr\/veni-vidi-vici\/#primaryimage\"},\"thumbnailUrl\":\"https:\/\/pioyun.com.tr\/wp-content\/uploads\/2021\/01\/venividivici.jpg\",\"datePublished\":\"2021-02-18T10:59:28+00:00\",\"dateModified\":\"2021-03-08T21:39:41+00:00\",\"breadcrumb\":{\"@id\":\"https:\/\/pioyun.com.tr\/veni-vidi-vici\/#breadcrumb\"},\"inLanguage\":\"en-US\",\"potentialAction\":[{\"@type\":\"ReadAction\",\"target\":[\"https:\/\/pioyun.com.tr\/veni-vidi-vici\/\"]}]},{\"@type\":\"ImageObject\",\"inLanguage\":\"en-US\",\"@id\":\"https:\/\/pioyun.com.tr\/veni-vidi-vici\/#primaryimage\",\"url\":\"https:\/\/pioyun.com.tr\/wp-content\/uploads\/2021\/01\/venividivici.jpg\",\"contentUrl\":\"https:\/\/pioyun.com.tr\/wp-content\/uploads\/2021\/01\/venividivici.jpg\"},{\"@type\":\"BreadcrumbList\",\"@id\":\"https:\/\/pioyun.com.tr\/veni-vidi-vici\/#breadcrumb\",\"itemListElement\":[{\"@type\":\"ListItem\",\"position\":1,\"name\":\"Anasayfa\",\"item\":\"https:\/\/pioyun.com.tr\/\"},{\"@type\":\"ListItem\",\"position\":2,\"name\":\"Veni Vidi Vici\"}]},{\"@type\":\"WebSite\",\"@id\":\"https:\/\/pioyun.com.tr\/#website\",\"url\":\"https:\/\/pioyun.com.tr\/\",\"name\":\"Pi Oyun ve Otomat Makinalar\u0131\",\"description\":\"\",\"publisher\":{\"@id\":\"https:\/\/pioyun.com.tr\/#organization\"},\"potentialAction\":[{\"@type\":\"SearchAction\",\"target\":{\"@type\":\"EntryPoint\",\"urlTemplate\":\"https:\/\/pioyun.com.tr\/?s={search_term_string}\"},\"query-input\":{\"@type\":\"PropertyValueSpecification\",\"valueRequired\":true,\"valueName\":\"search_term_string\"}}],\"inLanguage\":\"en-US\"},{\"@type\":\"Organization\",\"@id\":\"https:\/\/pioyun.com.tr\/#organization\",\"name\":\"Pi Oyun ve Otomat Makinalar\u0131\",\"url\":\"https:\/\/pioyun.com.tr\/\",\"logo\":{\"@type\":\"ImageObject\",\"inLanguage\":\"en-US\",\"@id\":\"https:\/\/pioyun.com.tr\/#\/schema\/logo\/image\/\",\"url\":\"https:\/\/pioyun.com.tr\/wp-content\/uploads\/2021\/02\/pi-oyun-logo-youtube.png\",\"contentUrl\":\"https:\/\/pioyun.com.tr\/wp-content\/uploads\/2021\/02\/pi-oyun-logo-youtube.png\",\"width\":200,\"height\":201,\"caption\":\"Pi Oyun ve Otomat Makinalar\u0131\"},\"image\":{\"@id\":\"https:\/\/pioyun.com.tr\/#\/schema\/logo\/image\/\"},\"sameAs\":[\"https:\/\/www.instagram.com\/pioyun.com.tr\/\",\"https:\/\/www.youtube.com\/channel\/UCQiLtCDVegxIoJKS8mnVRKw\"]}]}<\/script>\n<!-- \/ Yoast SEO plugin. -->","yoast_head_json":{"title":"Veni Vidi Vici - Pi Oyun ve Otomat Makinalar\u0131","robots":{"index":"index","follow":"follow","max-snippet":"max-snippet:-1","max-image-preview":"max-image-preview:large","max-video-preview":"max-video-preview:-1"},"canonical":"https:\/\/pioyun.com.tr\/en\/veni-vidi-vici\/","og_locale":"en_US","og_type":"article","og_title":"Veni Vidi Vici - Pi Oyun ve Otomat Makinalar\u0131","og_url":"https:\/\/pioyun.com.tr\/en\/veni-vidi-vici\/","og_site_name":"Pi Oyun ve Otomat Makinalar\u0131","article_modified_time":"2021-03-08T21:39:41+00:00","og_image":[{"url":"https:\/\/pioyun.com.tr\/wp-content\/uploads\/2021\/01\/venividivici.jpg","type":"","width":"","height":""}],"twitter_card":"summary_large_image","twitter_misc":{"Est. reading time":"1 minute"},"schema":{"@context":"https:\/\/schema.org","@graph":[{"@type":"WebPage","@id":"https:\/\/pioyun.com.tr\/veni-vidi-vici\/","url":"https:\/\/pioyun.com.tr\/veni-vidi-vici\/","name":"Veni Vidi Vici - Pi Oyun ve Otomat Makinalar\u0131","isPartOf":{"@id":"https:\/\/pioyun.com.tr\/#website"},"primaryImageOfPage":{"@id":"https:\/\/pioyun.com.tr\/veni-vidi-vici\/#primaryimage"},"image":{"@id":"https:\/\/pioyun.com.tr\/veni-vidi-vici\/#primaryimage"},"thumbnailUrl":"https:\/\/pioyun.com.tr\/wp-content\/uploads\/2021\/01\/venividivici.jpg","datePublished":"2021-02-18T10:59:28+00:00","dateModified":"2021-03-08T21:39:41+00:00","breadcrumb":{"@id":"https:\/\/pioyun.com.tr\/veni-vidi-vici\/#breadcrumb"},"inLanguage":"en-US","potentialAction":[{"@type":"ReadAction","target":["https:\/\/pioyun.com.tr\/veni-vidi-vici\/"]}]},{"@type":"ImageObject","inLanguage":"en-US","@id":"https:\/\/pioyun.com.tr\/veni-vidi-vici\/#primaryimage","url":"https:\/\/pioyun.com.tr\/wp-content\/uploads\/2021\/01\/venividivici.jpg","contentUrl":"https:\/\/pioyun.com.tr\/wp-content\/uploads\/2021\/01\/venividivici.jpg"},{"@type":"BreadcrumbList","@id":"https:\/\/pioyun.com.tr\/veni-vidi-vici\/#breadcrumb","itemListElement":[{"@type":"ListItem","position":1,"name":"Anasayfa","item":"https:\/\/pioyun.com.tr\/"},{"@type":"ListItem","position":2,"name":"Veni Vidi Vici"}]},{"@type":"WebSite","@id":"https:\/\/pioyun.com.tr\/#website","url":"https:\/\/pioyun.com.tr\/","name":"Pi Game and Vending Machines","description":"","publisher":{"@id":"https:\/\/pioyun.com.tr\/#organization"},"potentialAction":[{"@type":"SearchAction","target":{"@type":"EntryPoint","urlTemplate":"https:\/\/pioyun.com.tr\/?s={search_term_string}"},"query-input":{"@type":"PropertyValueSpecification","valueRequired":true,"valueName":"search_term_string"}}],"inLanguage":"en-US"},{"@type":"Organization","@id":"https:\/\/pioyun.com.tr\/#organization","name":"Pi Game and Vending Machines","url":"https:\/\/pioyun.com.tr\/","logo":{"@type":"ImageObject","inLanguage":"en-US","@id":"https:\/\/pioyun.com.tr\/#\/schema\/logo\/image\/","url":"https:\/\/pioyun.com.tr\/wp-content\/uploads\/2021\/02\/pi-oyun-logo-youtube.png","contentUrl":"https:\/\/pioyun.com.tr\/wp-content\/uploads\/2021\/02\/pi-oyun-logo-youtube.png","width":200,"height":201,"caption":"Pi Oyun ve Otomat Makinalar\u0131"},"image":{"@id":"https:\/\/pioyun.com.tr\/#\/schema\/logo\/image\/"},"sameAs":["https:\/\/www.instagram.com\/pioyun.com.tr\/","https:\/\/www.youtube.com\/channel\/UCQiLtCDVegxIoJKS8mnVRKw"]}]}},"_links":{"self":[{"href":"https:\/\/pioyun.com.tr\/en\/wp-json\/wp\/v2\/pages\/420"}],"collection":[{"href":"https:\/\/pioyun.com.tr\/en\/wp-json\/wp\/v2\/pages"}],"about":[{"href":"https:\/\/pioyun.com.tr\/en\/wp-json\/wp\/v2\/types\/page"}],"author":[{"embeddable":true,"href":"https:\/\/pioyun.com.tr\/en\/wp-json\/wp\/v2\/users\/1"}],"replies":[{"embeddable":true,"href":"https:\/\/pioyun.com.tr\/en\/wp-json\/wp\/v2\/comments?post=420"}],"version-history":[{"count":3,"href":"https:\/\/pioyun.com.tr\/en\/wp-json\/wp\/v2\/pages\/420\/revisions"}],"predecessor-version":[{"id":506,"href":"https:\/\/pioyun.com.tr\/en\/wp-json\/wp\/v2\/pages\/420\/revisions\/506"}],"wp:attachment":[{"href":"https:\/\/pioyun.com.tr\/en\/wp-json\/wp\/v2\/media?parent=420"}],"curies":[{"name":"wp","href":"https:\/\/api.w.org\/{rel}","templated":true}]}}