{"id":413,"date":"2021-02-18T13:51:15","date_gmt":"2021-02-18T10:51:15","guid":{"rendered":"https:\/\/pioyun.com.tr\/?page_id=413"},"modified":"2021-03-09T00:43:25","modified_gmt":"2021-03-08T21:43:25","slug":"vur-devir-2","status":"publish","type":"page","link":"https:\/\/pioyun.com.tr\/en\/vur-devir-2\/","title":{"rendered":"Hit\/Knock"},"content":{"rendered":"\n<div class=\"wp-block-themeisle-blocks-advanced-columns has-2-columns has-desktop-equal-layout has-tablet-equal-layout has-mobile-collapsedRows-layout has-default-gap has-vertical-unset\" id=\"wp-block-themeisle-blocks-advanced-columns-5b6ca0b8\"><div class=\"wp-block-themeisle-blocks-advanced-columns-overlay\"><\/div><div class=\"innerblocks-wrap\">\n<div class=\"wp-block-themeisle-blocks-advanced-column\" id=\"wp-block-themeisle-blocks-advanced-column-981e42a5\">\n<div id=\"wp-block-themeisle-blocks-slider-853c1769\" class=\"wp-block-themeisle-blocks-slider glide\" data-per-view=\"1\" data-gap=\"0\" data-peek=\"0\" data-autoplay=\"false\" data-height=\"700px\" data-hide-arrows=\"false\"><div class=\"glide__track\" data-glide-el=\"track\"><div class=\"glide__slides\"><div class=\"wp-block-themeisle-blocks-slider-item-wrapper glide__slide\" tabindex=\"0\"><figure><img decoding=\"async\" class=\"wp-block-themeisle-blocks-slider-item\" src=\"https:\/\/pioyun.com.tr\/wp-content\/uploads\/2021\/01\/vur-devir.jpg\" alt=\"\" title=\"\" data-id=\"188\"\/><\/figure><\/div><div class=\"wp-block-themeisle-blocks-slider-item-wrapper glide__slide\" tabindex=\"0\"><figure><img decoding=\"async\" class=\"wp-block-themeisle-blocks-slider-item\" src=\"https:\/\/pioyun.com.tr\/wp-content\/uploads\/2020\/11\/vurdevir2.jpg\" alt=\"\" title=\"\" data-id=\"231\"\/><\/figure><\/div><\/div><div class=\"glide__bullets\" data-glide-el=\"controls[nav]\"><button class=\"glide__bullet\" data-glide-dir=\"=0\"><\/button><button class=\"glide__bullet\" data-glide-dir=\"=1\"><\/button><\/div><\/div><\/div>\n<\/div>\n\n\n\n<div class=\"wp-block-themeisle-blocks-advanced-column\" id=\"wp-block-themeisle-blocks-advanced-column-f5bb88ed\">\n<p style=\"font-size:24px\"><strong>Vur\/Devir<\/strong><\/p>\n\n\n\n<p>Arkada\u015flar\u0131n\u0131zla ne\u015fe i\u00e7inde heyecanla oynayabilmeniz i\u00e7in \u201cVur\/Devir\u201d tam size g\u00f6re!..<\/p>\n\n\n\n<p>Minionlar yere d\u00fc\u015f\u00fcyor!..<\/p>\n\n\n\n<p>Her ya\u015ftan insan i\u00e7in ve iki oyuncunun y\u00fcksek puanlar alarak yan yana oynamas\u0131na izin verecek \u015fekilde tasarlanm\u0131\u015ft\u0131r.<\/p>\n\n\n\n<p><strong>20 g\u00fcn i\u00e7erisinde \u00fcretilip teslim edilmektedir.<\/strong><\/p>\n\n\n\n<p>\u201cVur\/Devir\u201d en sevece\u011finiz oyunlardan biri! 1 veya 2 oyuncu mekanik Minion lara top atar, Minion lar\u0131 ne kadar \u00e7ok yere sererseniz o kadar \u00e7ok bilet kazan\u0131rs\u0131n\u0131z!<\/p>\n\n\n\n<p>\u00d6zel bir konseptle d\u00fczenlenip mavi LED\u2019ler ile \u0131\u015f\u0131kland\u0131r\u0131lan hedeflerden \u00fc\u00e7 tanesi randomize olarak k\u0131rm\u0131z\u0131 yanar bu esnada hedefleri vurdu\u011funuzda s\u00fcrpriz!.. Tam iki kat\u0131 puan sizindir!.. Ba\u015far\u0131n\u0131za ve heyecan\u0131n\u0131z\u0131 ses efektleri de e\u015flik edecek!.. Aman, dikkat \u0131skalad\u0131\u011f\u0131n\u0131zda sizinle dalga ge\u00e7mesin Minionlar!..<\/p>\n\n\n\n<div class=\"wp-block-buttons is-layout-flex wp-block-buttons-is-layout-flex\">\n<div class=\"wp-block-button\"><a class=\"wp-block-button__link\" href=\"https:\/\/pioyun.com.tr\/shipping-form\/\">sipari\u015f formu<\/a><\/div>\n<\/div>\n<\/div>\n<\/div><\/div>\n\n\n\n<figure class=\"wp-block-embed is-type-video is-provider-youtube wp-block-embed-youtube wp-embed-aspect-16-9 wp-has-aspect-ratio\"><div class=\"wp-block-embed__wrapper\">\n<div class=\"nv-iframe-embed\"><iframe loading=\"lazy\" title=\"Hit\/Knock\" width=\"1200\" height=\"675\" src=\"https:\/\/www.youtube.com\/embed\/IR4-K8mtSdA?feature=oembed\" frameborder=\"0\" allow=\"accelerometer; autoplay; clipboard-write; encrypted-media; gyroscope; picture-in-picture\" allowfullscreen><\/iframe><\/div>\n<\/div><\/figure>\n\n\n\n<p><\/p>\n\n\n\n<p><\/p>\n","protected":false},"excerpt":{"rendered":"","protected":false},"author":1,"featured_media":0,"parent":0,"menu_order":0,"comment_status":"closed","ping_status":"closed","template":"","meta":{"neve_meta_sidebar":"full-width","neve_meta_container":"","neve_meta_enable_content_width":"on","neve_meta_content_width":100,"neve_meta_title_alignment":"","neve_meta_author_avatar":"","neve_post_elements_order":"","neve_meta_disable_header":"","neve_meta_disable_footer":"","neve_meta_disable_title":"on","_themeisle_gutenberg_block_has_review":false,"footnotes":""},"class_list":["post-413","page","type-page","status-publish","hentry"],"yoast_head":"<!-- This site is optimized with the Yoast SEO plugin v27.4 - https:\/\/yoast.com\/product\/yoast-seo-wordpress\/ -->\n<title>Vur\/Devir - Pi Oyun ve Otomat Makinalar\u0131<\/title>\n<meta name=\"robots\" content=\"index, follow, max-snippet:-1, max-image-preview:large, max-video-preview:-1\" \/>\n<link rel=\"canonical\" href=\"https:\/\/pioyun.com.tr\/en\/vur-devir-2\/\" \/>\n<meta property=\"og:locale\" content=\"en_US\" \/>\n<meta property=\"og:type\" content=\"article\" \/>\n<meta property=\"og:title\" content=\"Vur\/Devir - Pi Oyun ve Otomat Makinalar\u0131\" \/>\n<meta property=\"og:url\" content=\"https:\/\/pioyun.com.tr\/en\/vur-devir-2\/\" \/>\n<meta property=\"og:site_name\" content=\"Pi Oyun ve Otomat Makinalar\u0131\" \/>\n<meta property=\"article:modified_time\" content=\"2021-03-08T21:43:25+00:00\" \/>\n<meta property=\"og:image\" content=\"https:\/\/pioyun.com.tr\/wp-content\/uploads\/2021\/01\/vur-devir.jpg\" \/>\n<meta name=\"twitter:card\" content=\"summary_large_image\" \/>\n<meta name=\"twitter:label1\" content=\"Est. reading time\" \/>\n\t<meta name=\"twitter:data1\" content=\"1 minute\" \/>\n<script type=\"application\/ld+json\" class=\"yoast-schema-graph\">{\"@context\":\"https:\\\/\\\/schema.org\",\"@graph\":[{\"@type\":\"WebPage\",\"@id\":\"https:\\\/\\\/pioyun.com.tr\\\/vur-devir-2\\\/\",\"url\":\"https:\\\/\\\/pioyun.com.tr\\\/vur-devir-2\\\/\",\"name\":\"Vur\\\/Devir - Pi Oyun ve Otomat Makinalar\u0131\",\"isPartOf\":{\"@id\":\"https:\\\/\\\/pioyun.com.tr\\\/#website\"},\"primaryImageOfPage\":{\"@id\":\"https:\\\/\\\/pioyun.com.tr\\\/vur-devir-2\\\/#primaryimage\"},\"image\":{\"@id\":\"https:\\\/\\\/pioyun.com.tr\\\/vur-devir-2\\\/#primaryimage\"},\"thumbnailUrl\":\"https:\\\/\\\/pioyun.com.tr\\\/wp-content\\\/uploads\\\/2021\\\/01\\\/vur-devir.jpg\",\"datePublished\":\"2021-02-18T10:51:15+00:00\",\"dateModified\":\"2021-03-08T21:43:25+00:00\",\"breadcrumb\":{\"@id\":\"https:\\\/\\\/pioyun.com.tr\\\/vur-devir-2\\\/#breadcrumb\"},\"inLanguage\":\"en-US\",\"potentialAction\":[{\"@type\":\"ReadAction\",\"target\":[\"https:\\\/\\\/pioyun.com.tr\\\/vur-devir-2\\\/\"]}]},{\"@type\":\"ImageObject\",\"inLanguage\":\"en-US\",\"@id\":\"https:\\\/\\\/pioyun.com.tr\\\/vur-devir-2\\\/#primaryimage\",\"url\":\"https:\\\/\\\/pioyun.com.tr\\\/wp-content\\\/uploads\\\/2021\\\/01\\\/vur-devir.jpg\",\"contentUrl\":\"https:\\\/\\\/pioyun.com.tr\\\/wp-content\\\/uploads\\\/2021\\\/01\\\/vur-devir.jpg\"},{\"@type\":\"BreadcrumbList\",\"@id\":\"https:\\\/\\\/pioyun.com.tr\\\/vur-devir-2\\\/#breadcrumb\",\"itemListElement\":[{\"@type\":\"ListItem\",\"position\":1,\"name\":\"Anasayfa\",\"item\":\"https:\\\/\\\/pioyun.com.tr\\\/\"},{\"@type\":\"ListItem\",\"position\":2,\"name\":\"Vur\\\/Devir\"}]},{\"@type\":\"WebSite\",\"@id\":\"https:\\\/\\\/pioyun.com.tr\\\/#website\",\"url\":\"https:\\\/\\\/pioyun.com.tr\\\/\",\"name\":\"Pi Oyun ve Otomat Makinalar\u0131\",\"description\":\"\",\"publisher\":{\"@id\":\"https:\\\/\\\/pioyun.com.tr\\\/#organization\"},\"potentialAction\":[{\"@type\":\"SearchAction\",\"target\":{\"@type\":\"EntryPoint\",\"urlTemplate\":\"https:\\\/\\\/pioyun.com.tr\\\/?s={search_term_string}\"},\"query-input\":{\"@type\":\"PropertyValueSpecification\",\"valueRequired\":true,\"valueName\":\"search_term_string\"}}],\"inLanguage\":\"en-US\"},{\"@type\":\"Organization\",\"@id\":\"https:\\\/\\\/pioyun.com.tr\\\/#organization\",\"name\":\"Pi Oyun ve Otomat Makinalar\u0131\",\"url\":\"https:\\\/\\\/pioyun.com.tr\\\/\",\"logo\":{\"@type\":\"ImageObject\",\"inLanguage\":\"en-US\",\"@id\":\"https:\\\/\\\/pioyun.com.tr\\\/#\\\/schema\\\/logo\\\/image\\\/\",\"url\":\"https:\\\/\\\/pioyun.com.tr\\\/wp-content\\\/uploads\\\/2021\\\/02\\\/pi-oyun-logo-youtube.png\",\"contentUrl\":\"https:\\\/\\\/pioyun.com.tr\\\/wp-content\\\/uploads\\\/2021\\\/02\\\/pi-oyun-logo-youtube.png\",\"width\":200,\"height\":201,\"caption\":\"Pi Oyun ve Otomat Makinalar\u0131\"},\"image\":{\"@id\":\"https:\\\/\\\/pioyun.com.tr\\\/#\\\/schema\\\/logo\\\/image\\\/\"},\"sameAs\":[\"https:\\\/\\\/www.instagram.com\\\/pioyun.com.tr\\\/\",\"https:\\\/\\\/www.youtube.com\\\/channel\\\/UCQiLtCDVegxIoJKS8mnVRKw\"]}]}<\/script>\n<!-- \/ Yoast SEO plugin. -->","yoast_head_json":{"title":"Vur\/Devir - Pi Oyun ve Otomat Makinalar\u0131","robots":{"index":"index","follow":"follow","max-snippet":"max-snippet:-1","max-image-preview":"max-image-preview:large","max-video-preview":"max-video-preview:-1"},"canonical":"https:\/\/pioyun.com.tr\/en\/vur-devir-2\/","og_locale":"en_US","og_type":"article","og_title":"Vur\/Devir - Pi Oyun ve Otomat Makinalar\u0131","og_url":"https:\/\/pioyun.com.tr\/en\/vur-devir-2\/","og_site_name":"Pi Oyun ve Otomat Makinalar\u0131","article_modified_time":"2021-03-08T21:43:25+00:00","og_image":[{"url":"https:\/\/pioyun.com.tr\/wp-content\/uploads\/2021\/01\/vur-devir.jpg","type":"","width":"","height":""}],"twitter_card":"summary_large_image","twitter_misc":{"Est. reading time":"1 minute"},"schema":{"@context":"https:\/\/schema.org","@graph":[{"@type":"WebPage","@id":"https:\/\/pioyun.com.tr\/vur-devir-2\/","url":"https:\/\/pioyun.com.tr\/vur-devir-2\/","name":"Vur\/Devir - Pi Oyun ve Otomat Makinalar\u0131","isPartOf":{"@id":"https:\/\/pioyun.com.tr\/#website"},"primaryImageOfPage":{"@id":"https:\/\/pioyun.com.tr\/vur-devir-2\/#primaryimage"},"image":{"@id":"https:\/\/pioyun.com.tr\/vur-devir-2\/#primaryimage"},"thumbnailUrl":"https:\/\/pioyun.com.tr\/wp-content\/uploads\/2021\/01\/vur-devir.jpg","datePublished":"2021-02-18T10:51:15+00:00","dateModified":"2021-03-08T21:43:25+00:00","breadcrumb":{"@id":"https:\/\/pioyun.com.tr\/vur-devir-2\/#breadcrumb"},"inLanguage":"en-US","potentialAction":[{"@type":"ReadAction","target":["https:\/\/pioyun.com.tr\/vur-devir-2\/"]}]},{"@type":"ImageObject","inLanguage":"en-US","@id":"https:\/\/pioyun.com.tr\/vur-devir-2\/#primaryimage","url":"https:\/\/pioyun.com.tr\/wp-content\/uploads\/2021\/01\/vur-devir.jpg","contentUrl":"https:\/\/pioyun.com.tr\/wp-content\/uploads\/2021\/01\/vur-devir.jpg"},{"@type":"BreadcrumbList","@id":"https:\/\/pioyun.com.tr\/vur-devir-2\/#breadcrumb","itemListElement":[{"@type":"ListItem","position":1,"name":"Anasayfa","item":"https:\/\/pioyun.com.tr\/"},{"@type":"ListItem","position":2,"name":"Vur\/Devir"}]},{"@type":"WebSite","@id":"https:\/\/pioyun.com.tr\/#website","url":"https:\/\/pioyun.com.tr\/","name":"Pi Game and Vending Machines","description":"","publisher":{"@id":"https:\/\/pioyun.com.tr\/#organization"},"potentialAction":[{"@type":"SearchAction","target":{"@type":"EntryPoint","urlTemplate":"https:\/\/pioyun.com.tr\/?s={search_term_string}"},"query-input":{"@type":"PropertyValueSpecification","valueRequired":true,"valueName":"search_term_string"}}],"inLanguage":"en-US"},{"@type":"Organization","@id":"https:\/\/pioyun.com.tr\/#organization","name":"Pi Game and Vending Machines","url":"https:\/\/pioyun.com.tr\/","logo":{"@type":"ImageObject","inLanguage":"en-US","@id":"https:\/\/pioyun.com.tr\/#\/schema\/logo\/image\/","url":"https:\/\/pioyun.com.tr\/wp-content\/uploads\/2021\/02\/pi-oyun-logo-youtube.png","contentUrl":"https:\/\/pioyun.com.tr\/wp-content\/uploads\/2021\/02\/pi-oyun-logo-youtube.png","width":200,"height":201,"caption":"Pi Oyun ve Otomat Makinalar\u0131"},"image":{"@id":"https:\/\/pioyun.com.tr\/#\/schema\/logo\/image\/"},"sameAs":["https:\/\/www.instagram.com\/pioyun.com.tr\/","https:\/\/www.youtube.com\/channel\/UCQiLtCDVegxIoJKS8mnVRKw"]}]}},"_links":{"self":[{"href":"https:\/\/pioyun.com.tr\/en\/wp-json\/wp\/v2\/pages\/413","targetHints":{"allow":["GET"]}}],"collection":[{"href":"https:\/\/pioyun.com.tr\/en\/wp-json\/wp\/v2\/pages"}],"about":[{"href":"https:\/\/pioyun.com.tr\/en\/wp-json\/wp\/v2\/types\/page"}],"author":[{"embeddable":true,"href":"https:\/\/pioyun.com.tr\/en\/wp-json\/wp\/v2\/users\/1"}],"replies":[{"embeddable":true,"href":"https:\/\/pioyun.com.tr\/en\/wp-json\/wp\/v2\/comments?post=413"}],"version-history":[{"count":4,"href":"https:\/\/pioyun.com.tr\/en\/wp-json\/wp\/v2\/pages\/413\/revisions"}],"predecessor-version":[{"id":507,"href":"https:\/\/pioyun.com.tr\/en\/wp-json\/wp\/v2\/pages\/413\/revisions\/507"}],"wp:attachment":[{"href":"https:\/\/pioyun.com.tr\/en\/wp-json\/wp\/v2\/media?parent=413"}],"curies":[{"name":"wp","href":"https:\/\/api.w.org\/{rel}","templated":true}]}}