{"id":404,"date":"2021-02-18T13:33:53","date_gmt":"2021-02-18T10:33:53","guid":{"rendered":"https:\/\/pioyun.com.tr\/?page_id=404"},"modified":"2021-03-13T13:02:20","modified_gmt":"2021-03-13T10:02:20","slug":"owls-eyes","status":"publish","type":"page","link":"https:\/\/pioyun.com.tr\/en\/owls-eyes\/","title":{"rendered":"Owl&#8217;s Eyes"},"content":{"rendered":"\n<div class=\"wp-block-themeisle-blocks-advanced-columns has-2-columns has-desktop-equal-layout has-tablet-equal-layout has-mobile-collapsedRows-layout has-default-gap has-vertical-unset\" id=\"wp-block-themeisle-blocks-advanced-columns-5b6ca0b8\"><div class=\"wp-block-themeisle-blocks-advanced-columns-overlay\"><\/div><div class=\"innerblocks-wrap\">\n<div class=\"wp-block-themeisle-blocks-advanced-column\" id=\"wp-block-themeisle-blocks-advanced-column-981e42a5\">\n<div id=\"wp-block-themeisle-blocks-slider-9fb19063\" class=\"wp-block-themeisle-blocks-slider glide\" data-per-view=\"1\" data-gap=\"0\" data-peek=\"0\" data-autoplay=\"false\" data-height=\"700px\" data-hide-arrows=\"false\"><div class=\"glide__track\" data-glide-el=\"track\"><div class=\"glide__slides\"><div class=\"wp-block-themeisle-blocks-slider-item-wrapper glide__slide\" tabindex=\"0\"><figure><img decoding=\"async\" class=\"wp-block-themeisle-blocks-slider-item\" src=\"https:\/\/pioyun.com.tr\/wp-content\/uploads\/2021\/01\/owleyes.jpg\" alt=\"\" title=\"\" data-id=\"183\"\/><\/figure><\/div><div class=\"wp-block-themeisle-blocks-slider-item-wrapper glide__slide\" tabindex=\"0\"><figure><img decoding=\"async\" class=\"wp-block-themeisle-blocks-slider-item\" src=\"https:\/\/pioyun.com.tr\/wp-content\/uploads\/2021\/03\/1.jpg\" alt=\"\" title=\"\" data-id=\"509\"\/><\/figure><\/div><div class=\"wp-block-themeisle-blocks-slider-item-wrapper glide__slide\" tabindex=\"0\"><figure><img decoding=\"async\" class=\"wp-block-themeisle-blocks-slider-item\" src=\"https:\/\/pioyun.com.tr\/wp-content\/uploads\/2021\/03\/2.jpg\" alt=\"\" title=\"\" data-id=\"510\"\/><\/figure><\/div><div class=\"wp-block-themeisle-blocks-slider-item-wrapper glide__slide\" tabindex=\"0\"><figure><img decoding=\"async\" class=\"wp-block-themeisle-blocks-slider-item\" src=\"https:\/\/pioyun.com.tr\/wp-content\/uploads\/2021\/03\/3.jpg\" alt=\"\" title=\"\" data-id=\"511\"\/><\/figure><\/div><\/div><div class=\"glide__bullets\" data-glide-el=\"controls[nav]\"><button class=\"glide__bullet\" data-glide-dir=\"=0\"><\/button><button class=\"glide__bullet\" data-glide-dir=\"=1\"><\/button><button class=\"glide__bullet\" data-glide-dir=\"=2\"><\/button><button class=\"glide__bullet\" data-glide-dir=\"=3\"><\/button><\/div><\/div><\/div>\n<\/div>\n\n\n\n<div class=\"wp-block-themeisle-blocks-advanced-column\" id=\"wp-block-themeisle-blocks-advanced-column-f5bb88ed\">\n<p style=\"font-size:24px\"><strong>Owl&#8217;s Eyes<\/strong><\/p>\n\n\n\n<p>Hedefler seni bekliyor! Ve sen \u015fimdi olmak istedi\u011fin yerde, olmak istedi\u011fin sava\u015f\u00e7\u0131s\u0131n!<\/p>\n\n\n\n<p>1980\u2019lerin g\u00f6zde oyunu yeni bir tasar\u0131m, yeni bir estetikle ve d\u00fcnyada en son trend<\/p>\n\n\n\n<p>Ticket redemption oyun sistemi ile sizin i\u00e7in Owl\u2019s Eyes\u2019ta yeniden hayat buldu.<\/p>\n\n\n\n<p><strong>10 g\u00fcn i\u00e7erisinde \u00fcretilip teslim edilmektedir.<\/strong><\/p>\n\n\n\n<p>Fizik kanunlar\u0131 ile el, kol koordinasyonunun bile\u015fiminden g\u00fc\u00e7 alan bu ola\u011fan\u00fcst\u00fc beceri oyunu amber rengi \u0131\u015f\u0131k ve \u0131\u015f\u0131kl\u0131 joystick ile donat\u0131ld\u0131. Kabin yanlar\u0131nda tasar\u0131ma uygun ye\u015fil \u0131\u015f\u0131kl\u0131 LED\u2019ler kullan\u0131ld\u0131. Oyun denge \u00e7ubu\u011fu \u00fcst\u00fcndeki bilyenin a\u015fa\u011f\u0131 yukar\u0131 hareket ettirilmesi sayesinde \u0131\u015f\u0131\u011f\u0131 yanan deliklere bilyeyi sokabilmek becerisine dayan\u0131r. Oyun 10 kademelidir. Her bir kademe sizi g\u00f6zlerin takibinden kurtar\u0131p zafere g\u00f6t\u00fcrecek.<\/p>\n\n\n\n<p>Bayku\u015flar\u0131n tehditk\u00e2r g\u00f6zlerine esir olmak istemiyorsan\u0131z o g\u00f6zleri tek tek yakalamal\u0131s\u0131n\u0131z!.. Emin olun 10 kademeyi \u00fc\u00e7 hakla ge\u00e7mek hi\u00e7 de kolay de\u011fil! Ama bir de ge\u00e7erseniz en b\u00fcy\u00fck hediye sizindir!..<\/p>\n\n\n\n<div class=\"wp-block-buttons is-layout-flex wp-block-buttons-is-layout-flex\">\n<div class=\"wp-block-button\"><a class=\"wp-block-button__link\" href=\"https:\/\/pioyun.com.tr\/shipping-form\/\">sipari\u015f formu<\/a><\/div>\n<\/div>\n<\/div>\n<\/div><\/div>\n\n\n\n<figure class=\"wp-block-embed is-type-video is-provider-youtube wp-block-embed-youtube wp-embed-aspect-16-9 wp-has-aspect-ratio\"><div class=\"wp-block-embed__wrapper\">\n<div class=\"nv-iframe-embed\"><iframe loading=\"lazy\" title=\"Owl\u2019s Eyes\" width=\"1200\" height=\"675\" src=\"https:\/\/www.youtube.com\/embed\/ggk1AEUJ6dw?feature=oembed\" frameborder=\"0\" allow=\"accelerometer; autoplay; clipboard-write; encrypted-media; gyroscope; picture-in-picture\" allowfullscreen><\/iframe><\/div>\n<\/div><\/figure>\n\n\n\n<p><\/p>\n\n\n\n<figure class=\"wp-block-embed is-type-video is-provider-youtube wp-block-embed-youtube wp-embed-aspect-16-9 wp-has-aspect-ratio\"><div class=\"wp-block-embed__wrapper\">\n<div class=\"nv-iframe-embed\"><iframe loading=\"lazy\" title=\"Owl\u2019s Eyes\" width=\"1200\" height=\"675\" src=\"https:\/\/www.youtube.com\/embed\/MjuH1KAIf50?feature=oembed\" frameborder=\"0\" allow=\"accelerometer; autoplay; clipboard-write; encrypted-media; gyroscope; picture-in-picture\" allowfullscreen><\/iframe><\/div>\n<\/div><\/figure>\n\n\n\n<p><\/p>\n","protected":false},"excerpt":{"rendered":"","protected":false},"author":1,"featured_media":0,"parent":0,"menu_order":0,"comment_status":"closed","ping_status":"closed","template":"","meta":{"neve_meta_sidebar":"full-width","neve_meta_container":"","neve_meta_enable_content_width":"on","neve_meta_content_width":100,"neve_meta_title_alignment":"","neve_meta_author_avatar":"","neve_post_elements_order":"","neve_meta_disable_header":"","neve_meta_disable_footer":"","neve_meta_disable_title":"on","_themeisle_gutenberg_block_has_review":false,"footnotes":""},"class_list":["post-404","page","type-page","status-publish","hentry"],"yoast_head":"<!-- This site is optimized with the Yoast SEO plugin v27.6 - https:\/\/yoast.com\/product\/yoast-seo-wordpress\/ -->\n<title>Owl&#039;s Eyes - Pi Oyun ve Otomat Makinalar\u0131<\/title>\n<meta name=\"robots\" content=\"index, follow, max-snippet:-1, max-image-preview:large, max-video-preview:-1\" \/>\n<link rel=\"canonical\" href=\"https:\/\/pioyun.com.tr\/en\/owls-eyes\/\" \/>\n<meta property=\"og:locale\" content=\"en_US\" \/>\n<meta property=\"og:type\" content=\"article\" \/>\n<meta property=\"og:title\" content=\"Owl&#039;s Eyes - Pi Oyun ve Otomat Makinalar\u0131\" \/>\n<meta property=\"og:url\" content=\"https:\/\/pioyun.com.tr\/en\/owls-eyes\/\" \/>\n<meta property=\"og:site_name\" content=\"Pi Oyun ve Otomat Makinalar\u0131\" \/>\n<meta property=\"article:modified_time\" content=\"2021-03-13T10:02:20+00:00\" \/>\n<meta property=\"og:image\" content=\"https:\/\/pioyun.com.tr\/wp-content\/uploads\/2021\/01\/owleyes.jpg\" \/>\n<meta name=\"twitter:card\" content=\"summary_large_image\" \/>\n<meta name=\"twitter:label1\" content=\"Est. reading time\" \/>\n\t<meta name=\"twitter:data1\" content=\"2 minutes\" \/>\n<script type=\"application\/ld+json\" class=\"yoast-schema-graph\">{\"@context\":\"https:\\\/\\\/schema.org\",\"@graph\":[{\"@type\":\"WebPage\",\"@id\":\"https:\\\/\\\/pioyun.com.tr\\\/owls-eyes\\\/\",\"url\":\"https:\\\/\\\/pioyun.com.tr\\\/owls-eyes\\\/\",\"name\":\"Owl's Eyes - Pi Oyun ve Otomat Makinalar\u0131\",\"isPartOf\":{\"@id\":\"https:\\\/\\\/pioyun.com.tr\\\/#website\"},\"primaryImageOfPage\":{\"@id\":\"https:\\\/\\\/pioyun.com.tr\\\/owls-eyes\\\/#primaryimage\"},\"image\":{\"@id\":\"https:\\\/\\\/pioyun.com.tr\\\/owls-eyes\\\/#primaryimage\"},\"thumbnailUrl\":\"https:\\\/\\\/pioyun.com.tr\\\/wp-content\\\/uploads\\\/2021\\\/01\\\/owleyes.jpg\",\"datePublished\":\"2021-02-18T10:33:53+00:00\",\"dateModified\":\"2021-03-13T10:02:20+00:00\",\"breadcrumb\":{\"@id\":\"https:\\\/\\\/pioyun.com.tr\\\/owls-eyes\\\/#breadcrumb\"},\"inLanguage\":\"en-US\",\"potentialAction\":[{\"@type\":\"ReadAction\",\"target\":[\"https:\\\/\\\/pioyun.com.tr\\\/owls-eyes\\\/\"]}]},{\"@type\":\"ImageObject\",\"inLanguage\":\"en-US\",\"@id\":\"https:\\\/\\\/pioyun.com.tr\\\/owls-eyes\\\/#primaryimage\",\"url\":\"https:\\\/\\\/pioyun.com.tr\\\/wp-content\\\/uploads\\\/2021\\\/01\\\/owleyes.jpg\",\"contentUrl\":\"https:\\\/\\\/pioyun.com.tr\\\/wp-content\\\/uploads\\\/2021\\\/01\\\/owleyes.jpg\"},{\"@type\":\"BreadcrumbList\",\"@id\":\"https:\\\/\\\/pioyun.com.tr\\\/owls-eyes\\\/#breadcrumb\",\"itemListElement\":[{\"@type\":\"ListItem\",\"position\":1,\"name\":\"Anasayfa\",\"item\":\"https:\\\/\\\/pioyun.com.tr\\\/\"},{\"@type\":\"ListItem\",\"position\":2,\"name\":\"Owl&#8217;s Eyes\"}]},{\"@type\":\"WebSite\",\"@id\":\"https:\\\/\\\/pioyun.com.tr\\\/#website\",\"url\":\"https:\\\/\\\/pioyun.com.tr\\\/\",\"name\":\"Pi Oyun ve Otomat Makinalar\u0131\",\"description\":\"\",\"publisher\":{\"@id\":\"https:\\\/\\\/pioyun.com.tr\\\/#organization\"},\"potentialAction\":[{\"@type\":\"SearchAction\",\"target\":{\"@type\":\"EntryPoint\",\"urlTemplate\":\"https:\\\/\\\/pioyun.com.tr\\\/?s={search_term_string}\"},\"query-input\":{\"@type\":\"PropertyValueSpecification\",\"valueRequired\":true,\"valueName\":\"search_term_string\"}}],\"inLanguage\":\"en-US\"},{\"@type\":\"Organization\",\"@id\":\"https:\\\/\\\/pioyun.com.tr\\\/#organization\",\"name\":\"Pi Oyun ve Otomat Makinalar\u0131\",\"url\":\"https:\\\/\\\/pioyun.com.tr\\\/\",\"logo\":{\"@type\":\"ImageObject\",\"inLanguage\":\"en-US\",\"@id\":\"https:\\\/\\\/pioyun.com.tr\\\/#\\\/schema\\\/logo\\\/image\\\/\",\"url\":\"https:\\\/\\\/pioyun.com.tr\\\/wp-content\\\/uploads\\\/2021\\\/02\\\/pi-oyun-logo-youtube.png\",\"contentUrl\":\"https:\\\/\\\/pioyun.com.tr\\\/wp-content\\\/uploads\\\/2021\\\/02\\\/pi-oyun-logo-youtube.png\",\"width\":200,\"height\":201,\"caption\":\"Pi Oyun ve Otomat Makinalar\u0131\"},\"image\":{\"@id\":\"https:\\\/\\\/pioyun.com.tr\\\/#\\\/schema\\\/logo\\\/image\\\/\"},\"sameAs\":[\"https:\\\/\\\/www.instagram.com\\\/pioyun.com.tr\\\/\",\"https:\\\/\\\/www.youtube.com\\\/channel\\\/UCQiLtCDVegxIoJKS8mnVRKw\"]}]}<\/script>\n<!-- \/ Yoast SEO plugin. -->","yoast_head_json":{"title":"Owl's Eyes - Pi Oyun ve Otomat Makinalar\u0131","robots":{"index":"index","follow":"follow","max-snippet":"max-snippet:-1","max-image-preview":"max-image-preview:large","max-video-preview":"max-video-preview:-1"},"canonical":"https:\/\/pioyun.com.tr\/en\/owls-eyes\/","og_locale":"en_US","og_type":"article","og_title":"Owl's Eyes - Pi Oyun ve Otomat Makinalar\u0131","og_url":"https:\/\/pioyun.com.tr\/en\/owls-eyes\/","og_site_name":"Pi Oyun ve Otomat Makinalar\u0131","article_modified_time":"2021-03-13T10:02:20+00:00","og_image":[{"url":"https:\/\/pioyun.com.tr\/wp-content\/uploads\/2021\/01\/owleyes.jpg","type":"","width":"","height":""}],"twitter_card":"summary_large_image","twitter_misc":{"Est. reading time":"2 minutes"},"schema":{"@context":"https:\/\/schema.org","@graph":[{"@type":"WebPage","@id":"https:\/\/pioyun.com.tr\/owls-eyes\/","url":"https:\/\/pioyun.com.tr\/owls-eyes\/","name":"Owl's Eyes - Pi Oyun ve Otomat Makinalar\u0131","isPartOf":{"@id":"https:\/\/pioyun.com.tr\/#website"},"primaryImageOfPage":{"@id":"https:\/\/pioyun.com.tr\/owls-eyes\/#primaryimage"},"image":{"@id":"https:\/\/pioyun.com.tr\/owls-eyes\/#primaryimage"},"thumbnailUrl":"https:\/\/pioyun.com.tr\/wp-content\/uploads\/2021\/01\/owleyes.jpg","datePublished":"2021-02-18T10:33:53+00:00","dateModified":"2021-03-13T10:02:20+00:00","breadcrumb":{"@id":"https:\/\/pioyun.com.tr\/owls-eyes\/#breadcrumb"},"inLanguage":"en-US","potentialAction":[{"@type":"ReadAction","target":["https:\/\/pioyun.com.tr\/owls-eyes\/"]}]},{"@type":"ImageObject","inLanguage":"en-US","@id":"https:\/\/pioyun.com.tr\/owls-eyes\/#primaryimage","url":"https:\/\/pioyun.com.tr\/wp-content\/uploads\/2021\/01\/owleyes.jpg","contentUrl":"https:\/\/pioyun.com.tr\/wp-content\/uploads\/2021\/01\/owleyes.jpg"},{"@type":"BreadcrumbList","@id":"https:\/\/pioyun.com.tr\/owls-eyes\/#breadcrumb","itemListElement":[{"@type":"ListItem","position":1,"name":"Anasayfa","item":"https:\/\/pioyun.com.tr\/"},{"@type":"ListItem","position":2,"name":"Owl&#8217;s Eyes"}]},{"@type":"WebSite","@id":"https:\/\/pioyun.com.tr\/#website","url":"https:\/\/pioyun.com.tr\/","name":"Pi Game and Vending Machines","description":"","publisher":{"@id":"https:\/\/pioyun.com.tr\/#organization"},"potentialAction":[{"@type":"SearchAction","target":{"@type":"EntryPoint","urlTemplate":"https:\/\/pioyun.com.tr\/?s={search_term_string}"},"query-input":{"@type":"PropertyValueSpecification","valueRequired":true,"valueName":"search_term_string"}}],"inLanguage":"en-US"},{"@type":"Organization","@id":"https:\/\/pioyun.com.tr\/#organization","name":"Pi Game and Vending Machines","url":"https:\/\/pioyun.com.tr\/","logo":{"@type":"ImageObject","inLanguage":"en-US","@id":"https:\/\/pioyun.com.tr\/#\/schema\/logo\/image\/","url":"https:\/\/pioyun.com.tr\/wp-content\/uploads\/2021\/02\/pi-oyun-logo-youtube.png","contentUrl":"https:\/\/pioyun.com.tr\/wp-content\/uploads\/2021\/02\/pi-oyun-logo-youtube.png","width":200,"height":201,"caption":"Pi Oyun ve Otomat Makinalar\u0131"},"image":{"@id":"https:\/\/pioyun.com.tr\/#\/schema\/logo\/image\/"},"sameAs":["https:\/\/www.instagram.com\/pioyun.com.tr\/","https:\/\/www.youtube.com\/channel\/UCQiLtCDVegxIoJKS8mnVRKw"]}]}},"_links":{"self":[{"href":"https:\/\/pioyun.com.tr\/en\/wp-json\/wp\/v2\/pages\/404","targetHints":{"allow":["GET"]}}],"collection":[{"href":"https:\/\/pioyun.com.tr\/en\/wp-json\/wp\/v2\/pages"}],"about":[{"href":"https:\/\/pioyun.com.tr\/en\/wp-json\/wp\/v2\/types\/page"}],"author":[{"embeddable":true,"href":"https:\/\/pioyun.com.tr\/en\/wp-json\/wp\/v2\/users\/1"}],"replies":[{"embeddable":true,"href":"https:\/\/pioyun.com.tr\/en\/wp-json\/wp\/v2\/comments?post=404"}],"version-history":[{"count":7,"href":"https:\/\/pioyun.com.tr\/en\/wp-json\/wp\/v2\/pages\/404\/revisions"}],"predecessor-version":[{"id":513,"href":"https:\/\/pioyun.com.tr\/en\/wp-json\/wp\/v2\/pages\/404\/revisions\/513"}],"wp:attachment":[{"href":"https:\/\/pioyun.com.tr\/en\/wp-json\/wp\/v2\/media?parent=404"}],"curies":[{"name":"wp","href":"https:\/\/api.w.org\/{rel}","templated":true}]}}