{"id":402,"date":"2021-02-18T13:19:21","date_gmt":"2021-02-18T10:19:21","guid":{"rendered":"https:\/\/pioyun.com.tr\/?page_id=402"},"modified":"2021-02-18T14:22:57","modified_gmt":"2021-02-18T11:22:57","slug":"urunler","status":"publish","type":"page","link":"https:\/\/pioyun.com.tr\/en\/urunler\/","title":{"rendered":"Products"},"content":{"rendered":"<section class=\"wp-block-themeisle-blocks-advanced-columns alignfull has-3-columns has-desktop-equal-layout has-tablet-equal-layout has-mobile-collapsedRows-layout has-nogap-gap has-vertical-flex-start\" id=\"wp-block-themeisle-blocks-advanced-columns-36dadccc\"><div class=\"wp-block-themeisle-blocks-advanced-columns-overlay\"><\/div><div class=\"innerblocks-wrap\">\n<div class=\"wp-block-themeisle-blocks-advanced-column\" id=\"wp-block-themeisle-blocks-advanced-column-d953e658\">\n<figure class=\"wp-block-image size-large\"><img loading=\"lazy\" decoding=\"async\" width=\"600\" height=\"900\" src=\"http:\/\/pioyun.com.tr\/wp-content\/uploads\/2021\/01\/owleyes.jpg\" alt=\"\" class=\"wp-image-183\" srcset=\"https:\/\/pioyun.com.tr\/wp-content\/uploads\/2021\/01\/owleyes.jpg 600w, https:\/\/pioyun.com.tr\/wp-content\/uploads\/2021\/01\/owleyes-200x300.jpg 200w\" sizes=\"auto, (max-width: 600px) 100vw, 600px\" \/><\/figure>\n\n\n\n<h3 class=\"has-text-align-left wp-block-heading\">Owl&#8217;s Eyes<\/h3>\n\n\n\n<p class=\"has-text-align-left\">Something is following you with its eyes, would you like to catch it?<\/p>\n\n\n\n<div class=\"wp-block-buttons alignleft is-layout-flex wp-block-buttons-is-layout-flex\">\n<div class=\"wp-block-button\"><a class=\"wp-block-button__link\" href=\"https:\/\/pioyun.com.tr\/en\/owls-eyes\/\">Product Details<\/a><\/div>\n<\/div>\n<\/div>\n\n\n\n<div class=\"wp-block-themeisle-blocks-advanced-column\" id=\"wp-block-themeisle-blocks-advanced-column-e7a3e2a7\">\n<figure class=\"wp-block-image size-large\"><img loading=\"lazy\" decoding=\"async\" width=\"600\" height=\"900\" src=\"https:\/\/pioyun.com.tr\/wp-content\/uploads\/2021\/01\/vur-devir.jpg\" alt=\"\" class=\"wp-image-188\" srcset=\"https:\/\/pioyun.com.tr\/wp-content\/uploads\/2021\/01\/vur-devir.jpg 600w, https:\/\/pioyun.com.tr\/wp-content\/uploads\/2021\/01\/vur-devir-200x300.jpg 200w\" sizes=\"auto, (max-width: 600px) 100vw, 600px\" \/><\/figure>\n\n\n\n<h3 class=\"has-text-align-left wp-block-heading\">Hit\/Knock<\/h3>\n\n\n\n<p class=\"has-text-align-left\">1 or 2 players throw balls at mechanical Minions, the more you knock down Minions, the more tickets you earn!<\/p>\n\n\n\n<div class=\"wp-block-buttons alignleft is-layout-flex wp-block-buttons-is-layout-flex\">\n<div class=\"wp-block-button\"><a class=\"wp-block-button__link\" href=\"https:\/\/pioyun.com.tr\/en\/vur-devir-2\/\">Product Details<\/a><\/div>\n<\/div>\n<\/div>\n\n\n\n<div class=\"wp-block-themeisle-blocks-advanced-column\" id=\"wp-block-themeisle-blocks-advanced-column-73bc7af5\">\n<figure class=\"wp-block-image size-large\"><img loading=\"lazy\" decoding=\"async\" width=\"600\" height=\"900\" src=\"https:\/\/pioyun.com.tr\/wp-content\/uploads\/2021\/01\/venividivici.jpg\" alt=\"\" class=\"wp-image-187\" srcset=\"https:\/\/pioyun.com.tr\/wp-content\/uploads\/2021\/01\/venividivici.jpg 600w, https:\/\/pioyun.com.tr\/wp-content\/uploads\/2021\/01\/venividivici-200x300.jpg 200w\" sizes=\"auto, (max-width: 600px) 100vw, 600px\" \/><\/figure>\n\n\n\n<h3 class=\"has-text-align-left wp-block-heading\">Veni &#8211; Vidi &#8211; Vici<\/h3>\n\n\n\n<p class=\"has-text-align-left\">The fastest token collection machine!.. It's in your token vault in just two seconds!..<\/p>\n\n\n\n<div class=\"wp-block-buttons alignleft is-layout-flex wp-block-buttons-is-layout-flex\">\n<div class=\"wp-block-button\"><a class=\"wp-block-button__link\" href=\"https:\/\/pioyun.com.tr\/en\/veni-vidi-vici\/\">Product Details<\/a><\/div>\n<\/div>\n<\/div>\n<\/div><\/section>\n\n\n\n<section class=\"wp-block-themeisle-blocks-advanced-columns alignfull has-3-columns has-desktop-equal-layout has-tablet-equal-layout has-mobile-collapsedRows-layout has-nogap-gap has-vertical-flex-start\" id=\"wp-block-themeisle-blocks-advanced-columns-d4d3f27c\"><div class=\"wp-block-themeisle-blocks-advanced-columns-overlay\"><\/div><div class=\"innerblocks-wrap\">\n<div class=\"wp-block-themeisle-blocks-advanced-column\" id=\"wp-block-themeisle-blocks-advanced-column-251f54e0\">\n<figure class=\"wp-block-image size-large\"><img loading=\"lazy\" decoding=\"async\" width=\"683\" height=\"1024\" src=\"https:\/\/pioyun.com.tr\/wp-content\/uploads\/2021\/02\/sharksurf3-683x1024.jpg\" alt=\"\" class=\"wp-image-247\" srcset=\"https:\/\/pioyun.com.tr\/wp-content\/uploads\/2021\/02\/sharksurf3-683x1024.jpg 683w, https:\/\/pioyun.com.tr\/wp-content\/uploads\/2021\/02\/sharksurf3-200x300.jpg 200w, https:\/\/pioyun.com.tr\/wp-content\/uploads\/2021\/02\/sharksurf3-600x900.jpg 600w, https:\/\/pioyun.com.tr\/wp-content\/uploads\/2021\/02\/sharksurf3.jpg 720w\" sizes=\"auto, (max-width: 683px) 100vw, 683px\" \/><\/figure>\n\n\n\n<h3 class=\"has-text-align-left wp-block-heading\">Shark&amp;Surf<\/h3>\n\n\n\n<p class=\"has-text-align-left\">You have to balance on the surf or the shark is ready to swallow you!..<\/p>\n\n\n\n<div class=\"wp-block-buttons alignleft is-layout-flex wp-block-buttons-is-layout-flex\">\n<div class=\"wp-block-button\"><a class=\"wp-block-button__link\" href=\"https:\/\/pioyun.com.tr\/en\/sharksurf-2\/\">Product Details<\/a><\/div>\n<\/div>\n<\/div>\n\n\n\n<div class=\"wp-block-themeisle-blocks-advanced-column\" id=\"wp-block-themeisle-blocks-advanced-column-cf8972d7\">\n<figure class=\"wp-block-image size-large\"><img loading=\"lazy\" decoding=\"async\" width=\"683\" height=\"1024\" src=\"https:\/\/pioyun.com.tr\/wp-content\/uploads\/2021\/02\/yaparsinaskim-683x1024.jpg\" alt=\"\" class=\"wp-image-240\" srcset=\"https:\/\/pioyun.com.tr\/wp-content\/uploads\/2021\/02\/yaparsinaskim-683x1024.jpg 683w, https:\/\/pioyun.com.tr\/wp-content\/uploads\/2021\/02\/yaparsinaskim-200x300.jpg 200w, https:\/\/pioyun.com.tr\/wp-content\/uploads\/2021\/02\/yaparsinaskim-600x900.jpg 600w, https:\/\/pioyun.com.tr\/wp-content\/uploads\/2021\/02\/yaparsinaskim.jpg 720w\" sizes=\"auto, (max-width: 683px) 100vw, 683px\" \/><\/figure>\n\n\n\n<h3 class=\"has-text-align-left wp-block-heading\">You Can Do It, My Love<\/h3>\n\n\n\n<p class=\"has-text-align-left\">A little courage, a little motivation, but the most proportional use of speed, strength and balance.<\/p>\n\n\n\n<div class=\"wp-block-buttons alignleft is-layout-flex wp-block-buttons-is-layout-flex\">\n<div class=\"wp-block-button\"><a class=\"wp-block-button__link\" href=\"https:\/\/pioyun.com.tr\/en\/yaparsin-askim\/\">Product Details<\/a><\/div>\n<\/div>\n<\/div>\n\n\n\n<div class=\"wp-block-themeisle-blocks-advanced-column\" id=\"wp-block-themeisle-blocks-advanced-column-80537231\">\n<figure class=\"wp-block-image size-large\"><img loading=\"lazy\" decoding=\"async\" width=\"600\" height=\"900\" src=\"https:\/\/pioyun.com.tr\/wp-content\/uploads\/2021\/02\/dart1.jpg\" alt=\"\" class=\"wp-image-248\" srcset=\"https:\/\/pioyun.com.tr\/wp-content\/uploads\/2021\/02\/dart1.jpg 600w, https:\/\/pioyun.com.tr\/wp-content\/uploads\/2021\/02\/dart1-200x300.jpg 200w\" sizes=\"auto, (max-width: 600px) 100vw, 600px\" \/><\/figure>\n\n\n\n<h3 class=\"has-text-align-left wp-block-heading\">Electronic Darts<\/h3>\n\n\n\n<p class=\"has-text-align-left\">It is designed according to the standards of the World Darts Federation.<\/p>\n\n\n\n<div class=\"wp-block-buttons alignleft is-layout-flex wp-block-buttons-is-layout-flex\">\n<div class=\"wp-block-button\"><a class=\"wp-block-button__link\" href=\"https:\/\/pioyun.com.tr\/en\/elektronik-dart\/\">Product Details<\/a><\/div>\n<\/div>\n<\/div>\n<\/div><\/section>\n\n\n\n<section class=\"wp-block-themeisle-blocks-advanced-columns alignfull has-3-columns has-desktop-equal-layout has-tablet-equal-layout has-mobile-collapsedRows-layout has-nogap-gap has-vertical-flex-start\" id=\"wp-block-themeisle-blocks-advanced-columns-fda3dc4c\"><div class=\"wp-block-themeisle-blocks-advanced-columns-overlay\"><\/div><div class=\"innerblocks-wrap\">\n<div class=\"wp-block-themeisle-blocks-advanced-column\" id=\"wp-block-themeisle-blocks-advanced-column-1370fa6e\">\n<figure class=\"wp-block-image size-large\"><img loading=\"lazy\" decoding=\"async\" width=\"640\" height=\"640\" src=\"https:\/\/pioyun.com.tr\/wp-content\/uploads\/2021\/02\/poligon2.jpg\" alt=\"\" class=\"wp-image-245\" srcset=\"https:\/\/pioyun.com.tr\/wp-content\/uploads\/2021\/02\/poligon2.jpg 640w, https:\/\/pioyun.com.tr\/wp-content\/uploads\/2021\/02\/poligon2-300x300.jpg 300w, https:\/\/pioyun.com.tr\/wp-content\/uploads\/2021\/02\/poligon2-150x150.jpg 150w, https:\/\/pioyun.com.tr\/wp-content\/uploads\/2021\/02\/poligon2-600x600.jpg 600w, https:\/\/pioyun.com.tr\/wp-content\/uploads\/2021\/02\/poligon2-100x100.jpg 100w\" sizes=\"auto, (max-width: 640px) 100vw, 640px\" \/><\/figure>\n\n\n\n<h3 class=\"has-text-align-left wp-block-heading\">Movable Airsoft Polygon<\/h3>\n\n\n\n<p class=\"has-text-align-left\">Pi GAME brings together world standards in entertainment with users and companies!<\/p>\n\n\n\n<div class=\"wp-block-buttons alignleft is-layout-flex wp-block-buttons-is-layout-flex\">\n<div class=\"wp-block-button\"><a class=\"wp-block-button__link\" href=\"https:\/\/pioyun.com.tr\/en\/hareketli-airsoft-poligon\/\">Product Details<\/a><\/div>\n<\/div>\n<\/div>\n\n\n\n<div class=\"wp-block-themeisle-blocks-advanced-column\" id=\"wp-block-themeisle-blocks-advanced-column-c7bcc656\">\n<div class=\"wp-block-buttons alignleft is-layout-flex wp-block-buttons-is-layout-flex\"><\/div>\n<\/div>\n\n\n\n<div class=\"wp-block-themeisle-blocks-advanced-column\" id=\"wp-block-themeisle-blocks-advanced-column-43d6f195\">\n<div class=\"wp-block-buttons alignleft is-layout-flex wp-block-buttons-is-layout-flex\"><\/div>\n<\/div>\n<\/div><\/section>\n\n\n\n<p><\/p>","protected":false},"excerpt":{"rendered":"","protected":false},"author":1,"featured_media":0,"parent":0,"menu_order":0,"comment_status":"closed","ping_status":"closed","template":"page-templates\/template-pagebuilder-full-width.php","meta":{"neve_meta_sidebar":"full-width","neve_meta_container":"contained","neve_meta_enable_content_width":"off","neve_meta_content_width":87,"neve_meta_title_alignment":"","neve_meta_author_avatar":"","neve_post_elements_order":"","neve_meta_disable_header":"","neve_meta_disable_footer":"","neve_meta_disable_title":"","_themeisle_gutenberg_block_has_review":false,"footnotes":""},"class_list":["post-402","page","type-page","status-publish","hentry"],"yoast_head":"<!-- This site is optimized with the Yoast SEO plugin v27.6 - https:\/\/yoast.com\/product\/yoast-seo-wordpress\/ -->\n<title>\u00dcr\u00fcnler - Pi Oyun ve Otomat Makinalar\u0131<\/title>\n<meta name=\"robots\" content=\"index, follow, max-snippet:-1, max-image-preview:large, max-video-preview:-1\" \/>\n<link rel=\"canonical\" href=\"https:\/\/pioyun.com.tr\/en\/urunler\/\" \/>\n<meta property=\"og:locale\" content=\"en_US\" \/>\n<meta property=\"og:type\" content=\"article\" \/>\n<meta property=\"og:title\" content=\"\u00dcr\u00fcnler - Pi Oyun ve Otomat Makinalar\u0131\" \/>\n<meta property=\"og:url\" content=\"https:\/\/pioyun.com.tr\/en\/urunler\/\" \/>\n<meta property=\"og:site_name\" content=\"Pi Oyun ve Otomat Makinalar\u0131\" \/>\n<meta property=\"article:modified_time\" content=\"2021-02-18T11:22:57+00:00\" \/>\n<meta property=\"og:image\" content=\"http:\/\/pioyun.com.tr\/wp-content\/uploads\/2021\/01\/owleyes.jpg\" \/>\n<meta name=\"twitter:card\" content=\"summary_large_image\" \/>\n<meta name=\"twitter:label1\" content=\"Est. reading time\" \/>\n\t<meta name=\"twitter:data1\" content=\"2 minutes\" \/>\n<script type=\"application\/ld+json\" class=\"yoast-schema-graph\">{\"@context\":\"https:\\\/\\\/schema.org\",\"@graph\":[{\"@type\":\"WebPage\",\"@id\":\"https:\\\/\\\/pioyun.com.tr\\\/urunler\\\/\",\"url\":\"https:\\\/\\\/pioyun.com.tr\\\/urunler\\\/\",\"name\":\"\u00dcr\u00fcnler - Pi Oyun ve Otomat Makinalar\u0131\",\"isPartOf\":{\"@id\":\"https:\\\/\\\/pioyun.com.tr\\\/#website\"},\"primaryImageOfPage\":{\"@id\":\"https:\\\/\\\/pioyun.com.tr\\\/urunler\\\/#primaryimage\"},\"image\":{\"@id\":\"https:\\\/\\\/pioyun.com.tr\\\/urunler\\\/#primaryimage\"},\"thumbnailUrl\":\"http:\\\/\\\/pioyun.com.tr\\\/wp-content\\\/uploads\\\/2021\\\/01\\\/owleyes.jpg\",\"datePublished\":\"2021-02-18T10:19:21+00:00\",\"dateModified\":\"2021-02-18T11:22:57+00:00\",\"breadcrumb\":{\"@id\":\"https:\\\/\\\/pioyun.com.tr\\\/urunler\\\/#breadcrumb\"},\"inLanguage\":\"en-US\",\"potentialAction\":[{\"@type\":\"ReadAction\",\"target\":[\"https:\\\/\\\/pioyun.com.tr\\\/urunler\\\/\"]}]},{\"@type\":\"ImageObject\",\"inLanguage\":\"en-US\",\"@id\":\"https:\\\/\\\/pioyun.com.tr\\\/urunler\\\/#primaryimage\",\"url\":\"http:\\\/\\\/pioyun.com.tr\\\/wp-content\\\/uploads\\\/2021\\\/01\\\/owleyes.jpg\",\"contentUrl\":\"http:\\\/\\\/pioyun.com.tr\\\/wp-content\\\/uploads\\\/2021\\\/01\\\/owleyes.jpg\"},{\"@type\":\"BreadcrumbList\",\"@id\":\"https:\\\/\\\/pioyun.com.tr\\\/urunler\\\/#breadcrumb\",\"itemListElement\":[{\"@type\":\"ListItem\",\"position\":1,\"name\":\"Anasayfa\",\"item\":\"https:\\\/\\\/pioyun.com.tr\\\/\"},{\"@type\":\"ListItem\",\"position\":2,\"name\":\"\u00dcr\u00fcnler\"}]},{\"@type\":\"WebSite\",\"@id\":\"https:\\\/\\\/pioyun.com.tr\\\/#website\",\"url\":\"https:\\\/\\\/pioyun.com.tr\\\/\",\"name\":\"Pi Oyun ve Otomat Makinalar\u0131\",\"description\":\"\",\"publisher\":{\"@id\":\"https:\\\/\\\/pioyun.com.tr\\\/#organization\"},\"potentialAction\":[{\"@type\":\"SearchAction\",\"target\":{\"@type\":\"EntryPoint\",\"urlTemplate\":\"https:\\\/\\\/pioyun.com.tr\\\/?s={search_term_string}\"},\"query-input\":{\"@type\":\"PropertyValueSpecification\",\"valueRequired\":true,\"valueName\":\"search_term_string\"}}],\"inLanguage\":\"en-US\"},{\"@type\":\"Organization\",\"@id\":\"https:\\\/\\\/pioyun.com.tr\\\/#organization\",\"name\":\"Pi Oyun ve Otomat Makinalar\u0131\",\"url\":\"https:\\\/\\\/pioyun.com.tr\\\/\",\"logo\":{\"@type\":\"ImageObject\",\"inLanguage\":\"en-US\",\"@id\":\"https:\\\/\\\/pioyun.com.tr\\\/#\\\/schema\\\/logo\\\/image\\\/\",\"url\":\"https:\\\/\\\/pioyun.com.tr\\\/wp-content\\\/uploads\\\/2021\\\/02\\\/pi-oyun-logo-youtube.png\",\"contentUrl\":\"https:\\\/\\\/pioyun.com.tr\\\/wp-content\\\/uploads\\\/2021\\\/02\\\/pi-oyun-logo-youtube.png\",\"width\":200,\"height\":201,\"caption\":\"Pi Oyun ve Otomat Makinalar\u0131\"},\"image\":{\"@id\":\"https:\\\/\\\/pioyun.com.tr\\\/#\\\/schema\\\/logo\\\/image\\\/\"},\"sameAs\":[\"https:\\\/\\\/www.instagram.com\\\/pioyun.com.tr\\\/\",\"https:\\\/\\\/www.youtube.com\\\/channel\\\/UCQiLtCDVegxIoJKS8mnVRKw\"]}]}<\/script>\n<!-- \/ Yoast SEO plugin. -->","yoast_head_json":{"title":"\u00dcr\u00fcnler - Pi Oyun ve Otomat Makinalar\u0131","robots":{"index":"index","follow":"follow","max-snippet":"max-snippet:-1","max-image-preview":"max-image-preview:large","max-video-preview":"max-video-preview:-1"},"canonical":"https:\/\/pioyun.com.tr\/en\/urunler\/","og_locale":"en_US","og_type":"article","og_title":"\u00dcr\u00fcnler - Pi Oyun ve Otomat Makinalar\u0131","og_url":"https:\/\/pioyun.com.tr\/en\/urunler\/","og_site_name":"Pi Oyun ve Otomat Makinalar\u0131","article_modified_time":"2021-02-18T11:22:57+00:00","og_image":[{"url":"http:\/\/pioyun.com.tr\/wp-content\/uploads\/2021\/01\/owleyes.jpg","type":"","width":"","height":""}],"twitter_card":"summary_large_image","twitter_misc":{"Est. reading time":"2 minutes"},"schema":{"@context":"https:\/\/schema.org","@graph":[{"@type":"WebPage","@id":"https:\/\/pioyun.com.tr\/urunler\/","url":"https:\/\/pioyun.com.tr\/urunler\/","name":"\u00dcr\u00fcnler - Pi Oyun ve Otomat Makinalar\u0131","isPartOf":{"@id":"https:\/\/pioyun.com.tr\/#website"},"primaryImageOfPage":{"@id":"https:\/\/pioyun.com.tr\/urunler\/#primaryimage"},"image":{"@id":"https:\/\/pioyun.com.tr\/urunler\/#primaryimage"},"thumbnailUrl":"http:\/\/pioyun.com.tr\/wp-content\/uploads\/2021\/01\/owleyes.jpg","datePublished":"2021-02-18T10:19:21+00:00","dateModified":"2021-02-18T11:22:57+00:00","breadcrumb":{"@id":"https:\/\/pioyun.com.tr\/urunler\/#breadcrumb"},"inLanguage":"en-US","potentialAction":[{"@type":"ReadAction","target":["https:\/\/pioyun.com.tr\/urunler\/"]}]},{"@type":"ImageObject","inLanguage":"en-US","@id":"https:\/\/pioyun.com.tr\/urunler\/#primaryimage","url":"http:\/\/pioyun.com.tr\/wp-content\/uploads\/2021\/01\/owleyes.jpg","contentUrl":"http:\/\/pioyun.com.tr\/wp-content\/uploads\/2021\/01\/owleyes.jpg"},{"@type":"BreadcrumbList","@id":"https:\/\/pioyun.com.tr\/urunler\/#breadcrumb","itemListElement":[{"@type":"ListItem","position":1,"name":"Anasayfa","item":"https:\/\/pioyun.com.tr\/"},{"@type":"ListItem","position":2,"name":"\u00dcr\u00fcnler"}]},{"@type":"WebSite","@id":"https:\/\/pioyun.com.tr\/#website","url":"https:\/\/pioyun.com.tr\/","name":"Pi Game and Vending Machines","description":"","publisher":{"@id":"https:\/\/pioyun.com.tr\/#organization"},"potentialAction":[{"@type":"SearchAction","target":{"@type":"EntryPoint","urlTemplate":"https:\/\/pioyun.com.tr\/?s={search_term_string}"},"query-input":{"@type":"PropertyValueSpecification","valueRequired":true,"valueName":"search_term_string"}}],"inLanguage":"en-US"},{"@type":"Organization","@id":"https:\/\/pioyun.com.tr\/#organization","name":"Pi Game and Vending Machines","url":"https:\/\/pioyun.com.tr\/","logo":{"@type":"ImageObject","inLanguage":"en-US","@id":"https:\/\/pioyun.com.tr\/#\/schema\/logo\/image\/","url":"https:\/\/pioyun.com.tr\/wp-content\/uploads\/2021\/02\/pi-oyun-logo-youtube.png","contentUrl":"https:\/\/pioyun.com.tr\/wp-content\/uploads\/2021\/02\/pi-oyun-logo-youtube.png","width":200,"height":201,"caption":"Pi Oyun ve Otomat Makinalar\u0131"},"image":{"@id":"https:\/\/pioyun.com.tr\/#\/schema\/logo\/image\/"},"sameAs":["https:\/\/www.instagram.com\/pioyun.com.tr\/","https:\/\/www.youtube.com\/channel\/UCQiLtCDVegxIoJKS8mnVRKw"]}]}},"_links":{"self":[{"href":"https:\/\/pioyun.com.tr\/en\/wp-json\/wp\/v2\/pages\/402","targetHints":{"allow":["GET"]}}],"collection":[{"href":"https:\/\/pioyun.com.tr\/en\/wp-json\/wp\/v2\/pages"}],"about":[{"href":"https:\/\/pioyun.com.tr\/en\/wp-json\/wp\/v2\/types\/page"}],"author":[{"embeddable":true,"href":"https:\/\/pioyun.com.tr\/en\/wp-json\/wp\/v2\/users\/1"}],"replies":[{"embeddable":true,"href":"https:\/\/pioyun.com.tr\/en\/wp-json\/wp\/v2\/comments?post=402"}],"version-history":[{"count":7,"href":"https:\/\/pioyun.com.tr\/en\/wp-json\/wp\/v2\/pages\/402\/revisions"}],"predecessor-version":[{"id":444,"href":"https:\/\/pioyun.com.tr\/en\/wp-json\/wp\/v2\/pages\/402\/revisions\/444"}],"wp:attachment":[{"href":"https:\/\/pioyun.com.tr\/en\/wp-json\/wp\/v2\/media?parent=402"}],"curies":[{"name":"wp","href":"https:\/\/api.w.org\/{rel}","templated":true}]}}