{"id":358,"date":"2021-02-14T14:11:40","date_gmt":"2021-02-14T11:11:40","guid":{"rendered":"https:\/\/pioyun.com.tr\/?page_id=358"},"modified":"2021-02-14T14:11:40","modified_gmt":"2021-02-14T11:11:40","slug":"garanti-ve-iade","status":"publish","type":"page","link":"https:\/\/pioyun.com.tr\/en\/garanti-ve-iade\/","title":{"rendered":"Warranty and Returns"},"content":{"rendered":"<p>The warranty of all the products you have purchased from Pioyun.com.tr is determined according to the article in the consumer rights law.<\/p>\n\n\n\n<p>Refund Conditions<\/p>\n\n\n\n<ol class=\"wp-block-list\"><li>You can make a written application by sending an e-mail to info@pioyun.com.tr within 14 days from the day you receive your purchased product from the cargo, or you can return it under the following conditions by requesting a return from your User panel.<\/li><li>The promotional and promotional products of the product you are returning must also be returned at the same time.<\/li><li>The products that cannot be used for withdrawal or change are as follows;<\/li><\/ol>\n\n\n\n<p>Products that cannot be returned due to their nature,<\/p>\n\n\n\n<p>Products prepared in line with the consumer's wishes or personal needs,<\/p>\n\n\n\n<ol class=\"wp-block-list\" start=\"4\"><li>In order for the purchased products to be returned within the \"Right of Withdrawal\", the purchased product must not be damaged in its original box and the packaging inside. The invoice and all complementary accessories must be sent with the product undamaged and complete, if not sent, the refund request will be rejected. If there are factors that prevent the product from being resold, the product will not be accepted for return.<\/li><li>Your refund will be made to the bank account or credit card you requested within 3 (three) business days after the products you sent have reached us and the return is confirmed.<\/li><\/ol>","protected":false},"excerpt":{"rendered":"<p>Pioyun.com.tr&#8217; dan sat\u0131n alm\u0131\u015f oldu\u011funuz t\u00fcm \u00fcr\u00fcnlerin garantisi t\u00fcketici haklar\u0131 yasas\u0131nda bulunan maddeye g\u00f6re belirlenmi\u015ftir. \u0130ade \u015eartlar\u0131 Sat\u0131n ald\u0131\u011f\u0131n\u0131z \u00fcr\u00fcn\u00fc, kargodan teslim ald\u0131\u011f\u0131n\u0131z g\u00fcnden itibaren 14 g\u00fcn i\u00e7inde info@pioyun.com.tr adresine e-mail g\u00f6ndererek yaz\u0131l\u0131 ba\u015fvuruda bulunabilir veya Kullan\u0131c\u0131 panelinizden iade iste\u011finde bulunarak a\u015fa\u011f\u0131daki ko\u015fullar dahilinde iade edebilirsiniz. \u0130ade edece\u011finiz \u00fcr\u00fcne ait, hediye olarak verilen promosyonlu, kampanyal\u0131&hellip;&nbsp;<a href=\"https:\/\/pioyun.com.tr\/en\/garanti-ve-iade\/\" rel=\"bookmark\">Read More &raquo;<span class=\"screen-reader-text\">Warranty and Returns<\/span><\/a><\/p>","protected":false},"author":1,"featured_media":0,"parent":0,"menu_order":0,"comment_status":"closed","ping_status":"closed","template":"","meta":{"neve_meta_sidebar":"","neve_meta_container":"","neve_meta_enable_content_width":"","neve_meta_content_width":0,"neve_meta_title_alignment":"","neve_meta_author_avatar":"","neve_post_elements_order":"","neve_meta_disable_header":"","neve_meta_disable_footer":"","neve_meta_disable_title":"","_themeisle_gutenberg_block_has_review":false,"footnotes":""},"class_list":["post-358","page","type-page","status-publish","hentry"],"yoast_head":"<!-- This site is optimized with the Yoast SEO plugin v27.4 - https:\/\/yoast.com\/product\/yoast-seo-wordpress\/ -->\n<title>Garanti ve \u0130ade - Pi Oyun ve Otomat Makinalar\u0131<\/title>\n<meta name=\"robots\" content=\"index, follow, max-snippet:-1, max-image-preview:large, max-video-preview:-1\" \/>\n<link rel=\"canonical\" href=\"https:\/\/pioyun.com.tr\/en\/garanti-ve-iade\/\" \/>\n<meta property=\"og:locale\" content=\"en_US\" \/>\n<meta property=\"og:type\" content=\"article\" \/>\n<meta property=\"og:title\" content=\"Garanti ve \u0130ade - Pi Oyun ve Otomat Makinalar\u0131\" \/>\n<meta property=\"og:description\" content=\"Pioyun.com.tr&#8217; dan sat\u0131n alm\u0131\u015f oldu\u011funuz t\u00fcm \u00fcr\u00fcnlerin garantisi t\u00fcketici haklar\u0131 yasas\u0131nda bulunan maddeye g\u00f6re belirlenmi\u015ftir. \u0130ade \u015eartlar\u0131 Sat\u0131n ald\u0131\u011f\u0131n\u0131z \u00fcr\u00fcn\u00fc, kargodan teslim ald\u0131\u011f\u0131n\u0131z g\u00fcnden itibaren 14 g\u00fcn i\u00e7inde info@pioyun.com.tr adresine e-mail g\u00f6ndererek yaz\u0131l\u0131 ba\u015fvuruda bulunabilir veya Kullan\u0131c\u0131 panelinizden iade iste\u011finde bulunarak a\u015fa\u011f\u0131daki ko\u015fullar dahilinde iade edebilirsiniz. \u0130ade edece\u011finiz \u00fcr\u00fcne ait, hediye olarak verilen promosyonlu, kampanyal\u0131&hellip;&nbsp;Read More &raquo;Garanti ve \u0130ade\" \/>\n<meta property=\"og:url\" content=\"https:\/\/pioyun.com.tr\/en\/garanti-ve-iade\/\" \/>\n<meta property=\"og:site_name\" content=\"Pi Oyun ve Otomat Makinalar\u0131\" \/>\n<meta name=\"twitter:card\" content=\"summary_large_image\" \/>\n<meta name=\"twitter:label1\" content=\"Est. reading time\" \/>\n\t<meta name=\"twitter:data1\" content=\"1 minute\" \/>\n<script type=\"application\/ld+json\" class=\"yoast-schema-graph\">{\"@context\":\"https:\\\/\\\/schema.org\",\"@graph\":[{\"@type\":\"WebPage\",\"@id\":\"https:\\\/\\\/pioyun.com.tr\\\/garanti-ve-iade\\\/\",\"url\":\"https:\\\/\\\/pioyun.com.tr\\\/garanti-ve-iade\\\/\",\"name\":\"Garanti ve \u0130ade - Pi Oyun ve Otomat Makinalar\u0131\",\"isPartOf\":{\"@id\":\"https:\\\/\\\/pioyun.com.tr\\\/#website\"},\"datePublished\":\"2021-02-14T11:11:40+00:00\",\"breadcrumb\":{\"@id\":\"https:\\\/\\\/pioyun.com.tr\\\/garanti-ve-iade\\\/#breadcrumb\"},\"inLanguage\":\"en-US\",\"potentialAction\":[{\"@type\":\"ReadAction\",\"target\":[\"https:\\\/\\\/pioyun.com.tr\\\/garanti-ve-iade\\\/\"]}]},{\"@type\":\"BreadcrumbList\",\"@id\":\"https:\\\/\\\/pioyun.com.tr\\\/garanti-ve-iade\\\/#breadcrumb\",\"itemListElement\":[{\"@type\":\"ListItem\",\"position\":1,\"name\":\"Anasayfa\",\"item\":\"https:\\\/\\\/pioyun.com.tr\\\/\"},{\"@type\":\"ListItem\",\"position\":2,\"name\":\"Garanti ve \u0130ade\"}]},{\"@type\":\"WebSite\",\"@id\":\"https:\\\/\\\/pioyun.com.tr\\\/#website\",\"url\":\"https:\\\/\\\/pioyun.com.tr\\\/\",\"name\":\"Pi Oyun ve Otomat Makinalar\u0131\",\"description\":\"\",\"publisher\":{\"@id\":\"https:\\\/\\\/pioyun.com.tr\\\/#organization\"},\"potentialAction\":[{\"@type\":\"SearchAction\",\"target\":{\"@type\":\"EntryPoint\",\"urlTemplate\":\"https:\\\/\\\/pioyun.com.tr\\\/?s={search_term_string}\"},\"query-input\":{\"@type\":\"PropertyValueSpecification\",\"valueRequired\":true,\"valueName\":\"search_term_string\"}}],\"inLanguage\":\"en-US\"},{\"@type\":\"Organization\",\"@id\":\"https:\\\/\\\/pioyun.com.tr\\\/#organization\",\"name\":\"Pi Oyun ve Otomat Makinalar\u0131\",\"url\":\"https:\\\/\\\/pioyun.com.tr\\\/\",\"logo\":{\"@type\":\"ImageObject\",\"inLanguage\":\"en-US\",\"@id\":\"https:\\\/\\\/pioyun.com.tr\\\/#\\\/schema\\\/logo\\\/image\\\/\",\"url\":\"https:\\\/\\\/pioyun.com.tr\\\/wp-content\\\/uploads\\\/2021\\\/02\\\/pi-oyun-logo-youtube.png\",\"contentUrl\":\"https:\\\/\\\/pioyun.com.tr\\\/wp-content\\\/uploads\\\/2021\\\/02\\\/pi-oyun-logo-youtube.png\",\"width\":200,\"height\":201,\"caption\":\"Pi Oyun ve Otomat Makinalar\u0131\"},\"image\":{\"@id\":\"https:\\\/\\\/pioyun.com.tr\\\/#\\\/schema\\\/logo\\\/image\\\/\"},\"sameAs\":[\"https:\\\/\\\/www.instagram.com\\\/pioyun.com.tr\\\/\",\"https:\\\/\\\/www.youtube.com\\\/channel\\\/UCQiLtCDVegxIoJKS8mnVRKw\"]}]}<\/script>\n<!-- \/ Yoast SEO plugin. -->","yoast_head_json":{"title":"Garanti ve \u0130ade - Pi Oyun ve Otomat Makinalar\u0131","robots":{"index":"index","follow":"follow","max-snippet":"max-snippet:-1","max-image-preview":"max-image-preview:large","max-video-preview":"max-video-preview:-1"},"canonical":"https:\/\/pioyun.com.tr\/en\/garanti-ve-iade\/","og_locale":"en_US","og_type":"article","og_title":"Garanti ve \u0130ade - Pi Oyun ve Otomat Makinalar\u0131","og_description":"Pioyun.com.tr&#8217; dan sat\u0131n alm\u0131\u015f oldu\u011funuz t\u00fcm \u00fcr\u00fcnlerin garantisi t\u00fcketici haklar\u0131 yasas\u0131nda bulunan maddeye g\u00f6re belirlenmi\u015ftir. \u0130ade \u015eartlar\u0131 Sat\u0131n ald\u0131\u011f\u0131n\u0131z \u00fcr\u00fcn\u00fc, kargodan teslim ald\u0131\u011f\u0131n\u0131z g\u00fcnden itibaren 14 g\u00fcn i\u00e7inde info@pioyun.com.tr adresine e-mail g\u00f6ndererek yaz\u0131l\u0131 ba\u015fvuruda bulunabilir veya Kullan\u0131c\u0131 panelinizden iade iste\u011finde bulunarak a\u015fa\u011f\u0131daki ko\u015fullar dahilinde iade edebilirsiniz. \u0130ade edece\u011finiz \u00fcr\u00fcne ait, hediye olarak verilen promosyonlu, kampanyal\u0131&hellip;&nbsp;Read More &raquo;Garanti ve \u0130ade","og_url":"https:\/\/pioyun.com.tr\/en\/garanti-ve-iade\/","og_site_name":"Pi Oyun ve Otomat Makinalar\u0131","twitter_card":"summary_large_image","twitter_misc":{"Est. reading time":"1 minute"},"schema":{"@context":"https:\/\/schema.org","@graph":[{"@type":"WebPage","@id":"https:\/\/pioyun.com.tr\/garanti-ve-iade\/","url":"https:\/\/pioyun.com.tr\/garanti-ve-iade\/","name":"Garanti ve \u0130ade - Pi Oyun ve Otomat Makinalar\u0131","isPartOf":{"@id":"https:\/\/pioyun.com.tr\/#website"},"datePublished":"2021-02-14T11:11:40+00:00","breadcrumb":{"@id":"https:\/\/pioyun.com.tr\/garanti-ve-iade\/#breadcrumb"},"inLanguage":"en-US","potentialAction":[{"@type":"ReadAction","target":["https:\/\/pioyun.com.tr\/garanti-ve-iade\/"]}]},{"@type":"BreadcrumbList","@id":"https:\/\/pioyun.com.tr\/garanti-ve-iade\/#breadcrumb","itemListElement":[{"@type":"ListItem","position":1,"name":"Anasayfa","item":"https:\/\/pioyun.com.tr\/"},{"@type":"ListItem","position":2,"name":"Garanti ve \u0130ade"}]},{"@type":"WebSite","@id":"https:\/\/pioyun.com.tr\/#website","url":"https:\/\/pioyun.com.tr\/","name":"Pi Game and Vending Machines","description":"","publisher":{"@id":"https:\/\/pioyun.com.tr\/#organization"},"potentialAction":[{"@type":"SearchAction","target":{"@type":"EntryPoint","urlTemplate":"https:\/\/pioyun.com.tr\/?s={search_term_string}"},"query-input":{"@type":"PropertyValueSpecification","valueRequired":true,"valueName":"search_term_string"}}],"inLanguage":"en-US"},{"@type":"Organization","@id":"https:\/\/pioyun.com.tr\/#organization","name":"Pi Game and Vending Machines","url":"https:\/\/pioyun.com.tr\/","logo":{"@type":"ImageObject","inLanguage":"en-US","@id":"https:\/\/pioyun.com.tr\/#\/schema\/logo\/image\/","url":"https:\/\/pioyun.com.tr\/wp-content\/uploads\/2021\/02\/pi-oyun-logo-youtube.png","contentUrl":"https:\/\/pioyun.com.tr\/wp-content\/uploads\/2021\/02\/pi-oyun-logo-youtube.png","width":200,"height":201,"caption":"Pi Oyun ve Otomat Makinalar\u0131"},"image":{"@id":"https:\/\/pioyun.com.tr\/#\/schema\/logo\/image\/"},"sameAs":["https:\/\/www.instagram.com\/pioyun.com.tr\/","https:\/\/www.youtube.com\/channel\/UCQiLtCDVegxIoJKS8mnVRKw"]}]}},"_links":{"self":[{"href":"https:\/\/pioyun.com.tr\/en\/wp-json\/wp\/v2\/pages\/358","targetHints":{"allow":["GET"]}}],"collection":[{"href":"https:\/\/pioyun.com.tr\/en\/wp-json\/wp\/v2\/pages"}],"about":[{"href":"https:\/\/pioyun.com.tr\/en\/wp-json\/wp\/v2\/types\/page"}],"author":[{"embeddable":true,"href":"https:\/\/pioyun.com.tr\/en\/wp-json\/wp\/v2\/users\/1"}],"replies":[{"embeddable":true,"href":"https:\/\/pioyun.com.tr\/en\/wp-json\/wp\/v2\/comments?post=358"}],"version-history":[{"count":2,"href":"https:\/\/pioyun.com.tr\/en\/wp-json\/wp\/v2\/pages\/358\/revisions"}],"predecessor-version":[{"id":360,"href":"https:\/\/pioyun.com.tr\/en\/wp-json\/wp\/v2\/pages\/358\/revisions\/360"}],"wp:attachment":[{"href":"https:\/\/pioyun.com.tr\/en\/wp-json\/wp\/v2\/media?parent=358"}],"curies":[{"name":"wp","href":"https:\/\/api.w.org\/{rel}","templated":true}]}}