{"id":356,"date":"2021-02-14T14:08:10","date_gmt":"2021-02-14T11:08:10","guid":{"rendered":"https:\/\/pioyun.com.tr\/?page_id=356"},"modified":"2021-02-14T14:08:11","modified_gmt":"2021-02-14T11:08:11","slug":"odeme-ve-teslimat","status":"publish","type":"page","link":"https:\/\/pioyun.com.tr\/en\/odeme-ve-teslimat\/","title":{"rendered":"Payment and Delivery"},"content":{"rendered":"<p>1) You can send money to the Iban numbers below by bank transfer or EFT.<\/p>\n\n\n\n<p>Account Owner: P\u0130 oyun ve otomat makinalar\u0131 g\u0131da ithalat ihracat Tic Ltd \u015eti<\/p>\n\n\n\n<p>ZIRAAT BANK ACCOUNTS<br>TL : TR14 0001 0008 3388 4742 3150 01<br>USD : TR84 0001 0008 3388 4742 3150 02<br>EUR : TR57 0001 0008 3388 4742 3150 03<\/p>\n\n\n\n<p>2) With your credit cards on our site<br>You can take advantage of our online single payment for any credit card or online installments from iyzico. In your online payments, the amount will be withdrawn from your credit card at the end of your order. In case of order cancellations due to possible order cancellation or stock problems, the refund will be made to your credit card within 3 business days.<\/p>\n\n\n\n<p>3) Return of Order Fee<\/p>\n\n\n\n<p>In case the cancellation of your orders is approved by Pi Oyun; Pi Gaming will refund the product price to your account and \/ or credit card within three business days. However, you are required to report your bank account information and \/ or credit card information accurately and completely to our company's finance officials.<\/p>\n\n\n\n<p>4) Delivery<br>We strive to produce the products you have ordered within the delivery time. You will be informed in case of a possible delay in delivery.<\/p>\n\n\n\n<p>In order to ensure the delivery of the product without delay, please inform the address of your location as the delivery address during the day.<\/p>\n\n\n\n<p>Your requests will be processed to be prepared according to the delivery type you have determined at the end of the order. Products from our Ankara-based company will be sent by the cargo company.<\/p>\n\n\n\n<p>You can consult our customer representative and discuss different delivery terms. In addition, cargo deliveries are valid for the countries we serve.<\/p>\n\n\n\n<p>5) Payment Tracking<\/p>\n\n\n\n<p>If the system in question cannot perform the transaction due to any problem, our visitor is informed of this at the end of the payment page.<\/p>\n\n\n\n<p>In case of any error at the specified address, a connection is made with the orderer regarding the order that has not been delivered.<\/p>\n\n\n\n<p>The validity of the e-mail address specified by our visitor is confirmed by automatic e-mail sent after the order is transferred.<\/p>\n\n\n\n<p>Teslimat\u0131n ger\u00e7ekle\u015fmesi konusunda m\u00fc\u015fteri kadar kredi kart\u0131 sistemini kulland\u0131\u011f\u0131m\u0131z bankaya kar\u015f\u0131 da sorumlulu\u011fumuz s\u00f6z konusudur.<\/p>\n\n\n\n<p>Please be carefull!<\/p>\n\n\n\n<p>Open and check the packages that you think are damaged during shipment in front of the company representative you received. If you think there is any damage to the product, do not take delivery of the product by keeping a report to the cargo company.<\/p>\n\n\n\n<p>After the delivery of the product, it is accepted that the cargo company has fulfilled its duty completely.<\/p>\n\n\n\n<p>If the product is damaged: Notify the report you prepared as soon as possible to info@pioyun.com.tr.<\/p>\n\n\n\n<p>If you carry out these procedures, we will start working on your package and ensure that the delivery is repeated as soon as possible.<\/p>\n\n\n\n<p>If you briefly explain why you want to return the product in this e-mail, you will help us in our work on the product.<\/p>","protected":false},"excerpt":{"rendered":"<p>1) Banka Havalesi yada EFT yaparak a\u015fa\u011f\u0131daki \u0130ban numaralar\u0131na para g\u00f6nderimi sa\u011flayabilirsiniz. Hesap Sahibi: P\u0130 oyun ve otomat makinalar\u0131 g\u0131da ithalat ihracat Tic Ltd \u015eti Z\u0130RAAT BANKASI HESAPLARITL : TR14 0001 0008 3388 4742 3150 01USD : TR84 0001 0008 3388 4742 3150 02EUR : TR57 0001 0008 3388 4742 3150 03 2) Sitemiz \u00fczerinden&hellip;&nbsp;<a href=\"https:\/\/pioyun.com.tr\/en\/odeme-ve-teslimat\/\" rel=\"bookmark\">Read More &raquo;<span class=\"screen-reader-text\">Payment and Delivery<\/span><\/a><\/p>","protected":false},"author":1,"featured_media":0,"parent":0,"menu_order":0,"comment_status":"closed","ping_status":"closed","template":"","meta":{"neve_meta_sidebar":"","neve_meta_container":"","neve_meta_enable_content_width":"","neve_meta_content_width":0,"neve_meta_title_alignment":"","neve_meta_author_avatar":"","neve_post_elements_order":"","neve_meta_disable_header":"","neve_meta_disable_footer":"","neve_meta_disable_title":"","_themeisle_gutenberg_block_has_review":false,"footnotes":""},"class_list":["post-356","page","type-page","status-publish","hentry"],"yoast_head":"<!-- This site is optimized with the Yoast SEO plugin v27.4 - https:\/\/yoast.com\/product\/yoast-seo-wordpress\/ -->\n<title>\u00d6deme ve Teslimat - Pi Oyun ve Otomat Makinalar\u0131<\/title>\n<meta name=\"robots\" content=\"index, follow, max-snippet:-1, max-image-preview:large, max-video-preview:-1\" \/>\n<link rel=\"canonical\" href=\"https:\/\/pioyun.com.tr\/en\/odeme-ve-teslimat\/\" \/>\n<meta property=\"og:locale\" content=\"en_US\" \/>\n<meta property=\"og:type\" content=\"article\" \/>\n<meta property=\"og:title\" content=\"\u00d6deme ve Teslimat - Pi Oyun ve Otomat Makinalar\u0131\" \/>\n<meta property=\"og:description\" content=\"1) Banka Havalesi yada EFT yaparak a\u015fa\u011f\u0131daki \u0130ban numaralar\u0131na para g\u00f6nderimi sa\u011flayabilirsiniz. Hesap Sahibi: P\u0130 oyun ve otomat makinalar\u0131 g\u0131da ithalat ihracat Tic Ltd \u015eti Z\u0130RAAT BANKASI HESAPLARITL : TR14 0001 0008 3388 4742 3150 01USD : TR84 0001 0008 3388 4742 3150 02EUR : TR57 0001 0008 3388 4742 3150 03 2) Sitemiz \u00fczerinden&hellip;&nbsp;Read More &raquo;\u00d6deme ve Teslimat\" \/>\n<meta property=\"og:url\" content=\"https:\/\/pioyun.com.tr\/en\/odeme-ve-teslimat\/\" \/>\n<meta property=\"og:site_name\" content=\"Pi Oyun ve Otomat Makinalar\u0131\" \/>\n<meta property=\"article:modified_time\" content=\"2021-02-14T11:08:11+00:00\" \/>\n<meta name=\"twitter:card\" content=\"summary_large_image\" \/>\n<meta name=\"twitter:label1\" content=\"Est. reading time\" \/>\n\t<meta name=\"twitter:data1\" content=\"2 minutes\" \/>\n<script type=\"application\/ld+json\" class=\"yoast-schema-graph\">{\"@context\":\"https:\\\/\\\/schema.org\",\"@graph\":[{\"@type\":\"WebPage\",\"@id\":\"https:\\\/\\\/pioyun.com.tr\\\/odeme-ve-teslimat\\\/\",\"url\":\"https:\\\/\\\/pioyun.com.tr\\\/odeme-ve-teslimat\\\/\",\"name\":\"\u00d6deme ve Teslimat - Pi Oyun ve Otomat Makinalar\u0131\",\"isPartOf\":{\"@id\":\"https:\\\/\\\/pioyun.com.tr\\\/#website\"},\"datePublished\":\"2021-02-14T11:08:10+00:00\",\"dateModified\":\"2021-02-14T11:08:11+00:00\",\"breadcrumb\":{\"@id\":\"https:\\\/\\\/pioyun.com.tr\\\/odeme-ve-teslimat\\\/#breadcrumb\"},\"inLanguage\":\"en-US\",\"potentialAction\":[{\"@type\":\"ReadAction\",\"target\":[\"https:\\\/\\\/pioyun.com.tr\\\/odeme-ve-teslimat\\\/\"]}]},{\"@type\":\"BreadcrumbList\",\"@id\":\"https:\\\/\\\/pioyun.com.tr\\\/odeme-ve-teslimat\\\/#breadcrumb\",\"itemListElement\":[{\"@type\":\"ListItem\",\"position\":1,\"name\":\"Anasayfa\",\"item\":\"https:\\\/\\\/pioyun.com.tr\\\/\"},{\"@type\":\"ListItem\",\"position\":2,\"name\":\"\u00d6deme ve Teslimat\"}]},{\"@type\":\"WebSite\",\"@id\":\"https:\\\/\\\/pioyun.com.tr\\\/#website\",\"url\":\"https:\\\/\\\/pioyun.com.tr\\\/\",\"name\":\"Pi Oyun ve Otomat Makinalar\u0131\",\"description\":\"\",\"publisher\":{\"@id\":\"https:\\\/\\\/pioyun.com.tr\\\/#organization\"},\"potentialAction\":[{\"@type\":\"SearchAction\",\"target\":{\"@type\":\"EntryPoint\",\"urlTemplate\":\"https:\\\/\\\/pioyun.com.tr\\\/?s={search_term_string}\"},\"query-input\":{\"@type\":\"PropertyValueSpecification\",\"valueRequired\":true,\"valueName\":\"search_term_string\"}}],\"inLanguage\":\"en-US\"},{\"@type\":\"Organization\",\"@id\":\"https:\\\/\\\/pioyun.com.tr\\\/#organization\",\"name\":\"Pi Oyun ve Otomat Makinalar\u0131\",\"url\":\"https:\\\/\\\/pioyun.com.tr\\\/\",\"logo\":{\"@type\":\"ImageObject\",\"inLanguage\":\"en-US\",\"@id\":\"https:\\\/\\\/pioyun.com.tr\\\/#\\\/schema\\\/logo\\\/image\\\/\",\"url\":\"https:\\\/\\\/pioyun.com.tr\\\/wp-content\\\/uploads\\\/2021\\\/02\\\/pi-oyun-logo-youtube.png\",\"contentUrl\":\"https:\\\/\\\/pioyun.com.tr\\\/wp-content\\\/uploads\\\/2021\\\/02\\\/pi-oyun-logo-youtube.png\",\"width\":200,\"height\":201,\"caption\":\"Pi Oyun ve Otomat Makinalar\u0131\"},\"image\":{\"@id\":\"https:\\\/\\\/pioyun.com.tr\\\/#\\\/schema\\\/logo\\\/image\\\/\"},\"sameAs\":[\"https:\\\/\\\/www.instagram.com\\\/pioyun.com.tr\\\/\",\"https:\\\/\\\/www.youtube.com\\\/channel\\\/UCQiLtCDVegxIoJKS8mnVRKw\"]}]}<\/script>\n<!-- \/ Yoast SEO plugin. -->","yoast_head_json":{"title":"\u00d6deme ve Teslimat - Pi Oyun ve Otomat Makinalar\u0131","robots":{"index":"index","follow":"follow","max-snippet":"max-snippet:-1","max-image-preview":"max-image-preview:large","max-video-preview":"max-video-preview:-1"},"canonical":"https:\/\/pioyun.com.tr\/en\/odeme-ve-teslimat\/","og_locale":"en_US","og_type":"article","og_title":"\u00d6deme ve Teslimat - Pi Oyun ve Otomat Makinalar\u0131","og_description":"1) Banka Havalesi yada EFT yaparak a\u015fa\u011f\u0131daki \u0130ban numaralar\u0131na para g\u00f6nderimi sa\u011flayabilirsiniz. Hesap Sahibi: P\u0130 oyun ve otomat makinalar\u0131 g\u0131da ithalat ihracat Tic Ltd \u015eti Z\u0130RAAT BANKASI HESAPLARITL : TR14 0001 0008 3388 4742 3150 01USD : TR84 0001 0008 3388 4742 3150 02EUR : TR57 0001 0008 3388 4742 3150 03 2) Sitemiz \u00fczerinden&hellip;&nbsp;Read More &raquo;\u00d6deme ve Teslimat","og_url":"https:\/\/pioyun.com.tr\/en\/odeme-ve-teslimat\/","og_site_name":"Pi Oyun ve Otomat Makinalar\u0131","article_modified_time":"2021-02-14T11:08:11+00:00","twitter_card":"summary_large_image","twitter_misc":{"Est. reading time":"2 minutes"},"schema":{"@context":"https:\/\/schema.org","@graph":[{"@type":"WebPage","@id":"https:\/\/pioyun.com.tr\/odeme-ve-teslimat\/","url":"https:\/\/pioyun.com.tr\/odeme-ve-teslimat\/","name":"\u00d6deme ve Teslimat - Pi Oyun ve Otomat Makinalar\u0131","isPartOf":{"@id":"https:\/\/pioyun.com.tr\/#website"},"datePublished":"2021-02-14T11:08:10+00:00","dateModified":"2021-02-14T11:08:11+00:00","breadcrumb":{"@id":"https:\/\/pioyun.com.tr\/odeme-ve-teslimat\/#breadcrumb"},"inLanguage":"en-US","potentialAction":[{"@type":"ReadAction","target":["https:\/\/pioyun.com.tr\/odeme-ve-teslimat\/"]}]},{"@type":"BreadcrumbList","@id":"https:\/\/pioyun.com.tr\/odeme-ve-teslimat\/#breadcrumb","itemListElement":[{"@type":"ListItem","position":1,"name":"Anasayfa","item":"https:\/\/pioyun.com.tr\/"},{"@type":"ListItem","position":2,"name":"\u00d6deme ve Teslimat"}]},{"@type":"WebSite","@id":"https:\/\/pioyun.com.tr\/#website","url":"https:\/\/pioyun.com.tr\/","name":"Pi Game and Vending Machines","description":"","publisher":{"@id":"https:\/\/pioyun.com.tr\/#organization"},"potentialAction":[{"@type":"SearchAction","target":{"@type":"EntryPoint","urlTemplate":"https:\/\/pioyun.com.tr\/?s={search_term_string}"},"query-input":{"@type":"PropertyValueSpecification","valueRequired":true,"valueName":"search_term_string"}}],"inLanguage":"en-US"},{"@type":"Organization","@id":"https:\/\/pioyun.com.tr\/#organization","name":"Pi Game and Vending Machines","url":"https:\/\/pioyun.com.tr\/","logo":{"@type":"ImageObject","inLanguage":"en-US","@id":"https:\/\/pioyun.com.tr\/#\/schema\/logo\/image\/","url":"https:\/\/pioyun.com.tr\/wp-content\/uploads\/2021\/02\/pi-oyun-logo-youtube.png","contentUrl":"https:\/\/pioyun.com.tr\/wp-content\/uploads\/2021\/02\/pi-oyun-logo-youtube.png","width":200,"height":201,"caption":"Pi Oyun ve Otomat Makinalar\u0131"},"image":{"@id":"https:\/\/pioyun.com.tr\/#\/schema\/logo\/image\/"},"sameAs":["https:\/\/www.instagram.com\/pioyun.com.tr\/","https:\/\/www.youtube.com\/channel\/UCQiLtCDVegxIoJKS8mnVRKw"]}]}},"_links":{"self":[{"href":"https:\/\/pioyun.com.tr\/en\/wp-json\/wp\/v2\/pages\/356","targetHints":{"allow":["GET"]}}],"collection":[{"href":"https:\/\/pioyun.com.tr\/en\/wp-json\/wp\/v2\/pages"}],"about":[{"href":"https:\/\/pioyun.com.tr\/en\/wp-json\/wp\/v2\/types\/page"}],"author":[{"embeddable":true,"href":"https:\/\/pioyun.com.tr\/en\/wp-json\/wp\/v2\/users\/1"}],"replies":[{"embeddable":true,"href":"https:\/\/pioyun.com.tr\/en\/wp-json\/wp\/v2\/comments?post=356"}],"version-history":[{"count":1,"href":"https:\/\/pioyun.com.tr\/en\/wp-json\/wp\/v2\/pages\/356\/revisions"}],"predecessor-version":[{"id":357,"href":"https:\/\/pioyun.com.tr\/en\/wp-json\/wp\/v2\/pages\/356\/revisions\/357"}],"wp:attachment":[{"href":"https:\/\/pioyun.com.tr\/en\/wp-json\/wp\/v2\/media?parent=356"}],"curies":[{"name":"wp","href":"https:\/\/api.w.org\/{rel}","templated":true}]}}