{"id":341,"date":"2021-02-14T13:51:47","date_gmt":"2021-02-14T10:51:47","guid":{"rendered":"https:\/\/pioyun.com.tr\/?page_id=341"},"modified":"2021-02-14T13:51:48","modified_gmt":"2021-02-14T10:51:48","slug":"mesafeli-satis-sozlesmesi","status":"publish","type":"page","link":"https:\/\/pioyun.com.tr\/en\/mesafeli-satis-sozlesmesi\/","title":{"rendered":"Distance Selling Contract"},"content":{"rendered":"<p>WARNING: In accordance with the relevant law, please read our contract text below, printed in 12 point and bold font.<\/p>\n\n\n\n<p>Also; Every customer who is a member of our website and makes purchases is deemed to have read and accepted all the articles of the following sales contract prepared by us without the need for another notice.<\/p>\n\n\n\n<p>This contract has been prepared in accordance with the Regulation on the Application Procedures and Principles of Distance Contracts published in the Official Gazette dated 13.06.2003 and numbered 25137, and the articles are as follows.<\/p>\n\n\n\n<p>ARTICLE 1 - SUBJECT<\/p>\n\n\n\n<p>The subject of this contract covers the rights and obligations of the parties in accordance with the provisions of the Law No.4077 on the Protection of Consumers - Regulation on the Principles and Procedures of the Application of Distance Contracts, regarding the sale and delivery of the product that the SELLER sells to the BUYER, whose qualities and sales price are specified below. .<\/p>\n\n\n\n<p>ARTICLE 2.1 - SELLER INFORMATION<\/p>\n\n\n\n<p>Title : P\u0130 Oyun ve Otomat Makinalar\u0131 G\u0131da \u0130thalat \u0130hracat Tic. Ltd. \u015eti.<\/p>\n\n\n\n<p>Address : Mehtap mah. Okullar cd. No:47\/19 Mamak\/ANKARA<\/p>\n\n\n\n<p>Phone : +90 534 015 53 04<\/p>\n\n\n\n<p>Email : info@pioyun.com.tr<\/p>\n\n\n\n<p>ARTICLE 2.2 - BUYER INFORMATION<\/p>\n\n\n\n<p>A person who is a member of the www.pioyun.com.tr shopping site as a customer.<\/p>\n\n\n\n<p>Address and contact information used while members shall prevail.<\/p>\n\n\n\n<p>ARTICLE 3 - CONTRACT SUBJECT PRODUCT INFORMATION<\/p>\n\n\n\n<p>It consists of the type, quantity, brand \/ model, color, number of goods \/ products \/ services, sales price, payment method, and the information at the time the order is finalized.<\/p>\n\n\n\n<p>ARTICLE 4 - GENERAL PROVISIONS<\/p>\n\n\n\n<p>4.1- The BUYER declares that he \/ she has read and informed all the preliminary information regarding the basic characteristics of the contractual product or products, sales price and payment method and delivery, and gives the necessary confirmation electronically.<\/p>\n\n\n\n<p>4.2 - The product or products subject to the contract are delivered to the BUYER or the person \/ organization at the address indicated in the preliminary information, depending on the distance of the BUYER's place of residence for each product, provided that it does not exceed the legal 30-day period. This period can be extended for a maximum of 10 days, provided that the BUYER is notified beforehand.<\/p>\n\n\n\n<p>4.3 - If the product subject to the contract is to be delivered to another person \/ organization other than the BUYER, pioyun.com.tr cannot be held responsible if the person \/ organization to be delivered does not accept the delivery.<\/p>\n\n\n\n<p>4.4 - pioyun.com.tr is responsible for the delivery of the product subject to the contract in a sound, complete manner, in accordance with the qualifications specified in the order and with warranty documents and user manuals, if any.<\/p>\n\n\n\n<p>4.5 - For the delivery of the product subject to the contract, the signed copy of this contract must be delivered to pioyun.com.tr and the price must be paid in the form of payment preferred by the BUYER. If, for any reason, the product price is not paid or is canceled in bank records, pioyun.com.tr is deemed to be free from the obligation to deliver the product.<\/p>\n\n\n\n<p>4.6- After the delivery of the product, if the credit card belonging to the BUYER is used unfairly or unlawfully by unauthorized persons not due to the BUYER's fault, if the relevant bank or financial institution fails to pay the product price to pioyun.com.tr, the BUYER will be delivered to himself. It is mandatory to send the product to pioyun.com.tr within 3 days, provided that it has been received. In this case, shipping costs belong to the BUYER.<\/p>\n\n\n\n<p>4.7-pioyun.com.tr is obliged to notify the BUYER of the situation if it cannot deliver the product subject to the contract within due time due to force majeure or extraordinary circumstances such as adverse weather conditions that prevent transportation. In this case, the BUYER may use one of the rights to cancel the order, to replace the product subject to the contract with a precedent, and \/ or to postpone the delivery period until the obstacle is removed. If the BUYER cancels the order, the amount paid is paid to him in cash and in lump sum within 15 working days.<\/p>\n\n\n\n<p>4.8- The defective or defective products of the products sold with or without the warranty certificate can be sent to pioyun.com.tr for the necessary repairs within the warranty terms, in this case the shipping costs will be covered by pioyun.com.tr.<\/p>\n\n\n\n<p>ARTICLE 5 - RIGHT TO WITHDRAWAL<\/p>\n\n\n\n<p>The BUYER has the right to withdraw within (7) days from the delivery of the contractual product to him or to the person \/ organization at the address indicated. In order to use the right of withdrawal, it is obligatory to notify pioyun.com.tr via fax, e-mail or telephone within this period and the product should not be used within the framework of the relevant article provisions. If this right is exercised, it is obligatory to return the original invoice along with a sample of the cargo delivery report indicating that the product delivered to the 3rd party or the BUYER has been sent to pioyun.com.tr. The product price is returned to the BUYER within 15 days following the receipt of these documents. If the original invoice is not sent, VAT and other legal obligations, if any, cannot be returned. The shipping cost of the returned product due to the right of withdrawal is paid by the BUYER.<\/p>\n\n\n\n<p>The right of withdrawal cannot be used for customized products that cannot be returned due to their nature. The use of the right of withdrawal depends on the condition that the product package is not opened, spoiled and the product has not been used.<\/p>\n\n\n\n<p>If the payment is made by credit card or a similar payment card, the consumer may request the cancellation of the payment transaction on the grounds that the card is used against his \/ her consent and illegally. In this case, the issuing institution returns the payment amount to the consumer within 15 working days from the notification of the objection.<\/p>\n\n\n\n<p>In the implementation of this contract, Consumer Arbitration Committees and Consumer Courts at the location of pioyun.com.tr are authorized up to the value announced by the Ministry of Industry and Trade.<\/p>\n\n\n\n<p>In case the order is concluded, the BUYER will be deemed to have accepted all the terms of this contract.<\/p>","protected":false},"excerpt":{"rendered":"<p>UYARI :\u0130lgili yasa gere\u011fi l\u00fctfen a\u015fa\u011f\u0131daki s\u00f6zle\u015fme metnimizi 12 punto ve koyu fontta printederek okuyunuz. Ayr\u0131ca; internet sitemize \u00fcye olan ve al\u0131\u015f veri\u015f yapan her m\u00fc\u015fteri, taraf\u0131m\u0131zdan d\u00fczenlenmi\u015f olan a\u015fa\u011f\u0131daki sat\u0131\u015f s\u00f6zle\u015fmemizin t\u00fcm maddelerini ba\u015fka bir ihbara gerek kalmadan okumu\u015f ve kabul etmi\u015f say\u0131l\u0131r. \u0130\u015f bu s\u00f6zle\u015fme 13.06.2003 tarih ve 25137 say\u0131l\u0131 Resmi Gazetede yay\u0131nlanan&hellip;&nbsp;<a href=\"https:\/\/pioyun.com.tr\/en\/mesafeli-satis-sozlesmesi\/\" rel=\"bookmark\">Read More &raquo;<span class=\"screen-reader-text\">Distance Selling Contract<\/span><\/a><\/p>","protected":false},"author":1,"featured_media":0,"parent":0,"menu_order":0,"comment_status":"closed","ping_status":"closed","template":"","meta":{"neve_meta_sidebar":"","neve_meta_container":"","neve_meta_enable_content_width":"","neve_meta_content_width":0,"neve_meta_title_alignment":"","neve_meta_author_avatar":"","neve_post_elements_order":"","neve_meta_disable_header":"","neve_meta_disable_footer":"","neve_meta_disable_title":"","_themeisle_gutenberg_block_has_review":false,"footnotes":""},"class_list":["post-341","page","type-page","status-publish","hentry"],"yoast_head":"<!-- This site is optimized with the Yoast SEO plugin v27.4 - https:\/\/yoast.com\/product\/yoast-seo-wordpress\/ -->\n<title>Mesafeli Sat\u0131\u015f S\u00f6zle\u015fmesi - Pi Oyun ve Otomat Makinalar\u0131<\/title>\n<meta name=\"robots\" content=\"index, follow, max-snippet:-1, max-image-preview:large, max-video-preview:-1\" \/>\n<link rel=\"canonical\" href=\"https:\/\/pioyun.com.tr\/en\/mesafeli-satis-sozlesmesi\/\" \/>\n<meta property=\"og:locale\" content=\"en_US\" \/>\n<meta property=\"og:type\" content=\"article\" \/>\n<meta property=\"og:title\" content=\"Mesafeli Sat\u0131\u015f S\u00f6zle\u015fmesi - Pi Oyun ve Otomat Makinalar\u0131\" \/>\n<meta property=\"og:description\" content=\"UYARI :\u0130lgili yasa gere\u011fi l\u00fctfen a\u015fa\u011f\u0131daki s\u00f6zle\u015fme metnimizi 12 punto ve koyu fontta printederek okuyunuz. Ayr\u0131ca; internet sitemize \u00fcye olan ve al\u0131\u015f veri\u015f yapan her m\u00fc\u015fteri, taraf\u0131m\u0131zdan d\u00fczenlenmi\u015f olan a\u015fa\u011f\u0131daki sat\u0131\u015f s\u00f6zle\u015fmemizin t\u00fcm maddelerini ba\u015fka bir ihbara gerek kalmadan okumu\u015f ve kabul etmi\u015f say\u0131l\u0131r. \u0130\u015f bu s\u00f6zle\u015fme 13.06.2003 tarih ve 25137 say\u0131l\u0131 Resmi Gazetede yay\u0131nlanan&hellip;&nbsp;Read More &raquo;Mesafeli Sat\u0131\u015f S\u00f6zle\u015fmesi\" \/>\n<meta property=\"og:url\" content=\"https:\/\/pioyun.com.tr\/en\/mesafeli-satis-sozlesmesi\/\" \/>\n<meta property=\"og:site_name\" content=\"Pi Oyun ve Otomat Makinalar\u0131\" \/>\n<meta property=\"article:modified_time\" content=\"2021-02-14T10:51:48+00:00\" \/>\n<meta name=\"twitter:card\" content=\"summary_large_image\" \/>\n<meta name=\"twitter:label1\" content=\"Est. reading time\" \/>\n\t<meta name=\"twitter:data1\" content=\"4 minutes\" \/>\n<script type=\"application\/ld+json\" class=\"yoast-schema-graph\">{\"@context\":\"https:\\\/\\\/schema.org\",\"@graph\":[{\"@type\":\"WebPage\",\"@id\":\"https:\\\/\\\/pioyun.com.tr\\\/mesafeli-satis-sozlesmesi\\\/\",\"url\":\"https:\\\/\\\/pioyun.com.tr\\\/mesafeli-satis-sozlesmesi\\\/\",\"name\":\"Mesafeli Sat\u0131\u015f S\u00f6zle\u015fmesi - Pi Oyun ve Otomat Makinalar\u0131\",\"isPartOf\":{\"@id\":\"https:\\\/\\\/pioyun.com.tr\\\/#website\"},\"datePublished\":\"2021-02-14T10:51:47+00:00\",\"dateModified\":\"2021-02-14T10:51:48+00:00\",\"breadcrumb\":{\"@id\":\"https:\\\/\\\/pioyun.com.tr\\\/mesafeli-satis-sozlesmesi\\\/#breadcrumb\"},\"inLanguage\":\"en-US\",\"potentialAction\":[{\"@type\":\"ReadAction\",\"target\":[\"https:\\\/\\\/pioyun.com.tr\\\/mesafeli-satis-sozlesmesi\\\/\"]}]},{\"@type\":\"BreadcrumbList\",\"@id\":\"https:\\\/\\\/pioyun.com.tr\\\/mesafeli-satis-sozlesmesi\\\/#breadcrumb\",\"itemListElement\":[{\"@type\":\"ListItem\",\"position\":1,\"name\":\"Anasayfa\",\"item\":\"https:\\\/\\\/pioyun.com.tr\\\/\"},{\"@type\":\"ListItem\",\"position\":2,\"name\":\"Mesafeli Sat\u0131\u015f S\u00f6zle\u015fmesi\"}]},{\"@type\":\"WebSite\",\"@id\":\"https:\\\/\\\/pioyun.com.tr\\\/#website\",\"url\":\"https:\\\/\\\/pioyun.com.tr\\\/\",\"name\":\"Pi Oyun ve Otomat Makinalar\u0131\",\"description\":\"\",\"publisher\":{\"@id\":\"https:\\\/\\\/pioyun.com.tr\\\/#organization\"},\"potentialAction\":[{\"@type\":\"SearchAction\",\"target\":{\"@type\":\"EntryPoint\",\"urlTemplate\":\"https:\\\/\\\/pioyun.com.tr\\\/?s={search_term_string}\"},\"query-input\":{\"@type\":\"PropertyValueSpecification\",\"valueRequired\":true,\"valueName\":\"search_term_string\"}}],\"inLanguage\":\"en-US\"},{\"@type\":\"Organization\",\"@id\":\"https:\\\/\\\/pioyun.com.tr\\\/#organization\",\"name\":\"Pi Oyun ve Otomat Makinalar\u0131\",\"url\":\"https:\\\/\\\/pioyun.com.tr\\\/\",\"logo\":{\"@type\":\"ImageObject\",\"inLanguage\":\"en-US\",\"@id\":\"https:\\\/\\\/pioyun.com.tr\\\/#\\\/schema\\\/logo\\\/image\\\/\",\"url\":\"https:\\\/\\\/pioyun.com.tr\\\/wp-content\\\/uploads\\\/2021\\\/02\\\/pi-oyun-logo-youtube.png\",\"contentUrl\":\"https:\\\/\\\/pioyun.com.tr\\\/wp-content\\\/uploads\\\/2021\\\/02\\\/pi-oyun-logo-youtube.png\",\"width\":200,\"height\":201,\"caption\":\"Pi Oyun ve Otomat Makinalar\u0131\"},\"image\":{\"@id\":\"https:\\\/\\\/pioyun.com.tr\\\/#\\\/schema\\\/logo\\\/image\\\/\"},\"sameAs\":[\"https:\\\/\\\/www.instagram.com\\\/pioyun.com.tr\\\/\",\"https:\\\/\\\/www.youtube.com\\\/channel\\\/UCQiLtCDVegxIoJKS8mnVRKw\"]}]}<\/script>\n<!-- \/ Yoast SEO plugin. -->","yoast_head_json":{"title":"Mesafeli Sat\u0131\u015f S\u00f6zle\u015fmesi - Pi Oyun ve Otomat Makinalar\u0131","robots":{"index":"index","follow":"follow","max-snippet":"max-snippet:-1","max-image-preview":"max-image-preview:large","max-video-preview":"max-video-preview:-1"},"canonical":"https:\/\/pioyun.com.tr\/en\/mesafeli-satis-sozlesmesi\/","og_locale":"en_US","og_type":"article","og_title":"Mesafeli Sat\u0131\u015f S\u00f6zle\u015fmesi - Pi Oyun ve Otomat Makinalar\u0131","og_description":"UYARI :\u0130lgili yasa gere\u011fi l\u00fctfen a\u015fa\u011f\u0131daki s\u00f6zle\u015fme metnimizi 12 punto ve koyu fontta printederek okuyunuz. Ayr\u0131ca; internet sitemize \u00fcye olan ve al\u0131\u015f veri\u015f yapan her m\u00fc\u015fteri, taraf\u0131m\u0131zdan d\u00fczenlenmi\u015f olan a\u015fa\u011f\u0131daki sat\u0131\u015f s\u00f6zle\u015fmemizin t\u00fcm maddelerini ba\u015fka bir ihbara gerek kalmadan okumu\u015f ve kabul etmi\u015f say\u0131l\u0131r. \u0130\u015f bu s\u00f6zle\u015fme 13.06.2003 tarih ve 25137 say\u0131l\u0131 Resmi Gazetede yay\u0131nlanan&hellip;&nbsp;Read More &raquo;Mesafeli Sat\u0131\u015f S\u00f6zle\u015fmesi","og_url":"https:\/\/pioyun.com.tr\/en\/mesafeli-satis-sozlesmesi\/","og_site_name":"Pi Oyun ve Otomat Makinalar\u0131","article_modified_time":"2021-02-14T10:51:48+00:00","twitter_card":"summary_large_image","twitter_misc":{"Est. reading time":"4 minutes"},"schema":{"@context":"https:\/\/schema.org","@graph":[{"@type":"WebPage","@id":"https:\/\/pioyun.com.tr\/mesafeli-satis-sozlesmesi\/","url":"https:\/\/pioyun.com.tr\/mesafeli-satis-sozlesmesi\/","name":"Mesafeli Sat\u0131\u015f S\u00f6zle\u015fmesi - Pi Oyun ve Otomat Makinalar\u0131","isPartOf":{"@id":"https:\/\/pioyun.com.tr\/#website"},"datePublished":"2021-02-14T10:51:47+00:00","dateModified":"2021-02-14T10:51:48+00:00","breadcrumb":{"@id":"https:\/\/pioyun.com.tr\/mesafeli-satis-sozlesmesi\/#breadcrumb"},"inLanguage":"en-US","potentialAction":[{"@type":"ReadAction","target":["https:\/\/pioyun.com.tr\/mesafeli-satis-sozlesmesi\/"]}]},{"@type":"BreadcrumbList","@id":"https:\/\/pioyun.com.tr\/mesafeli-satis-sozlesmesi\/#breadcrumb","itemListElement":[{"@type":"ListItem","position":1,"name":"Anasayfa","item":"https:\/\/pioyun.com.tr\/"},{"@type":"ListItem","position":2,"name":"Mesafeli Sat\u0131\u015f S\u00f6zle\u015fmesi"}]},{"@type":"WebSite","@id":"https:\/\/pioyun.com.tr\/#website","url":"https:\/\/pioyun.com.tr\/","name":"Pi Game and Vending Machines","description":"","publisher":{"@id":"https:\/\/pioyun.com.tr\/#organization"},"potentialAction":[{"@type":"SearchAction","target":{"@type":"EntryPoint","urlTemplate":"https:\/\/pioyun.com.tr\/?s={search_term_string}"},"query-input":{"@type":"PropertyValueSpecification","valueRequired":true,"valueName":"search_term_string"}}],"inLanguage":"en-US"},{"@type":"Organization","@id":"https:\/\/pioyun.com.tr\/#organization","name":"Pi Game and Vending Machines","url":"https:\/\/pioyun.com.tr\/","logo":{"@type":"ImageObject","inLanguage":"en-US","@id":"https:\/\/pioyun.com.tr\/#\/schema\/logo\/image\/","url":"https:\/\/pioyun.com.tr\/wp-content\/uploads\/2021\/02\/pi-oyun-logo-youtube.png","contentUrl":"https:\/\/pioyun.com.tr\/wp-content\/uploads\/2021\/02\/pi-oyun-logo-youtube.png","width":200,"height":201,"caption":"Pi Oyun ve Otomat Makinalar\u0131"},"image":{"@id":"https:\/\/pioyun.com.tr\/#\/schema\/logo\/image\/"},"sameAs":["https:\/\/www.instagram.com\/pioyun.com.tr\/","https:\/\/www.youtube.com\/channel\/UCQiLtCDVegxIoJKS8mnVRKw"]}]}},"_links":{"self":[{"href":"https:\/\/pioyun.com.tr\/en\/wp-json\/wp\/v2\/pages\/341","targetHints":{"allow":["GET"]}}],"collection":[{"href":"https:\/\/pioyun.com.tr\/en\/wp-json\/wp\/v2\/pages"}],"about":[{"href":"https:\/\/pioyun.com.tr\/en\/wp-json\/wp\/v2\/types\/page"}],"author":[{"embeddable":true,"href":"https:\/\/pioyun.com.tr\/en\/wp-json\/wp\/v2\/users\/1"}],"replies":[{"embeddable":true,"href":"https:\/\/pioyun.com.tr\/en\/wp-json\/wp\/v2\/comments?post=341"}],"version-history":[{"count":1,"href":"https:\/\/pioyun.com.tr\/en\/wp-json\/wp\/v2\/pages\/341\/revisions"}],"predecessor-version":[{"id":350,"href":"https:\/\/pioyun.com.tr\/en\/wp-json\/wp\/v2\/pages\/341\/revisions\/350"}],"wp:attachment":[{"href":"https:\/\/pioyun.com.tr\/en\/wp-json\/wp\/v2\/media?parent=341"}],"curies":[{"name":"wp","href":"https:\/\/api.w.org\/{rel}","templated":true}]}}