{"id":333,"date":"2021-02-12T17:53:18","date_gmt":"2021-02-12T14:53:18","guid":{"rendered":"https:\/\/pioyun.com.tr\/?page_id=333"},"modified":"2021-02-18T14:36:12","modified_gmt":"2021-02-18T11:36:12","slug":"shipping-form","status":"publish","type":"page","link":"https:\/\/pioyun.com.tr\/en\/shipping-form\/","title":{"rendered":"Shipping Form"},"content":{"rendered":"\n<div class=\"wp-block-themeisle-blocks-advanced-columns has-1-columns has-desktop-equal-layout has-tablet-equal-layout has-mobile-equal-layout has-default-gap has-vertical-unset\" id=\"wp-block-themeisle-blocks-advanced-columns-bed47e3a\"><div class=\"wp-block-themeisle-blocks-advanced-columns-overlay\"><\/div><div class=\"innerblocks-wrap\">\n<div class=\"wp-block-themeisle-blocks-advanced-column\" id=\"wp-block-themeisle-blocks-advanced-column-7070ddf9\"><div class=\"wpforms-container wpforms-container-full wpforms-block\" id=\"wpforms-332\"><form id=\"wpforms-form-332\" class=\"wpforms-validate wpforms-form\" data-formid=\"332\" method=\"post\" enctype=\"multipart\/form-data\" action=\"\/en\/wp-json\/wp\/v2\/pages\/333\" data-token=\"366000b6a7a2386bfca5e0027856f303\" data-token-time=\"1778676081\"><noscript class=\"wpforms-error-noscript\">Please enable JavaScript in your browser to complete this form.<\/noscript><div class=\"wpforms-field-container\"><div id=\"wpforms-332-field_9-container\" class=\"wpforms-field wpforms-field-checkbox\" data-field-id=\"9\"><label class=\"wpforms-field-label\">Checkboxes<\/label><ul id=\"wpforms-332-field_9\"><li class=\"choice-1 depth-1\"><input type=\"checkbox\" id=\"wpforms-332-field_9_1\" name=\"wpforms[fields][9][]\" value=\"Owl\u2019s Eyes\"  ><label class=\"wpforms-field-label-inline\" for=\"wpforms-332-field_9_1\">Owl\u2019s Eyes<\/label><\/li><li class=\"choice-2 depth-1\"><input type=\"checkbox\" id=\"wpforms-332-field_9_2\" name=\"wpforms[fields][9][]\" value=\"Vur\/Devir\"  ><label class=\"wpforms-field-label-inline\" for=\"wpforms-332-field_9_2\">Vur\/Devir<\/label><\/li><li class=\"choice-3 depth-1\"><input type=\"checkbox\" id=\"wpforms-332-field_9_3\" name=\"wpforms[fields][9][]\" value=\"Veni Vidi Vici\"  ><label class=\"wpforms-field-label-inline\" for=\"wpforms-332-field_9_3\">Veni Vidi Vici<\/label><\/li><li class=\"choice-4 depth-1\"><input type=\"checkbox\" id=\"wpforms-332-field_9_4\" name=\"wpforms[fields][9][]\" value=\"Shark-Surf\"  ><label class=\"wpforms-field-label-inline\" for=\"wpforms-332-field_9_4\">Shark-Surf<\/label><\/li><li class=\"choice-5 depth-1\"><input type=\"checkbox\" id=\"wpforms-332-field_9_5\" name=\"wpforms[fields][9][]\" value=\"Yapars\u0131n A\u015fk\u0131m\"  ><label class=\"wpforms-field-label-inline\" for=\"wpforms-332-field_9_5\">Yapars\u0131n A\u015fk\u0131m<\/label><\/li><li class=\"choice-6 depth-1\"><input type=\"checkbox\" id=\"wpforms-332-field_9_6\" name=\"wpforms[fields][9][]\" value=\"Elektronik Dart\"  ><label class=\"wpforms-field-label-inline\" for=\"wpforms-332-field_9_6\">Elektronik Dart<\/label><\/li><li class=\"choice-7 depth-1\"><input type=\"checkbox\" id=\"wpforms-332-field_9_7\" name=\"wpforms[fields][9][]\" value=\"Movable Airsoft Polygon\"  ><label class=\"wpforms-field-label-inline\" for=\"wpforms-332-field_9_7\">Movable Airsoft Polygon<\/label><\/li><li class=\"choice-8 depth-1\"><input type=\"checkbox\" id=\"wpforms-332-field_9_8\" name=\"wpforms[fields][9][]\" value=\"Di\u011fer \u00dcr\u00fcnler\"  ><label class=\"wpforms-field-label-inline\" for=\"wpforms-332-field_9_8\">Di\u011fer \u00dcr\u00fcnler<\/label><\/li><\/ul><\/div><div id=\"wpforms-332-field_3-container\" class=\"wpforms-field wpforms-field-text\" data-field-id=\"3\"><label class=\"wpforms-field-label\" for=\"wpforms-332-field_3\">Firma Ad\u0131 <span class=\"wpforms-required-label\">*<\/span><\/label><input type=\"text\" id=\"wpforms-332-field_3\" class=\"wpforms-field-medium wpforms-field-required\" name=\"wpforms[fields][3]\" required><\/div><div id=\"wpforms-332-field_5-container\" class=\"wpforms-field wpforms-field-name\" data-field-id=\"5\"><label class=\"wpforms-field-label\">Ad Soyad <span class=\"wpforms-required-label\">*<\/span><\/label><div class=\"wpforms-field-row wpforms-field-medium\"><div class=\"wpforms-field-row-block wpforms-first wpforms-one-half\"><input type=\"text\" id=\"wpforms-332-field_5\" class=\"wpforms-field-name-first wpforms-field-required\" name=\"wpforms[fields][5][first]\" required><label for=\"wpforms-332-field_5\" class=\"wpforms-field-sublabel after\">First<\/label><\/div><div class=\"wpforms-field-row-block wpforms-one-half\"><input type=\"text\" id=\"wpforms-332-field_5-last\" class=\"wpforms-field-name-last wpforms-field-required\" name=\"wpforms[fields][5][last]\" required><label for=\"wpforms-332-field_5-last\" class=\"wpforms-field-sublabel after\">Last<\/label><\/div><\/div><\/div><div id=\"wpforms-332-field_6-container\" class=\"wpforms-field wpforms-field-email\" data-field-id=\"6\"><label class=\"wpforms-field-label\" for=\"wpforms-332-field_6\">Email <span class=\"wpforms-required-label\">*<\/span><\/label><input type=\"email\" id=\"wpforms-332-field_6\" class=\"wpforms-field-medium wpforms-field-required\" name=\"wpforms[fields][6]\" spellcheck=\"false\" required><\/div><div id=\"wpforms-332-field_7-container\" class=\"wpforms-field wpforms-field-number\" data-field-id=\"7\"><label class=\"wpforms-field-label\" for=\"wpforms-332-field_7\">Telefon numaras\u0131 <span class=\"wpforms-required-label\">*<\/span><\/label><input type=\"number\" id=\"wpforms-332-field_7\" class=\"wpforms-field-medium wpforms-field-required\" name=\"wpforms[fields][7]\" step=\"any\" required><\/div><\/div><!-- .wpforms-field-container --><div class=\"wpforms-submit-container\" ><input type=\"hidden\" name=\"wpforms[id]\" value=\"332\"><input type=\"hidden\" name=\"page_title\" value=\"\"><input type=\"hidden\" name=\"page_url\" value=\"https:\/\/pioyun.com.tr\/en\/wp-json\/wp\/v2\/pages\/333\"><input type=\"hidden\" name=\"url_referer\" value=\"\"><button type=\"submit\" name=\"wpforms[submit]\" id=\"wpforms-submit-332\" class=\"wpforms-submit\" data-alt-text=\"Sending...\" data-submit-text=\"G\u00f6nder\" aria-live=\"assertive\" value=\"wpforms-submit\">G\u00f6nder<\/button><\/div><\/form><\/div>  <!-- .wpforms-container --><\/div>\n<\/div><\/div>\n","protected":false},"excerpt":{"rendered":"","protected":false},"author":1,"featured_media":0,"parent":0,"menu_order":0,"comment_status":"closed","ping_status":"closed","template":"","meta":{"neve_meta_sidebar":"full-width","neve_meta_container":"","neve_meta_enable_content_width":"on","neve_meta_content_width":100,"neve_meta_title_alignment":"","neve_meta_author_avatar":"","neve_post_elements_order":"","neve_meta_disable_header":"","neve_meta_disable_footer":"","neve_meta_disable_title":"on","_themeisle_gutenberg_block_has_review":false,"footnotes":""},"class_list":["post-333","page","type-page","status-publish","hentry"],"yoast_head":"<!-- This site is optimized with the Yoast SEO plugin v27.6 - https:\/\/yoast.com\/product\/yoast-seo-wordpress\/ -->\n<title>Shipping Form - Pi Oyun ve Otomat Makinalar\u0131<\/title>\n<meta name=\"robots\" content=\"index, follow, max-snippet:-1, max-image-preview:large, max-video-preview:-1\" \/>\n<link rel=\"canonical\" href=\"https:\/\/pioyun.com.tr\/en\/shipping-form\/\" \/>\n<meta property=\"og:locale\" content=\"en_US\" \/>\n<meta property=\"og:type\" content=\"article\" \/>\n<meta property=\"og:title\" content=\"Shipping Form - Pi Oyun ve Otomat Makinalar\u0131\" \/>\n<meta property=\"og:url\" content=\"https:\/\/pioyun.com.tr\/en\/shipping-form\/\" \/>\n<meta property=\"og:site_name\" content=\"Pi Oyun ve Otomat Makinalar\u0131\" \/>\n<meta property=\"article:modified_time\" content=\"2021-02-18T11:36:12+00:00\" \/>\n<meta name=\"twitter:card\" content=\"summary_large_image\" \/>\n<script type=\"application\/ld+json\" class=\"yoast-schema-graph\">{\"@context\":\"https:\\\/\\\/schema.org\",\"@graph\":[{\"@type\":\"WebPage\",\"@id\":\"https:\\\/\\\/pioyun.com.tr\\\/shipping-form\\\/\",\"url\":\"https:\\\/\\\/pioyun.com.tr\\\/shipping-form\\\/\",\"name\":\"Shipping Form - Pi Oyun ve Otomat Makinalar\u0131\",\"isPartOf\":{\"@id\":\"https:\\\/\\\/pioyun.com.tr\\\/#website\"},\"datePublished\":\"2021-02-12T14:53:18+00:00\",\"dateModified\":\"2021-02-18T11:36:12+00:00\",\"breadcrumb\":{\"@id\":\"https:\\\/\\\/pioyun.com.tr\\\/shipping-form\\\/#breadcrumb\"},\"inLanguage\":\"en-US\",\"potentialAction\":[{\"@type\":\"ReadAction\",\"target\":[\"https:\\\/\\\/pioyun.com.tr\\\/shipping-form\\\/\"]}]},{\"@type\":\"BreadcrumbList\",\"@id\":\"https:\\\/\\\/pioyun.com.tr\\\/shipping-form\\\/#breadcrumb\",\"itemListElement\":[{\"@type\":\"ListItem\",\"position\":1,\"name\":\"Anasayfa\",\"item\":\"https:\\\/\\\/pioyun.com.tr\\\/\"},{\"@type\":\"ListItem\",\"position\":2,\"name\":\"Shipping Form\"}]},{\"@type\":\"WebSite\",\"@id\":\"https:\\\/\\\/pioyun.com.tr\\\/#website\",\"url\":\"https:\\\/\\\/pioyun.com.tr\\\/\",\"name\":\"Pi Oyun ve Otomat Makinalar\u0131\",\"description\":\"\",\"publisher\":{\"@id\":\"https:\\\/\\\/pioyun.com.tr\\\/#organization\"},\"potentialAction\":[{\"@type\":\"SearchAction\",\"target\":{\"@type\":\"EntryPoint\",\"urlTemplate\":\"https:\\\/\\\/pioyun.com.tr\\\/?s={search_term_string}\"},\"query-input\":{\"@type\":\"PropertyValueSpecification\",\"valueRequired\":true,\"valueName\":\"search_term_string\"}}],\"inLanguage\":\"en-US\"},{\"@type\":\"Organization\",\"@id\":\"https:\\\/\\\/pioyun.com.tr\\\/#organization\",\"name\":\"Pi Oyun ve Otomat Makinalar\u0131\",\"url\":\"https:\\\/\\\/pioyun.com.tr\\\/\",\"logo\":{\"@type\":\"ImageObject\",\"inLanguage\":\"en-US\",\"@id\":\"https:\\\/\\\/pioyun.com.tr\\\/#\\\/schema\\\/logo\\\/image\\\/\",\"url\":\"https:\\\/\\\/pioyun.com.tr\\\/wp-content\\\/uploads\\\/2021\\\/02\\\/pi-oyun-logo-youtube.png\",\"contentUrl\":\"https:\\\/\\\/pioyun.com.tr\\\/wp-content\\\/uploads\\\/2021\\\/02\\\/pi-oyun-logo-youtube.png\",\"width\":200,\"height\":201,\"caption\":\"Pi Oyun ve Otomat Makinalar\u0131\"},\"image\":{\"@id\":\"https:\\\/\\\/pioyun.com.tr\\\/#\\\/schema\\\/logo\\\/image\\\/\"},\"sameAs\":[\"https:\\\/\\\/www.instagram.com\\\/pioyun.com.tr\\\/\",\"https:\\\/\\\/www.youtube.com\\\/channel\\\/UCQiLtCDVegxIoJKS8mnVRKw\"]}]}<\/script>\n<!-- \/ Yoast SEO plugin. -->","yoast_head_json":{"title":"Shipping Form - Pi Oyun ve Otomat Makinalar\u0131","robots":{"index":"index","follow":"follow","max-snippet":"max-snippet:-1","max-image-preview":"max-image-preview:large","max-video-preview":"max-video-preview:-1"},"canonical":"https:\/\/pioyun.com.tr\/en\/shipping-form\/","og_locale":"en_US","og_type":"article","og_title":"Shipping Form - Pi Oyun ve Otomat Makinalar\u0131","og_url":"https:\/\/pioyun.com.tr\/en\/shipping-form\/","og_site_name":"Pi Oyun ve Otomat Makinalar\u0131","article_modified_time":"2021-02-18T11:36:12+00:00","twitter_card":"summary_large_image","schema":{"@context":"https:\/\/schema.org","@graph":[{"@type":"WebPage","@id":"https:\/\/pioyun.com.tr\/shipping-form\/","url":"https:\/\/pioyun.com.tr\/shipping-form\/","name":"Shipping Form - Pi Oyun ve Otomat Makinalar\u0131","isPartOf":{"@id":"https:\/\/pioyun.com.tr\/#website"},"datePublished":"2021-02-12T14:53:18+00:00","dateModified":"2021-02-18T11:36:12+00:00","breadcrumb":{"@id":"https:\/\/pioyun.com.tr\/shipping-form\/#breadcrumb"},"inLanguage":"en-US","potentialAction":[{"@type":"ReadAction","target":["https:\/\/pioyun.com.tr\/shipping-form\/"]}]},{"@type":"BreadcrumbList","@id":"https:\/\/pioyun.com.tr\/shipping-form\/#breadcrumb","itemListElement":[{"@type":"ListItem","position":1,"name":"Anasayfa","item":"https:\/\/pioyun.com.tr\/"},{"@type":"ListItem","position":2,"name":"Shipping Form"}]},{"@type":"WebSite","@id":"https:\/\/pioyun.com.tr\/#website","url":"https:\/\/pioyun.com.tr\/","name":"Pi Game and Vending Machines","description":"","publisher":{"@id":"https:\/\/pioyun.com.tr\/#organization"},"potentialAction":[{"@type":"SearchAction","target":{"@type":"EntryPoint","urlTemplate":"https:\/\/pioyun.com.tr\/?s={search_term_string}"},"query-input":{"@type":"PropertyValueSpecification","valueRequired":true,"valueName":"search_term_string"}}],"inLanguage":"en-US"},{"@type":"Organization","@id":"https:\/\/pioyun.com.tr\/#organization","name":"Pi Game and Vending Machines","url":"https:\/\/pioyun.com.tr\/","logo":{"@type":"ImageObject","inLanguage":"en-US","@id":"https:\/\/pioyun.com.tr\/#\/schema\/logo\/image\/","url":"https:\/\/pioyun.com.tr\/wp-content\/uploads\/2021\/02\/pi-oyun-logo-youtube.png","contentUrl":"https:\/\/pioyun.com.tr\/wp-content\/uploads\/2021\/02\/pi-oyun-logo-youtube.png","width":200,"height":201,"caption":"Pi Oyun ve Otomat Makinalar\u0131"},"image":{"@id":"https:\/\/pioyun.com.tr\/#\/schema\/logo\/image\/"},"sameAs":["https:\/\/www.instagram.com\/pioyun.com.tr\/","https:\/\/www.youtube.com\/channel\/UCQiLtCDVegxIoJKS8mnVRKw"]}]}},"_links":{"self":[{"href":"https:\/\/pioyun.com.tr\/en\/wp-json\/wp\/v2\/pages\/333","targetHints":{"allow":["GET"]}}],"collection":[{"href":"https:\/\/pioyun.com.tr\/en\/wp-json\/wp\/v2\/pages"}],"about":[{"href":"https:\/\/pioyun.com.tr\/en\/wp-json\/wp\/v2\/types\/page"}],"author":[{"embeddable":true,"href":"https:\/\/pioyun.com.tr\/en\/wp-json\/wp\/v2\/users\/1"}],"replies":[{"embeddable":true,"href":"https:\/\/pioyun.com.tr\/en\/wp-json\/wp\/v2\/comments?post=333"}],"version-history":[{"count":1,"href":"https:\/\/pioyun.com.tr\/en\/wp-json\/wp\/v2\/pages\/333\/revisions"}],"predecessor-version":[{"id":334,"href":"https:\/\/pioyun.com.tr\/en\/wp-json\/wp\/v2\/pages\/333\/revisions\/334"}],"wp:attachment":[{"href":"https:\/\/pioyun.com.tr\/en\/wp-json\/wp\/v2\/media?parent=333"}],"curies":[{"name":"wp","href":"https:\/\/api.w.org\/{rel}","templated":true}]}}