{"id":269,"date":"2021-02-07T19:19:55","date_gmt":"2021-02-07T16:19:55","guid":{"rendered":"https:\/\/pioyun.com.tr\/?page_id=269"},"modified":"2021-02-18T14:41:28","modified_gmt":"2021-02-18T11:41:28","slug":"teklif-alin","status":"publish","type":"page","link":"https:\/\/pioyun.com.tr\/en\/teklif-alin\/","title":{"rendered":"Get Offer"},"content":{"rendered":"\n<div class=\"wp-block-themeisle-blocks-advanced-columns has-1-columns has-desktop-equal-layout has-tablet-equal-layout has-mobile-equal-layout has-default-gap has-vertical-unset\" id=\"wp-block-themeisle-blocks-advanced-columns-b3d611b9\"><div class=\"wp-block-themeisle-blocks-advanced-columns-overlay\"><\/div><div class=\"innerblocks-wrap\">\n<div class=\"wp-block-themeisle-blocks-advanced-column\" id=\"wp-block-themeisle-blocks-advanced-column-c3778bc3\"><div class=\"wpforms-container wpforms-container-full wpforms-block\" id=\"wpforms-265\"><form id=\"wpforms-form-265\" class=\"wpforms-validate wpforms-form\" data-formid=\"265\" method=\"post\" enctype=\"multipart\/form-data\" action=\"\/en\/wp-json\/wp\/v2\/pages\/269\" data-token=\"5538fba2a76d86d323d045fff7cb09e0\" data-token-time=\"1776785117\"><noscript class=\"wpforms-error-noscript\">Please enable JavaScript in your browser to complete this form.<\/noscript><div class=\"wpforms-field-container\"><div id=\"wpforms-265-field_1-container\" class=\"wpforms-field wpforms-field-text\" data-field-id=\"1\"><label class=\"wpforms-field-label\" for=\"wpforms-265-field_1\">Firma Bilgisi <span class=\"wpforms-required-label\">*<\/span><\/label><input type=\"text\" id=\"wpforms-265-field_1\" class=\"wpforms-field-medium wpforms-field-required\" name=\"wpforms[fields][1]\" required><\/div><div id=\"wpforms-265-field_2-container\" class=\"wpforms-field wpforms-field-text\" data-field-id=\"2\"><label class=\"wpforms-field-label\" for=\"wpforms-265-field_2\">Yetkili Ad\u0131 <span class=\"wpforms-required-label\">*<\/span><\/label><input type=\"text\" id=\"wpforms-265-field_2\" class=\"wpforms-field-medium wpforms-field-required\" name=\"wpforms[fields][2]\" required><\/div><div id=\"wpforms-265-field_3-container\" class=\"wpforms-field wpforms-field-email\" data-field-id=\"3\"><label class=\"wpforms-field-label\" for=\"wpforms-265-field_3\">Email <span class=\"wpforms-required-label\">*<\/span><\/label><input type=\"email\" id=\"wpforms-265-field_3\" class=\"wpforms-field-medium wpforms-field-required\" name=\"wpforms[fields][3]\" spellcheck=\"false\" required><\/div><div id=\"wpforms-265-field_4-container\" class=\"wpforms-field wpforms-field-number\" data-field-id=\"4\"><label class=\"wpforms-field-label\" for=\"wpforms-265-field_4\">Telefon<\/label><input type=\"number\" id=\"wpforms-265-field_4\" class=\"wpforms-field-medium\" name=\"wpforms[fields][4]\" step=\"any\" ><\/div><div id=\"wpforms-265-field_5-container\" class=\"wpforms-field wpforms-field-textarea\" data-field-id=\"5\"><label class=\"wpforms-field-label\" for=\"wpforms-265-field_5\">\u0130stedi\u011finiz \u00dcr\u00fcn <span class=\"wpforms-required-label\">*<\/span><\/label><textarea id=\"wpforms-265-field_5\" class=\"wpforms-field-medium wpforms-field-required\" name=\"wpforms[fields][5]\" required><\/textarea><\/div><\/div><!-- .wpforms-field-container --><div class=\"wpforms-submit-container\" ><input type=\"hidden\" name=\"wpforms[id]\" value=\"265\"><input type=\"hidden\" name=\"page_title\" value=\"\"><input type=\"hidden\" name=\"page_url\" value=\"https:\/\/pioyun.com.tr\/en\/wp-json\/wp\/v2\/pages\/269\"><input type=\"hidden\" name=\"url_referer\" value=\"\"><button type=\"submit\" name=\"wpforms[submit]\" id=\"wpforms-submit-265\" class=\"wpforms-submit\" data-alt-text=\"Sending...\" data-submit-text=\"Teklif Al\" aria-live=\"assertive\" value=\"wpforms-submit\">Teklif Al<\/button><\/div><\/form><\/div>  <!-- .wpforms-container --><\/div>\n<\/div><\/div>\n","protected":false},"excerpt":{"rendered":"","protected":false},"author":1,"featured_media":0,"parent":0,"menu_order":0,"comment_status":"closed","ping_status":"closed","template":"","meta":{"neve_meta_sidebar":"full-width","neve_meta_container":"","neve_meta_enable_content_width":"on","neve_meta_content_width":100,"neve_meta_title_alignment":"","neve_meta_author_avatar":"","neve_post_elements_order":"","neve_meta_disable_header":"","neve_meta_disable_footer":"","neve_meta_disable_title":"on","_themeisle_gutenberg_block_has_review":false,"footnotes":""},"class_list":["post-269","page","type-page","status-publish","hentry"],"yoast_head":"<!-- This site is optimized with the Yoast SEO plugin v27.4 - https:\/\/yoast.com\/product\/yoast-seo-wordpress\/ -->\n<title>Teklif Al\u0131n - Pi Oyun ve Otomat Makinalar\u0131<\/title>\n<meta name=\"robots\" content=\"index, follow, max-snippet:-1, max-image-preview:large, max-video-preview:-1\" \/>\n<link rel=\"canonical\" href=\"https:\/\/pioyun.com.tr\/en\/teklif-alin\/\" \/>\n<meta property=\"og:locale\" content=\"en_US\" \/>\n<meta property=\"og:type\" content=\"article\" \/>\n<meta property=\"og:title\" content=\"Teklif Al\u0131n - Pi Oyun ve Otomat Makinalar\u0131\" \/>\n<meta property=\"og:url\" content=\"https:\/\/pioyun.com.tr\/en\/teklif-alin\/\" \/>\n<meta property=\"og:site_name\" content=\"Pi Oyun ve Otomat Makinalar\u0131\" \/>\n<meta property=\"article:modified_time\" content=\"2021-02-18T11:41:28+00:00\" \/>\n<meta name=\"twitter:card\" content=\"summary_large_image\" \/>\n<script type=\"application\/ld+json\" class=\"yoast-schema-graph\">{\"@context\":\"https:\\\/\\\/schema.org\",\"@graph\":[{\"@type\":\"WebPage\",\"@id\":\"https:\\\/\\\/pioyun.com.tr\\\/teklif-alin\\\/\",\"url\":\"https:\\\/\\\/pioyun.com.tr\\\/teklif-alin\\\/\",\"name\":\"Teklif Al\u0131n - Pi Oyun ve Otomat Makinalar\u0131\",\"isPartOf\":{\"@id\":\"https:\\\/\\\/pioyun.com.tr\\\/#website\"},\"datePublished\":\"2021-02-07T16:19:55+00:00\",\"dateModified\":\"2021-02-18T11:41:28+00:00\",\"breadcrumb\":{\"@id\":\"https:\\\/\\\/pioyun.com.tr\\\/teklif-alin\\\/#breadcrumb\"},\"inLanguage\":\"en-US\",\"potentialAction\":[{\"@type\":\"ReadAction\",\"target\":[\"https:\\\/\\\/pioyun.com.tr\\\/teklif-alin\\\/\"]}]},{\"@type\":\"BreadcrumbList\",\"@id\":\"https:\\\/\\\/pioyun.com.tr\\\/teklif-alin\\\/#breadcrumb\",\"itemListElement\":[{\"@type\":\"ListItem\",\"position\":1,\"name\":\"Anasayfa\",\"item\":\"https:\\\/\\\/pioyun.com.tr\\\/\"},{\"@type\":\"ListItem\",\"position\":2,\"name\":\"Teklif Al\u0131n\"}]},{\"@type\":\"WebSite\",\"@id\":\"https:\\\/\\\/pioyun.com.tr\\\/#website\",\"url\":\"https:\\\/\\\/pioyun.com.tr\\\/\",\"name\":\"Pi Oyun ve Otomat Makinalar\u0131\",\"description\":\"\",\"publisher\":{\"@id\":\"https:\\\/\\\/pioyun.com.tr\\\/#organization\"},\"potentialAction\":[{\"@type\":\"SearchAction\",\"target\":{\"@type\":\"EntryPoint\",\"urlTemplate\":\"https:\\\/\\\/pioyun.com.tr\\\/?s={search_term_string}\"},\"query-input\":{\"@type\":\"PropertyValueSpecification\",\"valueRequired\":true,\"valueName\":\"search_term_string\"}}],\"inLanguage\":\"en-US\"},{\"@type\":\"Organization\",\"@id\":\"https:\\\/\\\/pioyun.com.tr\\\/#organization\",\"name\":\"Pi Oyun ve Otomat Makinalar\u0131\",\"url\":\"https:\\\/\\\/pioyun.com.tr\\\/\",\"logo\":{\"@type\":\"ImageObject\",\"inLanguage\":\"en-US\",\"@id\":\"https:\\\/\\\/pioyun.com.tr\\\/#\\\/schema\\\/logo\\\/image\\\/\",\"url\":\"https:\\\/\\\/pioyun.com.tr\\\/wp-content\\\/uploads\\\/2021\\\/02\\\/pi-oyun-logo-youtube.png\",\"contentUrl\":\"https:\\\/\\\/pioyun.com.tr\\\/wp-content\\\/uploads\\\/2021\\\/02\\\/pi-oyun-logo-youtube.png\",\"width\":200,\"height\":201,\"caption\":\"Pi Oyun ve Otomat Makinalar\u0131\"},\"image\":{\"@id\":\"https:\\\/\\\/pioyun.com.tr\\\/#\\\/schema\\\/logo\\\/image\\\/\"},\"sameAs\":[\"https:\\\/\\\/www.instagram.com\\\/pioyun.com.tr\\\/\",\"https:\\\/\\\/www.youtube.com\\\/channel\\\/UCQiLtCDVegxIoJKS8mnVRKw\"]}]}<\/script>\n<!-- \/ Yoast SEO plugin. -->","yoast_head_json":{"title":"Teklif Al\u0131n - Pi Oyun ve Otomat Makinalar\u0131","robots":{"index":"index","follow":"follow","max-snippet":"max-snippet:-1","max-image-preview":"max-image-preview:large","max-video-preview":"max-video-preview:-1"},"canonical":"https:\/\/pioyun.com.tr\/en\/teklif-alin\/","og_locale":"en_US","og_type":"article","og_title":"Teklif Al\u0131n - Pi Oyun ve Otomat Makinalar\u0131","og_url":"https:\/\/pioyun.com.tr\/en\/teklif-alin\/","og_site_name":"Pi Oyun ve Otomat Makinalar\u0131","article_modified_time":"2021-02-18T11:41:28+00:00","twitter_card":"summary_large_image","schema":{"@context":"https:\/\/schema.org","@graph":[{"@type":"WebPage","@id":"https:\/\/pioyun.com.tr\/teklif-alin\/","url":"https:\/\/pioyun.com.tr\/teklif-alin\/","name":"Teklif Al\u0131n - Pi Oyun ve Otomat Makinalar\u0131","isPartOf":{"@id":"https:\/\/pioyun.com.tr\/#website"},"datePublished":"2021-02-07T16:19:55+00:00","dateModified":"2021-02-18T11:41:28+00:00","breadcrumb":{"@id":"https:\/\/pioyun.com.tr\/teklif-alin\/#breadcrumb"},"inLanguage":"en-US","potentialAction":[{"@type":"ReadAction","target":["https:\/\/pioyun.com.tr\/teklif-alin\/"]}]},{"@type":"BreadcrumbList","@id":"https:\/\/pioyun.com.tr\/teklif-alin\/#breadcrumb","itemListElement":[{"@type":"ListItem","position":1,"name":"Anasayfa","item":"https:\/\/pioyun.com.tr\/"},{"@type":"ListItem","position":2,"name":"Teklif Al\u0131n"}]},{"@type":"WebSite","@id":"https:\/\/pioyun.com.tr\/#website","url":"https:\/\/pioyun.com.tr\/","name":"Pi Game and Vending Machines","description":"","publisher":{"@id":"https:\/\/pioyun.com.tr\/#organization"},"potentialAction":[{"@type":"SearchAction","target":{"@type":"EntryPoint","urlTemplate":"https:\/\/pioyun.com.tr\/?s={search_term_string}"},"query-input":{"@type":"PropertyValueSpecification","valueRequired":true,"valueName":"search_term_string"}}],"inLanguage":"en-US"},{"@type":"Organization","@id":"https:\/\/pioyun.com.tr\/#organization","name":"Pi Game and Vending Machines","url":"https:\/\/pioyun.com.tr\/","logo":{"@type":"ImageObject","inLanguage":"en-US","@id":"https:\/\/pioyun.com.tr\/#\/schema\/logo\/image\/","url":"https:\/\/pioyun.com.tr\/wp-content\/uploads\/2021\/02\/pi-oyun-logo-youtube.png","contentUrl":"https:\/\/pioyun.com.tr\/wp-content\/uploads\/2021\/02\/pi-oyun-logo-youtube.png","width":200,"height":201,"caption":"Pi Oyun ve Otomat Makinalar\u0131"},"image":{"@id":"https:\/\/pioyun.com.tr\/#\/schema\/logo\/image\/"},"sameAs":["https:\/\/www.instagram.com\/pioyun.com.tr\/","https:\/\/www.youtube.com\/channel\/UCQiLtCDVegxIoJKS8mnVRKw"]}]}},"_links":{"self":[{"href":"https:\/\/pioyun.com.tr\/en\/wp-json\/wp\/v2\/pages\/269","targetHints":{"allow":["GET"]}}],"collection":[{"href":"https:\/\/pioyun.com.tr\/en\/wp-json\/wp\/v2\/pages"}],"about":[{"href":"https:\/\/pioyun.com.tr\/en\/wp-json\/wp\/v2\/types\/page"}],"author":[{"embeddable":true,"href":"https:\/\/pioyun.com.tr\/en\/wp-json\/wp\/v2\/users\/1"}],"replies":[{"embeddable":true,"href":"https:\/\/pioyun.com.tr\/en\/wp-json\/wp\/v2\/comments?post=269"}],"version-history":[{"count":1,"href":"https:\/\/pioyun.com.tr\/en\/wp-json\/wp\/v2\/pages\/269\/revisions"}],"predecessor-version":[{"id":270,"href":"https:\/\/pioyun.com.tr\/en\/wp-json\/wp\/v2\/pages\/269\/revisions\/270"}],"wp:attachment":[{"href":"https:\/\/pioyun.com.tr\/en\/wp-json\/wp\/v2\/media?parent=269"}],"curies":[{"name":"wp","href":"https:\/\/api.w.org\/{rel}","templated":true}]}}