{"id":201,"date":"2021-01-18T12:01:07","date_gmt":"2021-01-18T09:01:07","guid":{"rendered":"http:\/\/pioyun.com.tr\/?page_id=201"},"modified":"2021-02-18T14:41:54","modified_gmt":"2021-02-18T11:41:54","slug":"iletisim","status":"publish","type":"page","link":"https:\/\/pioyun.com.tr\/en\/iletisim\/","title":{"rendered":"Contact"},"content":{"rendered":"\n<div class=\"wp-block-cover alignfull has-nv-site-bg-background-color has-background-dim\" style=\"min-height:1282px;aspect-ratio:unset;\"><div class=\"wp-block-cover__inner-container is-layout-flow wp-block-cover-is-layout-flow\">\n<div style=\"height:80px\" aria-hidden=\"true\" class=\"wp-block-spacer\"><\/div>\n\n\n\n<div class=\"wp-block-columns is-layout-flex wp-container-core-columns-is-layout-9d6595d7 wp-block-columns-is-layout-flex\">\n<div class=\"wp-block-column ticss-4ce656f1 is-layout-flow wp-block-column-is-layout-flow\">\n<div style=\"height:24px\" aria-hidden=\"true\" class=\"wp-block-spacer\"><\/div>\n\n\n\n<div class=\"wp-block-image icon-style is-style-rounded\"><figure class=\"aligncenter size-large is-resized\"><img loading=\"lazy\" decoding=\"async\" src=\"https:\/\/s33834.pcdn.co\/wp-content\/uploads\/2020\/12\/phone-solid-1.svg\" alt=\"\" width=\"64\" height=\"64\"\/><\/figure><\/div>\n\n\n\n<h3 class=\"has-text-align-center has-neve-text-color-color has-text-color wp-block-heading\">Bizi Aray\u0131n<\/h3>\n\n\n\n<p class=\"has-text-align-center has-neve-text-color-color has-text-color\" style=\"font-size:15px\">+90 534 015 53 04 | Pazartesi &#8211; Cuma<\/p>\n\n\n\n<div style=\"height:24px\" aria-hidden=\"true\" class=\"wp-block-spacer\"><\/div>\n<\/div>\n\n\n\n<div class=\"wp-block-column ticss-f6fc7494 is-layout-flow wp-block-column-is-layout-flow\">\n<div style=\"height:24px\" aria-hidden=\"true\" class=\"wp-block-spacer\"><\/div>\n\n\n\n<div class=\"wp-block-image icon-style is-style-rounded\"><figure class=\"aligncenter size-large is-resized\"><img loading=\"lazy\" decoding=\"async\" src=\"https:\/\/s33834.pcdn.co\/wp-content\/uploads\/2020\/12\/at-solid-1.svg\" alt=\"\" width=\"64\" height=\"64\"\/><\/figure><\/div>\n\n\n\n<h3 class=\"has-text-align-center has-neve-text-color-color has-text-color wp-block-heading\">Email<\/h3>\n\n\n\n<p class=\"has-text-align-center has-neve-text-color-color has-text-color\" style=\"font-size:15px\">info@pioyun.com.tr<\/p>\n\n\n\n<div style=\"height:24px\" aria-hidden=\"true\" class=\"wp-block-spacer\"><\/div>\n<\/div>\n\n\n\n<div class=\"wp-block-column ticss-a5b4df29 is-layout-flow wp-block-column-is-layout-flow\">\n<div style=\"height:24px\" aria-hidden=\"true\" class=\"wp-block-spacer\"><\/div>\n\n\n\n<div class=\"wp-block-image icon-style is-style-rounded\"><figure class=\"aligncenter size-large is-resized\"><img loading=\"lazy\" decoding=\"async\" src=\"https:\/\/s33834.pcdn.co\/wp-content\/uploads\/2020\/12\/location.svg\" alt=\"\" width=\"64\" height=\"64\"\/><\/figure><\/div>\n\n\n\n<h3 class=\"has-text-align-center has-neve-text-color-color has-text-color wp-block-heading\">Ofis<\/h3>\n\n\n\n<p class=\"has-text-align-center has-neve-text-color-color has-text-color\" style=\"font-size:15px\">Mehtap mah. Okullar cd. No:47\/19 Mamak\/ANKARA<\/p>\n\n\n\n<div style=\"height:24px\" aria-hidden=\"true\" class=\"wp-block-spacer\"><\/div>\n<\/div>\n<\/div>\n\n\n\n<p class=\"wp-block-themeisle-blocks-font-awesome-icons\" id=\"wp-block-themeisle-blocks-font-awesome-icons-d38d635f\"><span class=\"wp-block-themeisle-blocks-font-awesome-icons-container\"><a href=\"https:\/\/www.youtube.com\/channel\/UCQiLtCDVegxIoJKS8mnVRKw\" target=\"_blank\" rel=\"noopener noreferrer\"><i class=\"fab fa-youtube\"><\/i><\/a><\/span><\/p>\n\n\n\n<p class=\"wp-block-themeisle-blocks-font-awesome-icons\" id=\"wp-block-themeisle-blocks-font-awesome-icons-d6f21c06\"><span class=\"wp-block-themeisle-blocks-font-awesome-icons-container\"><a href=\"https:\/\/www.instagram.com\/pioyun.com.tr\/\" target=\"_blank\" rel=\"noopener noreferrer\"><i class=\"fab fa-instagram\"><\/i><\/a><\/span><\/p>\n\n\n\n<figure class=\"wp-block-image size-large is-resized is-style-default\"><a href=\"https:\/\/www.google.com\/maps\/place\/39%C2%B055'49.2%22N+32%C2%B053'57.8%22E\/@39.9303786,32.8993147,18.25z\/data=!4m5!3m4!1s0x0:0x0!8m2!3d39.9301725!4d32.8994298\" target=\"_blank\" rel=\"noopener\"><img loading=\"lazy\" decoding=\"async\" src=\"https:\/\/pioyun.com.tr\/wp-content\/uploads\/2021\/01\/harita-1024x279.jpg\" alt=\"\" class=\"wp-image-209\" width=\"1167\" height=\"318\" srcset=\"https:\/\/pioyun.com.tr\/wp-content\/uploads\/2021\/01\/harita-1024x279.jpg 1024w, https:\/\/pioyun.com.tr\/wp-content\/uploads\/2021\/01\/harita-300x82.jpg 300w, https:\/\/pioyun.com.tr\/wp-content\/uploads\/2021\/01\/harita-768x210.jpg 768w, https:\/\/pioyun.com.tr\/wp-content\/uploads\/2021\/01\/harita-1536x419.jpg 1536w, https:\/\/pioyun.com.tr\/wp-content\/uploads\/2021\/01\/harita-600x164.jpg 600w, https:\/\/pioyun.com.tr\/wp-content\/uploads\/2021\/01\/harita.jpg 1920w\" sizes=\"auto, (max-width: 1167px) 100vw, 1167px\" \/><\/a><\/figure>\n\n\n\n<div style=\"height:100px\" aria-hidden=\"true\" class=\"wp-block-spacer\"><\/div>\n\n\n\n<figure class=\"wp-block-table\"><table><tbody><tr><td><\/td><td><\/td><\/tr><tr><td><span class=\"has-inline-color has-nv-dark-bg-color\"><strong>Banka Bilgilerimiz<br>Banka Ad\u0131 :<\/strong> Ziraat Bank<br><strong>M\u00fc\u015fteri Ad\u0131 :<\/strong> P\u0130 oyun ve otomat makinalar\u0131 g\u0131da ithalat ihracat Tic Ltd \u015eti<br><strong>Hesap No :<\/strong> 833-88474231-5001<br>TL : TR14 0001 0008 3388 4742 3150 01<br>USD : TR84 0001 0008 3388 4742 3150 02<br>EUR : TR57 0001 0008 3388 4742 3150 03<\/span><\/td><td><\/td><\/tr><\/tbody><\/table><\/figure>\n\n\n\n<p><\/p>\n<\/div><\/div>\n\n\n\n<p><strong>\u0130leti\u015fim Formu<\/strong><\/p>\n\n\n<div class=\"wpforms-container wpforms-container-full wpforms-block\" id=\"wpforms-214\"><form id=\"wpforms-form-214\" class=\"wpforms-validate wpforms-form\" data-formid=\"214\" method=\"post\" enctype=\"multipart\/form-data\" action=\"\/en\/wp-json\/wp\/v2\/pages\/201\" data-token=\"d548d1061981faba8343a149f31447bb\" data-token-time=\"1777223771\"><noscript class=\"wpforms-error-noscript\">Please enable JavaScript in your browser to complete this form.<\/noscript><div class=\"wpforms-field-container\"><div id=\"wpforms-214-field_0-container\" class=\"wpforms-field wpforms-field-name\" data-field-id=\"0\"><label class=\"wpforms-field-label\" for=\"wpforms-214-field_0\">Ad Soyad <span class=\"wpforms-required-label\">*<\/span><\/label><input type=\"text\" id=\"wpforms-214-field_0\" class=\"wpforms-field-medium wpforms-field-required\" name=\"wpforms[fields][0]\" required><\/div><div id=\"wpforms-214-field_1-container\" class=\"wpforms-field wpforms-field-email\" data-field-id=\"1\"><label class=\"wpforms-field-label\" for=\"wpforms-214-field_1\">Email <span class=\"wpforms-required-label\">*<\/span><\/label><input type=\"email\" id=\"wpforms-214-field_1\" class=\"wpforms-field-medium wpforms-field-required\" name=\"wpforms[fields][1]\" spellcheck=\"false\" required><\/div><div id=\"wpforms-214-field_2-container\" class=\"wpforms-field wpforms-field-textarea\" data-field-id=\"2\"><label class=\"wpforms-field-label\" for=\"wpforms-214-field_2\">\u0130letmek istedikleriniz. <span class=\"wpforms-required-label\">*<\/span><\/label><textarea id=\"wpforms-214-field_2\" class=\"wpforms-field-medium wpforms-field-required\" name=\"wpforms[fields][2]\" required><\/textarea><\/div><\/div><!-- .wpforms-field-container --><div class=\"wpforms-submit-container\" ><input type=\"hidden\" name=\"wpforms[id]\" value=\"214\"><input type=\"hidden\" name=\"page_title\" value=\"\"><input type=\"hidden\" name=\"page_url\" value=\"https:\/\/pioyun.com.tr\/en\/wp-json\/wp\/v2\/pages\/201\"><input type=\"hidden\" name=\"url_referer\" value=\"\"><button type=\"submit\" name=\"wpforms[submit]\" id=\"wpforms-submit-214\" class=\"wpforms-submit\" data-alt-text=\"G\u00f6nderiliyor.\" data-submit-text=\"G\u00f6nder\" aria-live=\"assertive\" value=\"wpforms-submit\">G\u00f6nder<\/button><\/div><\/form><\/div>  <!-- .wpforms-container -->","protected":false},"excerpt":{"rendered":"<p>Contact Form<\/p>","protected":false},"author":1,"featured_media":0,"parent":0,"menu_order":0,"comment_status":"closed","ping_status":"closed","template":"","meta":{"neve_meta_sidebar":"full-width","neve_meta_container":"","neve_meta_enable_content_width":"on","neve_meta_content_width":100,"neve_meta_title_alignment":"","neve_meta_author_avatar":"","neve_post_elements_order":"","neve_meta_disable_header":"","neve_meta_disable_footer":"","neve_meta_disable_title":"on","_themeisle_gutenberg_block_has_review":false,"footnotes":""},"class_list":["post-201","page","type-page","status-publish","hentry"],"yoast_head":"<!-- This site is optimized with the Yoast SEO plugin v27.4 - https:\/\/yoast.com\/product\/yoast-seo-wordpress\/ -->\n<title>\u0130leti\u015fim - Pi Oyun ve Otomat Makinalar\u0131<\/title>\n<meta name=\"robots\" content=\"index, follow, max-snippet:-1, max-image-preview:large, max-video-preview:-1\" \/>\n<link rel=\"canonical\" href=\"https:\/\/pioyun.com.tr\/en\/iletisim\/\" \/>\n<meta property=\"og:locale\" content=\"en_US\" \/>\n<meta property=\"og:type\" content=\"article\" \/>\n<meta property=\"og:title\" content=\"\u0130leti\u015fim - Pi Oyun ve Otomat Makinalar\u0131\" \/>\n<meta property=\"og:description\" content=\"\u0130leti\u015fim Formu\" \/>\n<meta property=\"og:url\" content=\"https:\/\/pioyun.com.tr\/en\/iletisim\/\" \/>\n<meta property=\"og:site_name\" content=\"Pi Oyun ve Otomat Makinalar\u0131\" \/>\n<meta property=\"article:modified_time\" content=\"2021-02-18T11:41:54+00:00\" \/>\n<meta property=\"og:image\" content=\"https:\/\/s33834.pcdn.co\/wp-content\/uploads\/2020\/12\/phone-solid-1.svg\" \/>\n<meta name=\"twitter:card\" content=\"summary_large_image\" \/>\n<meta name=\"twitter:label1\" content=\"Est. reading time\" \/>\n\t<meta name=\"twitter:data1\" content=\"2 minutes\" \/>\n<script type=\"application\/ld+json\" class=\"yoast-schema-graph\">{\"@context\":\"https:\\\/\\\/schema.org\",\"@graph\":[{\"@type\":\"WebPage\",\"@id\":\"https:\\\/\\\/pioyun.com.tr\\\/iletisim\\\/\",\"url\":\"https:\\\/\\\/pioyun.com.tr\\\/iletisim\\\/\",\"name\":\"\u0130leti\u015fim - Pi Oyun ve Otomat Makinalar\u0131\",\"isPartOf\":{\"@id\":\"https:\\\/\\\/pioyun.com.tr\\\/#website\"},\"primaryImageOfPage\":{\"@id\":\"https:\\\/\\\/pioyun.com.tr\\\/iletisim\\\/#primaryimage\"},\"image\":{\"@id\":\"https:\\\/\\\/pioyun.com.tr\\\/iletisim\\\/#primaryimage\"},\"thumbnailUrl\":\"https:\\\/\\\/s33834.pcdn.co\\\/wp-content\\\/uploads\\\/2020\\\/12\\\/phone-solid-1.svg\",\"datePublished\":\"2021-01-18T09:01:07+00:00\",\"dateModified\":\"2021-02-18T11:41:54+00:00\",\"breadcrumb\":{\"@id\":\"https:\\\/\\\/pioyun.com.tr\\\/iletisim\\\/#breadcrumb\"},\"inLanguage\":\"en-US\",\"potentialAction\":[{\"@type\":\"ReadAction\",\"target\":[\"https:\\\/\\\/pioyun.com.tr\\\/iletisim\\\/\"]}]},{\"@type\":\"ImageObject\",\"inLanguage\":\"en-US\",\"@id\":\"https:\\\/\\\/pioyun.com.tr\\\/iletisim\\\/#primaryimage\",\"url\":\"https:\\\/\\\/s33834.pcdn.co\\\/wp-content\\\/uploads\\\/2020\\\/12\\\/phone-solid-1.svg\",\"contentUrl\":\"https:\\\/\\\/s33834.pcdn.co\\\/wp-content\\\/uploads\\\/2020\\\/12\\\/phone-solid-1.svg\"},{\"@type\":\"BreadcrumbList\",\"@id\":\"https:\\\/\\\/pioyun.com.tr\\\/iletisim\\\/#breadcrumb\",\"itemListElement\":[{\"@type\":\"ListItem\",\"position\":1,\"name\":\"Anasayfa\",\"item\":\"https:\\\/\\\/pioyun.com.tr\\\/\"},{\"@type\":\"ListItem\",\"position\":2,\"name\":\"\u0130leti\u015fim\"}]},{\"@type\":\"WebSite\",\"@id\":\"https:\\\/\\\/pioyun.com.tr\\\/#website\",\"url\":\"https:\\\/\\\/pioyun.com.tr\\\/\",\"name\":\"Pi Oyun ve Otomat Makinalar\u0131\",\"description\":\"\",\"publisher\":{\"@id\":\"https:\\\/\\\/pioyun.com.tr\\\/#organization\"},\"potentialAction\":[{\"@type\":\"SearchAction\",\"target\":{\"@type\":\"EntryPoint\",\"urlTemplate\":\"https:\\\/\\\/pioyun.com.tr\\\/?s={search_term_string}\"},\"query-input\":{\"@type\":\"PropertyValueSpecification\",\"valueRequired\":true,\"valueName\":\"search_term_string\"}}],\"inLanguage\":\"en-US\"},{\"@type\":\"Organization\",\"@id\":\"https:\\\/\\\/pioyun.com.tr\\\/#organization\",\"name\":\"Pi Oyun ve Otomat Makinalar\u0131\",\"url\":\"https:\\\/\\\/pioyun.com.tr\\\/\",\"logo\":{\"@type\":\"ImageObject\",\"inLanguage\":\"en-US\",\"@id\":\"https:\\\/\\\/pioyun.com.tr\\\/#\\\/schema\\\/logo\\\/image\\\/\",\"url\":\"https:\\\/\\\/pioyun.com.tr\\\/wp-content\\\/uploads\\\/2021\\\/02\\\/pi-oyun-logo-youtube.png\",\"contentUrl\":\"https:\\\/\\\/pioyun.com.tr\\\/wp-content\\\/uploads\\\/2021\\\/02\\\/pi-oyun-logo-youtube.png\",\"width\":200,\"height\":201,\"caption\":\"Pi Oyun ve Otomat Makinalar\u0131\"},\"image\":{\"@id\":\"https:\\\/\\\/pioyun.com.tr\\\/#\\\/schema\\\/logo\\\/image\\\/\"},\"sameAs\":[\"https:\\\/\\\/www.instagram.com\\\/pioyun.com.tr\\\/\",\"https:\\\/\\\/www.youtube.com\\\/channel\\\/UCQiLtCDVegxIoJKS8mnVRKw\"]}]}<\/script>\n<!-- \/ Yoast SEO plugin. -->","yoast_head_json":{"title":"\u0130leti\u015fim - Pi Oyun ve Otomat Makinalar\u0131","robots":{"index":"index","follow":"follow","max-snippet":"max-snippet:-1","max-image-preview":"max-image-preview:large","max-video-preview":"max-video-preview:-1"},"canonical":"https:\/\/pioyun.com.tr\/en\/iletisim\/","og_locale":"en_US","og_type":"article","og_title":"\u0130leti\u015fim - Pi Oyun ve Otomat Makinalar\u0131","og_description":"\u0130leti\u015fim Formu","og_url":"https:\/\/pioyun.com.tr\/en\/iletisim\/","og_site_name":"Pi Oyun ve Otomat Makinalar\u0131","article_modified_time":"2021-02-18T11:41:54+00:00","og_image":[{"url":"https:\/\/s33834.pcdn.co\/wp-content\/uploads\/2020\/12\/phone-solid-1.svg","type":"","width":"","height":""}],"twitter_card":"summary_large_image","twitter_misc":{"Est. reading time":"2 minutes"},"schema":{"@context":"https:\/\/schema.org","@graph":[{"@type":"WebPage","@id":"https:\/\/pioyun.com.tr\/iletisim\/","url":"https:\/\/pioyun.com.tr\/iletisim\/","name":"\u0130leti\u015fim - Pi Oyun ve Otomat Makinalar\u0131","isPartOf":{"@id":"https:\/\/pioyun.com.tr\/#website"},"primaryImageOfPage":{"@id":"https:\/\/pioyun.com.tr\/iletisim\/#primaryimage"},"image":{"@id":"https:\/\/pioyun.com.tr\/iletisim\/#primaryimage"},"thumbnailUrl":"https:\/\/s33834.pcdn.co\/wp-content\/uploads\/2020\/12\/phone-solid-1.svg","datePublished":"2021-01-18T09:01:07+00:00","dateModified":"2021-02-18T11:41:54+00:00","breadcrumb":{"@id":"https:\/\/pioyun.com.tr\/iletisim\/#breadcrumb"},"inLanguage":"en-US","potentialAction":[{"@type":"ReadAction","target":["https:\/\/pioyun.com.tr\/iletisim\/"]}]},{"@type":"ImageObject","inLanguage":"en-US","@id":"https:\/\/pioyun.com.tr\/iletisim\/#primaryimage","url":"https:\/\/s33834.pcdn.co\/wp-content\/uploads\/2020\/12\/phone-solid-1.svg","contentUrl":"https:\/\/s33834.pcdn.co\/wp-content\/uploads\/2020\/12\/phone-solid-1.svg"},{"@type":"BreadcrumbList","@id":"https:\/\/pioyun.com.tr\/iletisim\/#breadcrumb","itemListElement":[{"@type":"ListItem","position":1,"name":"Anasayfa","item":"https:\/\/pioyun.com.tr\/"},{"@type":"ListItem","position":2,"name":"\u0130leti\u015fim"}]},{"@type":"WebSite","@id":"https:\/\/pioyun.com.tr\/#website","url":"https:\/\/pioyun.com.tr\/","name":"Pi Game and Vending Machines","description":"","publisher":{"@id":"https:\/\/pioyun.com.tr\/#organization"},"potentialAction":[{"@type":"SearchAction","target":{"@type":"EntryPoint","urlTemplate":"https:\/\/pioyun.com.tr\/?s={search_term_string}"},"query-input":{"@type":"PropertyValueSpecification","valueRequired":true,"valueName":"search_term_string"}}],"inLanguage":"en-US"},{"@type":"Organization","@id":"https:\/\/pioyun.com.tr\/#organization","name":"Pi Game and Vending Machines","url":"https:\/\/pioyun.com.tr\/","logo":{"@type":"ImageObject","inLanguage":"en-US","@id":"https:\/\/pioyun.com.tr\/#\/schema\/logo\/image\/","url":"https:\/\/pioyun.com.tr\/wp-content\/uploads\/2021\/02\/pi-oyun-logo-youtube.png","contentUrl":"https:\/\/pioyun.com.tr\/wp-content\/uploads\/2021\/02\/pi-oyun-logo-youtube.png","width":200,"height":201,"caption":"Pi Oyun ve Otomat Makinalar\u0131"},"image":{"@id":"https:\/\/pioyun.com.tr\/#\/schema\/logo\/image\/"},"sameAs":["https:\/\/www.instagram.com\/pioyun.com.tr\/","https:\/\/www.youtube.com\/channel\/UCQiLtCDVegxIoJKS8mnVRKw"]}]}},"_links":{"self":[{"href":"https:\/\/pioyun.com.tr\/en\/wp-json\/wp\/v2\/pages\/201","targetHints":{"allow":["GET"]}}],"collection":[{"href":"https:\/\/pioyun.com.tr\/en\/wp-json\/wp\/v2\/pages"}],"about":[{"href":"https:\/\/pioyun.com.tr\/en\/wp-json\/wp\/v2\/types\/page"}],"author":[{"embeddable":true,"href":"https:\/\/pioyun.com.tr\/en\/wp-json\/wp\/v2\/users\/1"}],"replies":[{"embeddable":true,"href":"https:\/\/pioyun.com.tr\/en\/wp-json\/wp\/v2\/comments?post=201"}],"version-history":[{"count":12,"href":"https:\/\/pioyun.com.tr\/en\/wp-json\/wp\/v2\/pages\/201\/revisions"}],"predecessor-version":[{"id":376,"href":"https:\/\/pioyun.com.tr\/en\/wp-json\/wp\/v2\/pages\/201\/revisions\/376"}],"wp:attachment":[{"href":"https:\/\/pioyun.com.tr\/en\/wp-json\/wp\/v2\/media?parent=201"}],"curies":[{"name":"wp","href":"https:\/\/api.w.org\/{rel}","templated":true}]}}